{"id":75599,"date":"2025-07-29T00:12:54","date_gmt":"2025-07-29T00:12:54","guid":{"rendered":"https:\/\/fv6qoy3ls0.wpdns.site\/product\/think-tank-urban-access-mochila-negra-de-13\/"},"modified":"2026-02-15T17:05:39","modified_gmt":"2026-02-15T17:05:39","slug":"think-tank-urban-access-mochila-negra-de-13","status":"publish","type":"product","link":"https:\/\/hi-techwonder.com\/es\/producto\/think-tank-urban-access-mochila-negra-de-13\/","title":{"rendered":"THINK TANK Urban Access Mochila negra de 13&#8243;"},"content":{"rendered":"<p><strong>LUCES<\/strong><\/p>\n<ul>\n<li>Admite DSLR o sin espejo y 4-5 lentes<\/li>\n<li>Acomoda lentes de 70-200 mm f\/2.8<\/li>\n<li>Sostiene la c\u00e1mara con una lente de 24-70 mm acoplada<\/li>\n<li>Amplio compartimento principal<\/li>\n<li>Acceso trasero y lateral<\/li>\n<li>Bolsillo para port\u00e1til de 13&#8243;, bolsillo superior<\/li>\n<li>M\u00faltiples bolsillos organizativos y laterales<\/li>\n<li>Correa de estern\u00f3n, cintur\u00f3n, copa de tr\u00edpode<\/li>\n<li>Paso para el asa del carro de equipaje<\/li>\n<li>Exterior resistente a la intemperie, cubierta para la lluvia<\/li>\n<\/ul>\n<p>Esta mochila negra Urban Access 13 de Think Tank es una bolsa de c\u00e1mara vers\u00e1til con un espacioso compartimento principal que puede acomodar una c\u00e1mara DSLR o sin espejo con una lente de 24-70mm f\/2.8 adjunta, cuatro o cinco lentes adicionales y un flash de montura de zapata.<\/p>\n<p>El acceso completo al compartimento principal y sus siete divisores extra\u00edbles es proporcionado por un panel con cremallera orientado hacia atr\u00e1s que se abre 180\u00b0 hacia abajo para revelar tambi\u00e9n una funda para computadora port\u00e1til de 13&#8243; con una solapa de retenci\u00f3n. Un panel con cremallera tambi\u00e9n permite art\u00edculos a lo largo del lado izquierdo del usuario Dentro de este panel, se pueden usar tres bolsillos de malla con cremallera para almacenar y organizar bater\u00edas de c\u00e1maras, tarjetas de memoria o dispositivos electr\u00f3nicos peque\u00f1os. Un panel adicional con cremallera a lo largo del lado derecho del usuario se abre para revelar un gran bolsillo organizativo de malla con cremallera, mientras que a lo largo del exterior de cada panel lateral con cremallera hay un bolsillo grande y abierto que puede contener una botella de agua de 1 litro.  Las tiras de tela est\u00e1n integradas dentro del borde de cada bolsillo.  <\/p>\n<p>Un bolsillo a lo largo del panel frontal del Urban Access 13 se abre y se expande para proporcionar capacidad para refrigerios, cuadernos o ropa plegable. Para otros art\u00edculos a los que se debe acceder de manera r\u00e1pida y conveniente, como un par de gafas de sol o auriculares para reproductores de m\u00fasica, se incluye un compartimento con cremallera con bolsillos organizativos de malla adicionales en la parte superior de la mochila. <\/p>\n<p>Adem\u00e1s de usarse como mochila, la Urban Access 13 se puede llevar con el asa superior integrada. Para un ajuste mejorado, se incluyen un cintur\u00f3n extra\u00edble y una correa de estern\u00f3n extra\u00edble. El cintur\u00f3n sirve para transferir peso de los hombros a las caderas para mayor comodidad, mientras que una correa para el estern\u00f3n limita a\u00fan m\u00e1s el movimiento involuntario alrededor del usuario cuando viaja por terrenos accidentados o irregulares. Las correas de los hombros y el cintur\u00f3n cuentan con un acolchado de malla 3D resistente y transpirable que amortigua al usuario con una estructura elevada que optimiza la circulaci\u00f3n del aire y minimiza la transpiraci\u00f3n en ambientes calurosos y calurosos. Con una construcci\u00f3n duradera de nailon y poli\u00e9ster, el Urban Access 13 est\u00e1 dise\u00f1ado para ser resistente a la intemperie e incluye una cubierta sellada para su uso en caso de lluvia intensa.    <\/p>\n<p><strong>Capacidad<\/strong><\/p>\n<ul>\n<li>Espacioso compartimento principal con siete divisores de gu\u00eda t\u00e1ctil que se pueden configurar para acomodar una c\u00e1mara DSLR o sin espejo con una lente de 24-70 mm f \/ 2.8 conectada, cuatro o cinco lentes adicionales y un flash con montura de zapata<\/li>\n<li>Compartimento interno para port\u00e1til de 13&#8243; con solapa de retenci\u00f3n<\/li>\n<li>Los paneles con cremallera a lo largo de cada lado se abren para revelar bolsillos organizativos de malla con cremallera que se pueden usar para almacenar y organizar bater\u00edas de c\u00e1maras, tarjetas de memoria o dispositivos electr\u00f3nicos peque\u00f1os<\/li>\n<li>Un bolsillo grande y abierto a lo largo del exterior de cada panel lateral con cremallera puede contener una botella de agua de 1 litro<\/li>\n<li>El bolsillo expandible a lo largo del panel frontal proporciona capacidad para refrigerios, cuadernos o ropa plegable<\/li>\n<li>&#8211; El compartimento superior con cremallera proporciona bolsillos organizativos de malla que brindan almacenamiento para art\u00edculos a los que se debe acceder de manera r\u00e1pida y conveniente<\/li>\n<li>Copa plegable para sostener la base de un tr\u00edpode o monopi\u00e9 atado a la parte delantera de la mochila<\/li>\n<li>Ajuste y manejo<\/li>\n<li>El acceso al compartimento de la c\u00e1mara se realiza mediante un panel con cremallera orientado hacia arriba con una apertura de 180\u00b0 hacia arriba<\/li>\n<li>La correa de estern\u00f3n extra\u00edble y el cintur\u00f3n extra\u00edble ayudan a distribuir el peso de manera uniforme<\/li>\n<li>El acolchado de malla a lo largo de la superficie posterior de la mochila, las correas para los hombros y el cintur\u00f3n amortiguan al usuario<\/li>\n<li>Siete divisores acolchados extra\u00edbles con cierre t\u00e1ctil permiten configurar el espacio del compartimento de la c\u00e1mara de acuerdo con el equipo espec\u00edfico colocado en el interior<\/li>\n<li>La tira de paso en el panel posterior permite montar toda la bolsa en una caja rodante que tiene un asa telesc\u00f3pica<\/li>\n<li>Construcci\u00f3n de nailon y poli\u00e9ster duradera y resistente a la intemperie<\/li>\n<li>Cubierta sellada para uso bajo lluvia intensa<\/li>\n<\/ul>\n<h2 class=\"western\" style=\"font-weight: normal;\"><span style=\"font-family: OpenSans, Segoe UI, Helvetica, Roboto, Arial, sans-serif;\"><span style=\"font-size: medium;\">Especificaciones de Think Tank Photo Urban Access 13<\/span><\/span><\/h2>\n<table border=\"0\" width=\"643\" cellspacing=\"0\" cellpadding=\"2\">\n<colgroup>\n<col width=\"148\">\n<col width=\"487\"><\/colgroup>\n<tbody>\n<tr>\n<td width=\"148\">\n<p style=\"border: none; padding: 0cm;\" align=\"LEFT\">Recursos<\/p>\n<\/td>\n<td width=\"487\">\n<p style=\"border: none; padding: 0cm;\">Clips para accesorios, divisores internos ajustables, compartimento para computadora port\u00e1til, divisores internos extra\u00edbles<\/p>\n<\/td>\n<\/tr>\n<tr>\n<td width=\"148\">\n<p style=\"border: none; padding: 0cm;\" align=\"LEFT\">Opciones de env\u00edo \/ transporte<\/p>\n<\/td>\n<td width=\"487\">\n<p style=\"border: none; padding: 0cm;\">Correas de mochila, correa de estern\u00f3n, correa superior, correa de tr\u00edpode, manga de carro, cintur\u00f3n<\/p>\n<\/td>\n<\/tr>\n<\/tbody>\n<\/table>\n<p style=\"margin-bottom: 0cm; border-top: none; border-bottom: 1pt solid #cdcdcd; border-left: none; border-right: none; padding: 0cm 0cm 0.05cm; line-height: 200%;\"><span style=\"font-family: OpenSans, Segoe UI, Helvetica, Roboto, Arial, sans-serif;\">Revistas<\/span><\/p>\n<table border=\"0\" width=\"522\" cellspacing=\"0\" cellpadding=\"2\">\n<colgroup>\n<col width=\"264\">\n<col width=\"250\"><\/colgroup>\n<tbody>\n<tr>\n<td width=\"264\">\n<p style=\"border: none; padding: 0cm;\" align=\"LEFT\">Tama\u00f1o de la pantalla del compartimento del port\u00e1til<\/p>\n<\/td>\n<td width=\"250\">\n<p style=\"border: none; padding: 0cm;\">13,0&#8243;<\/p>\n<\/td>\n<\/tr>\n<tr>\n<td width=\"264\">\n<p style=\"border: none; padding: 0cm;\" align=\"LEFT\">Dimensiones del compartimento de la computadora port\u00e1til \/ tableta<\/p>\n<\/td>\n<td width=\"250\">\n<p style=\"border: none; padding: 0cm;\">9,2 x 13,0 x 0,8&#8243; \/ 23,5 x 33,0 x 2,0 cm<\/p>\n<\/td>\n<\/tr>\n<\/tbody>\n<\/table>\n<p style=\"margin-bottom: 0cm; border-top: none; border-bottom: 1pt solid #cdcdcd; border-left: none; border-right: none; padding: 0cm 0cm 0.05cm; line-height: 200%;\"><span style=\"font-family: OpenSans, Segoe UI, Helvetica, Roboto, Arial, sans-serif;\">Exterior<\/span><\/p>\n<table border=\"0\" width=\"387\" cellspacing=\"0\" cellpadding=\"2\">\n<colgroup>\n<col width=\"136\">\n<col width=\"243\"><\/colgroup>\n<tbody>\n<tr>\n<td width=\"136\">\n<p style=\"border: none; padding: 0cm;\" align=\"LEFT\">Dimensiones externas<\/p>\n<\/td>\n<td width=\"243\">\n<p style=\"border: none; padding: 0cm;\">12,2 x 18,9 x 9,06&#8243; \/ 31 x 48 x 23 cm<\/p>\n<\/td>\n<\/tr>\n<tr>\n<td width=\"136\">\n<p style=\"border: none; padding: 0cm;\" align=\"LEFT\">Material externo<\/p>\n<\/td>\n<td width=\"243\">\n<p style=\"border: none; padding: 0cm;\">Nylon, Poli\u00e9ster, Poliuretano<\/p>\n<\/td>\n<\/tr>\n<tr>\n<td width=\"136\">\n<p style=\"border: none; padding: 0cm;\" align=\"LEFT\">Tipo de cierre<\/p>\n<\/td>\n<td width=\"243\">\n<p style=\"border: none; padding: 0cm;\">Cremallera<\/p>\n<\/td>\n<\/tr>\n<tr>\n<td width=\"136\">\n<p style=\"border: none; padding: 0cm;\" align=\"LEFT\">Resistencia al agua<\/p>\n<\/td>\n<td width=\"243\">\n<p style=\"border: none; padding: 0cm;\">Cubierta para la lluvia, material resistente al agua<\/p>\n<\/td>\n<\/tr>\n<\/tbody>\n<\/table>\n<p style=\"margin-bottom: 0cm; border-top: none; border-bottom: 1pt solid #cdcdcd; border-left: none; border-right: none; padding: 0cm 0cm 0.05cm; line-height: 200%;\"><span style=\"font-family: OpenSans, Segoe UI, Helvetica, Roboto, Arial, sans-serif;\">Interior<\/span><\/p>\n<table border=\"0\" width=\"394\" cellspacing=\"0\" cellpadding=\"2\">\n<colgroup>\n<col width=\"132\">\n<col width=\"254\"><\/colgroup>\n<tbody>\n<tr>\n<td width=\"132\">\n<p style=\"border: none; padding: 0cm;\" align=\"LEFT\">Dimensiones interiores<\/p>\n<\/td>\n<td width=\"254\">\n<p style=\"border: none; padding: 0cm;\">10,24 x 12,99 x 5,51&#8243; \/ 26 x 33 x 14 cm<\/p>\n<\/td>\n<\/tr>\n<tr>\n<td width=\"132\">\n<p style=\"border: none; padding: 0cm;\" align=\"LEFT\">Material interno<\/p>\n<\/td>\n<td width=\"254\">\n<p style=\"border: none; padding: 0cm;\">Nylon, Poliuretano<\/p>\n<\/td>\n<\/tr>\n<tr>\n<td width=\"132\">\n<p style=\"border: none; padding: 0cm;\" align=\"LEFT\">Peso<\/p>\n<\/td>\n<td width=\"254\">\n<p style=\"border: none; padding: 0cm;\">3,75 lb \/ 1,7 kg<\/p>\n<\/td>\n<\/tr>\n<\/tbody>\n<\/table>\n","protected":false},"excerpt":{"rendered":"<p>LUCES Admite DSLR o sin espejo y 4-5 lentes Acomoda lentes de 70-200 mm f\/2.8 Sostiene la c\u00e1mara con una<\/p>\n","protected":false},"featured_media":35514,"comment_status":"closed","ping_status":"open","template":"","meta":{"_acf_changed":false},"product_brand":[2645],"product_cat":[907],"product_tag":[],"class_list":{"0":"post-75599","1":"product","2":"type-product","3":"status-publish","4":"has-post-thumbnail","6":"product_brand-think-tank-es","7":"product_cat-mochilas-es","9":"first","10":"instock","11":"taxable","12":"shipping-taxable","13":"purchasable","14":"product-type-simple"},"bundled_by":[],"bundle_stock_status":"instock","bundle_stock_quantity":2,"bundle_virtual":false,"bundle_layout":"","bundle_add_to_cart_form_location":"","bundle_editable_in_cart":false,"bundle_sold_individually_context":"","bundle_item_grouping":"","bundle_min_size":"","bundle_max_size":"","bundle_price":[],"bundled_items":[],"bundle_sell_ids":[],"acf":[],"_links":{"self":[{"href":"https:\/\/hi-techwonder.com\/es\/wp-json\/wp\/v2\/product\/75599","targetHints":{"allow":["GET"]}}],"collection":[{"href":"https:\/\/hi-techwonder.com\/es\/wp-json\/wp\/v2\/product"}],"about":[{"href":"https:\/\/hi-techwonder.com\/es\/wp-json\/wp\/v2\/types\/product"}],"replies":[{"embeddable":true,"href":"https:\/\/hi-techwonder.com\/es\/wp-json\/wp\/v2\/comments?post=75599"}],"wp:featuredmedia":[{"embeddable":true,"href":"https:\/\/hi-techwonder.com\/es\/wp-json\/wp\/v2\/media\/35514"}],"wp:attachment":[{"href":"https:\/\/hi-techwonder.com\/es\/wp-json\/wp\/v2\/media?parent=75599"}],"wp:term":[{"taxonomy":"product_brand","embeddable":true,"href":"https:\/\/hi-techwonder.com\/es\/wp-json\/wp\/v2\/product_brand?post=75599"},{"taxonomy":"product_cat","embeddable":true,"href":"https:\/\/hi-techwonder.com\/es\/wp-json\/wp\/v2\/product_cat?post=75599"},{"taxonomy":"product_tag","embeddable":true,"href":"https:\/\/hi-techwonder.com\/es\/wp-json\/wp\/v2\/product_tag?post=75599"}],"curies":[{"name":"wp","href":"https:\/\/api.w.org\/{rel}","templated":true}]}}