{"id":75600,"date":"2025-07-29T00:13:15","date_gmt":"2025-07-29T00:13:15","guid":{"rendered":"https:\/\/fv6qoy3ls0.wpdns.site\/product\/think-tank-funda-para-lluvia-mindshift-rotation-34l\/"},"modified":"2025-09-30T09:25:16","modified_gmt":"2025-09-30T09:25:16","slug":"think-tank-funda-para-lluvia-mindshift-rotation-34l","status":"publish","type":"product","link":"https:\/\/hi-techwonder.com\/es\/producto\/think-tank-funda-para-lluvia-mindshift-rotation-34l\/","title":{"rendered":"THINK TANK Funda para lluvia Mindshift Rotation 34L"},"content":{"rendered":"<p><strong>Think Tank Mindshift Rotation 34L &#8211; Chubasquero<\/strong><\/p>\n<p><strong>Caracter\u00edsticas principales:<\/strong><\/p>\n<ul>\n<li>2 Chubasqueros sellados, separados, para la mochila y el bolso.<\/li>\n<li>La rotaci\u00f3n de la bolsa sigue funcionando incluso con la cubierta de lluvia puesta.<\/li>\n<li>Dimensionado para cubrir la mayor\u00eda de los tr\u00edpodes fotogr\u00e1ficos colocados en la mochila.<\/li>\n<li>M\u00e1xima protecci\u00f3n contra la lluvia, la nieve, la suciedad.<\/li>\n<li>Correas integradas para proteger los impermeables para empacar.<\/li>\n<li>Tejido DWR tratado para mayor protecci\u00f3n contra los elementos.<\/li>\n<\/ul>\n<p>Dise\u00f1ada espec\u00edficamente para adaptarse a tu mochila fotogr\u00e1fica Rotation 180 34L, la chaqueta impermeable Think Tank ofrece la m\u00e1xima protecci\u00f3n contra la lluvia, la nieve y la suciedad, al tiempo que permite la funcionalidad completa del paquete de c\u00e1mara giratoria, para que no te pierdas ning\u00fan rendimiento. El dise\u00f1o de dos piezas cubre la mochila principal y la bolsa secundaria de la c\u00e1mara. Para mayor comodidad, el estuche tiene el tama\u00f1o adecuado para acomodar y cubrir la mayor\u00eda de los tr\u00edpodes fotogr\u00e1ficos que se llevan en el exterior de la mochila.  &nbsp;<\/p>\n","protected":false},"excerpt":{"rendered":"<p>Think Tank Mindshift Rotation 34L &#8211; Chubasquero Caracter\u00edsticas principales: 2 Chubasqueros sellados, separados, para la mochila y el bolso. La<\/p>\n","protected":false},"featured_media":35708,"comment_status":"closed","ping_status":"closed","template":"","meta":{"_acf_changed":false},"product_brand":[2645],"product_cat":[1069],"product_tag":[],"class_list":{"0":"post-75600","1":"product","2":"type-product","3":"status-publish","4":"has-post-thumbnail","6":"product_brand-think-tank-es","7":"product_cat-fundas-de-lluvia","9":"first","10":"onbackorder","11":"taxable","12":"shipping-taxable","13":"purchasable","14":"product-type-simple"},"bundled_by":[],"bundle_stock_status":"onbackorder","bundle_stock_quantity":null,"bundle_virtual":false,"bundle_layout":"","bundle_add_to_cart_form_location":"","bundle_editable_in_cart":false,"bundle_sold_individually_context":"","bundle_item_grouping":"","bundle_min_size":"","bundle_max_size":"","bundle_price":[],"bundled_items":[],"bundle_sell_ids":[],"acf":[],"_links":{"self":[{"href":"https:\/\/hi-techwonder.com\/es\/wp-json\/wp\/v2\/product\/75600","targetHints":{"allow":["GET"]}}],"collection":[{"href":"https:\/\/hi-techwonder.com\/es\/wp-json\/wp\/v2\/product"}],"about":[{"href":"https:\/\/hi-techwonder.com\/es\/wp-json\/wp\/v2\/types\/product"}],"replies":[{"embeddable":true,"href":"https:\/\/hi-techwonder.com\/es\/wp-json\/wp\/v2\/comments?post=75600"}],"wp:featuredmedia":[{"embeddable":true,"href":"https:\/\/hi-techwonder.com\/es\/wp-json\/wp\/v2\/media\/35708"}],"wp:attachment":[{"href":"https:\/\/hi-techwonder.com\/es\/wp-json\/wp\/v2\/media?parent=75600"}],"wp:term":[{"taxonomy":"product_brand","embeddable":true,"href":"https:\/\/hi-techwonder.com\/es\/wp-json\/wp\/v2\/product_brand?post=75600"},{"taxonomy":"product_cat","embeddable":true,"href":"https:\/\/hi-techwonder.com\/es\/wp-json\/wp\/v2\/product_cat?post=75600"},{"taxonomy":"product_tag","embeddable":true,"href":"https:\/\/hi-techwonder.com\/es\/wp-json\/wp\/v2\/product_tag?post=75600"}],"curies":[{"name":"wp","href":"https:\/\/api.w.org\/{rel}","templated":true}]}}