{"id":75601,"date":"2025-07-29T00:12:54","date_gmt":"2025-07-29T00:12:54","guid":{"rendered":"https:\/\/fv6qoy3ls0.wpdns.site\/product\/think-tank-mochila-backstory-13\/"},"modified":"2025-07-29T00:12:54","modified_gmt":"2025-07-29T00:12:54","slug":"think-tank-mochila-backstory-13","status":"publish","type":"product","link":"https:\/\/hi-techwonder.com\/es\/producto\/think-tank-mochila-backstory-13\/","title":{"rendered":"THINK TANK Mochila BackStory 13"},"content":{"rendered":"<p><strong>THINK TANK Mochila BackStory 13<\/strong><\/p>\n<p>Un compartimento frontal profundo con bolsillos de malla con cremallera proporciona mucho espacio para art\u00edculos personales, incluida una tableta de 25,4 cm \/ 10 \u00aby una computadora port\u00e1til de 33 cm \/ 13\u00bb.<\/p>\n<p>El panel trasero abatible del BackStory 13 proporciona acceso completo a su equipo.<\/p>\n<p>Con su cintur\u00f3n de hombro suave y cintur\u00f3n extra\u00edble, el BackStory es c\u00f3modo de usar todo el d\u00eda.<\/p>\n<p><strong>CARACTER\u00cdSTICAS PRINCIPALES :<\/strong><\/p>\n<p>Acceso r\u00e1pido al panel superior y acceso completo al panel posterior para el equipo de c\u00e1mara.<\/p>\n<p>Bolsillo dedicado para computadora port\u00e1til y compartimento para tableta.<\/p>\n<p>Amplio bolsillo frontal para art\u00edculos ligeros u otros art\u00edculos personales.<\/p>\n<p><strong>Caracter\u00edsticas t\u00e9cnicas:<\/strong><\/p>\n<p><strong>Dimensiones interiores<\/strong><\/p>\n<p><strong>&nbsp;<\/strong>25 x 36 x 15 cm (9,8&#8243; de ancho x 14,2&#8243; de alto x 5,9&#8243; de profundidad)<\/p>\n<p><strong>Dimensiones exteriores<\/strong><\/p>\n<p>&nbsp;26 x 43 x 18 cm (10,2&#8243; de ancho x 16,9&#8243; de alto x 7,1&#8243; de profundidad)<\/p>\n<p><strong>Bolsa port\u00e1til (tama\u00f1o hasta 13&#8243;):<\/strong><\/p>\n<p>23 x 34 x 2,5 cm (9,1&#8243; de ancho x 13,4&#8243; de alto x 1,0&#8243; de profundidad)<\/p>\n<p><strong>Peso: 1,3 kg<\/strong><\/p>\n","protected":false},"excerpt":{"rendered":"<p>THINK TANK Mochila BackStory 13 Un compartimento frontal profundo con bolsillos de malla con cremallera proporciona mucho espacio para art\u00edculos<\/p>\n","protected":false},"featured_media":35517,"comment_status":"closed","ping_status":"open","template":"","meta":{"_acf_changed":false},"product_brand":[2645],"product_cat":[907],"product_tag":[],"class_list":{"0":"post-75601","1":"product","2":"type-product","3":"status-publish","4":"has-post-thumbnail","6":"product_brand-think-tank-es","7":"product_cat-mochilas-es","9":"first","10":"onbackorder","11":"taxable","12":"shipping-taxable","13":"purchasable","14":"product-type-simple"},"bundled_by":[],"bundle_stock_status":"onbackorder","bundle_stock_quantity":0,"bundle_virtual":false,"bundle_layout":"","bundle_add_to_cart_form_location":"","bundle_editable_in_cart":false,"bundle_sold_individually_context":"","bundle_item_grouping":"","bundle_min_size":"","bundle_max_size":"","bundle_price":[],"bundled_items":[],"bundle_sell_ids":[],"acf":[],"_links":{"self":[{"href":"https:\/\/hi-techwonder.com\/es\/wp-json\/wp\/v2\/product\/75601","targetHints":{"allow":["GET"]}}],"collection":[{"href":"https:\/\/hi-techwonder.com\/es\/wp-json\/wp\/v2\/product"}],"about":[{"href":"https:\/\/hi-techwonder.com\/es\/wp-json\/wp\/v2\/types\/product"}],"replies":[{"embeddable":true,"href":"https:\/\/hi-techwonder.com\/es\/wp-json\/wp\/v2\/comments?post=75601"}],"wp:featuredmedia":[{"embeddable":true,"href":"https:\/\/hi-techwonder.com\/es\/wp-json\/wp\/v2\/media\/35517"}],"wp:attachment":[{"href":"https:\/\/hi-techwonder.com\/es\/wp-json\/wp\/v2\/media?parent=75601"}],"wp:term":[{"taxonomy":"product_brand","embeddable":true,"href":"https:\/\/hi-techwonder.com\/es\/wp-json\/wp\/v2\/product_brand?post=75601"},{"taxonomy":"product_cat","embeddable":true,"href":"https:\/\/hi-techwonder.com\/es\/wp-json\/wp\/v2\/product_cat?post=75601"},{"taxonomy":"product_tag","embeddable":true,"href":"https:\/\/hi-techwonder.com\/es\/wp-json\/wp\/v2\/product_tag?post=75601"}],"curies":[{"name":"wp","href":"https:\/\/api.w.org\/{rel}","templated":true}]}}