{"id":75602,"date":"2025-07-29T00:13:15","date_gmt":"2025-07-29T00:13:15","guid":{"rendered":"https:\/\/fv6qoy3ls0.wpdns.site\/product\/think-tank-mochila-mindshift-backlight-18l-gris\/"},"modified":"2025-09-11T09:39:30","modified_gmt":"2025-09-11T09:39:30","slug":"think-tank-mochila-mindshift-backlight-18l-gris","status":"publish","type":"product","link":"https:\/\/hi-techwonder.com\/es\/producto\/think-tank-mochila-mindshift-backlight-18l-gris\/","title":{"rendered":"THINK TANK Mochila Mindshift BackLight 18L &#8211; Gris"},"content":{"rendered":"<p><strong>Think Tank <\/strong><strong> <\/strong><strong>Mochila Mindshift <\/strong><strong style=\"font-size: 18.6667px;\">BackLight 18L &#8211; Gris<\/strong><\/p>\n<p><strong>Caracter\u00edsticas principales:&nbsp;<\/strong><\/p>\n<ul>\n<li>Sostiene DSLR, 2 a 3 lentes y Flash.<\/li>\n<li>Compatible con port\u00e1tiles de hasta 8,9&#8243; (22,5 x 35 x 2,1 cm).<\/li>\n<li>Compatible con tableta de 8,7&#8243; (22 x 26 x 1,5 cm).<\/li>\n<li>Cintur\u00f3n para un acceso r\u00e1pido a la mochila.<\/li>\n<li>Divisores internos acolchados.<\/li>\n<li>Bolsillo frontal para laptop, tablets, y otros.<\/li>\n<li>Bolsillos laterales dobles con correas.<\/li>\n<li>Peque\u00f1o bolsillo superior para accesorios.<\/li>\n<li>Correa y cintur\u00f3n de hombro con conector.<\/li>\n<li>Fijaci\u00f3n de tr\u00edpode frontal y lateral.<\/li>\n<li>Los tiradores de cremallera ergon\u00f3micos para facilitar su uso con guantes o durante situaciones de clima fr\u00edo.<\/li>\n<li>Compatible con kit de suspensi\u00f3n de tr\u00edpode, nido de filtro\/colmena y estuche de interruptores.<\/li>\n<\/ul>\n<p>Los fot\u00f3grafos de exteriores pueden esperar un alto grado de comodidad y f\u00e1cil acceso al equipo con la mochila Charcoal BackLight 18L de MindShift Gear. Este paquete tiene un compartimento trasero acolchado con divisores t\u00e1ctiles para almacenar y organizar una c\u00e1mara DSLR o sin espejo de tama\u00f1o est\u00e1ndar, con dos o tres lentes, un flash y espacio para una variedad de accesorios adicionales. Se puede acceder a este compartimento abriendo el panel trasero. Al deslizar las correas y usar el cintur\u00f3n para girar la mochila frente a usted, la mochila estar\u00e1 en posici\u00f3n horizontal, similar a una mesa. Esta funci\u00f3n le permite acceder r\u00e1pidamente a su equipo sin tener que quitarse la mochila. Debajo de la tapa del compartimento trasero hay dos bolsillos para accesorios con una cremallera transparente para accesorios como tarjetas de memoria y bater\u00edas.     <\/p>\n<p>El segundo compartimento grande en la parte delantera de la mochila cuenta con fundas acolchadas para una computadora port\u00e1til de hasta 8.9 &#8220;y una tableta de tama\u00f1o completo de hasta 8.7&#8221;. Tambi\u00e9n cuenta con un panel de organizaci\u00f3n con bolsillos abiertos y espacio para una variedad de equipos personales, como ropa y refrigerios. En la parte superior de la mochila hay bolsillos para su tel\u00e9fono, billetera y otros art\u00edculos que desea tener a mano. A ambos lados de la mochila hay bolsillos deslizantes con una correa para guardar botellas de agua de hasta 0,95L o un par de guantes. Los bolsillos delanteros son \u00fatiles para los elementos esenciales del sendero como la luz, los cargadores y las barritas energ\u00e9ticas. Las correas de compresi\u00f3n laterales se utilizan para mantener la carga firme y brindar m\u00e1s seguridad al transportar su equipo. Dos margaritas frontales y bucles de sujeci\u00f3n son adecuados para sujetar muchos tipos de equipos.      <\/p>\n<p>Puedes llevar tu mochila Backlight con la correa superior o llevarla en la espalda con correas ajustables, conector de pecho y cintur\u00f3n acolchado. Para mayor comodidad, las correas son curvas y el panel trasero cuenta con malla acolchada y canales de flujo de aire. Dise\u00f1ado para la eficiencia, el cintur\u00f3n tiene un riel para sujetar accesorios MindShift opcionales u otros equipos y se puede quitar cuando sea necesario a trav\u00e9s de su hebilla de liberaci\u00f3n r\u00e1pida. Con un exterior hecho de nailon 420D repelente al agua, malla de aire 350G, cremalleras YKK y otros materiales, esta mochila es duradera y se puede implementar de manera segura en la mayor\u00eda de las condiciones clim\u00e1ticas.   <\/p>\n<p><strong>Especificaciones Think Tank Mochila Mindshift BackLight 18L &#8211; Gris<\/strong><\/p>\n<table style=\"border-collapse: collapse; width: 99.9795%; height: 463.427px;\" border=\"1\">\n<tbody>\n<tr style=\"height: 22.3958px;\">\n<td style=\"width: 49.1758%; height: 22.3958px;\">Opciones de carga\/transporte<\/td>\n<td style=\"width: 49.1758%; height: 22.3958px;\">Correas de mochila, correa, cintur\u00f3n<\/td>\n<\/tr>\n<tr style=\"height: 22.3958px;\">\n<td style=\"width: 49.1758%; height: 22.3958px;\">Color<\/td>\n<td style=\"width: 49.1758%; height: 22.3958px;\">Gris<\/td>\n<\/tr>\n<tr style=\"height: 22.3958px;\">\n<td style=\"width: 49.1758%; height: 22.3958px;\">Tipo de cierre<\/td>\n<td style=\"width: 49.1758%; height: 22.3958px;\">Cremallera<\/td>\n<\/tr>\n<tr style=\"height: 92.7604px;\">\n<td style=\"width: 49.1758%; height: 92.7604px;\">Compartimento para ordenador port\u00e1til\/tableta<\/td>\n<td style=\"width: 49.1758%; height: 92.7604px;\">\n<p>Compartimento 1: Se adapta a un port\u00e1til de 8,9&#8243; (22,5 x 35 x 2,1 cm)<\/p>\n<p>Compartimento 2: Se adapta a una tableta de 8,7&#8243; (22 x 26 x 1,5 cm)<\/p>\n<\/td>\n<\/tr>\n<tr style=\"height: 22.3958px;\">\n<td style=\"width: 49.1758%; height: 22.3958px;\">Tipo de interior<\/td>\n<td style=\"width: 49.1758%; height: 22.3958px;\">Divisores ajustables (gancho y bucle)<\/td>\n<\/tr>\n<tr style=\"height: 22.3958px;\">\n<td style=\"width: 49.1758%; height: 22.3958px;\">Montura de monopi\u00e9 \/ tr\u00edpode<\/td>\n<td style=\"width: 49.1758%; height: 22.3958px;\">S\u00ed<\/td>\n<\/tr>\n<tr style=\"height: 22.3958px;\">\n<td style=\"width: 49.1758%; height: 22.3958px;\">Resistencia al agua<\/td>\n<td style=\"width: 49.1758%; height: 22.3958px;\">Resistente al agua (material), cubierta de lluvia<\/td>\n<\/tr>\n<tr style=\"height: 22.3958px;\">\n<td style=\"width: 49.1758%; height: 22.3958px;\">Volumen m\u00e1ximo<\/td>\n<td style=\"width: 49.1758%; height: 22.3958px;\">18 litros<\/td>\n<\/tr>\n<tr style=\"height: 92.7604px;\">\n<td style=\"width: 49.1758%; height: 92.7604px;\">Materiales  <\/td>\n<td style=\"width: 49.1758%; height: 92.7604px;\">\n<p>Exterior: Nylon<\/p>\n<p>Interior: Espuma, Nylon<\/p>\n<\/td>\n<\/tr>\n<tr style=\"height: 92.7604px;\">\n<td style=\"width: 49.1758%; height: 92.7604px;\">Dimensiones<\/td>\n<td style=\"width: 49.1758%; height: 92.7604px;\">\n<p>Exterior: 27 x 47 x 18 cm<\/p>\n<p>Interior: 24 x 42,5 x 14 cm<\/p>\n<\/td>\n<\/tr>\n<tr style=\"height: 28.375px;\">\n<td style=\"width: 49.1758%; height: 28.375px;\">Peso<\/td>\n<td style=\"width: 49.1758%; height: 28.375px;\">\n<p>1,6 kg<\/p>\n<\/td>\n<\/tr>\n<\/tbody>\n<\/table>\n","protected":false},"excerpt":{"rendered":"<p>Think Tank Mochila Mindshift BackLight 18L &#8211; Gris Caracter\u00edsticas principales:&nbsp; Sostiene DSLR, 2 a 3 lentes y Flash. Compatible con<\/p>\n","protected":false},"featured_media":35716,"comment_status":"closed","ping_status":"open","template":"","meta":{"_acf_changed":false},"product_brand":[2645],"product_cat":[907],"product_tag":[],"class_list":{"0":"post-75602","1":"product","2":"type-product","3":"status-publish","4":"has-post-thumbnail","6":"product_brand-think-tank-es","7":"product_cat-mochilas-es","9":"first","10":"pre-order","11":"taxable","12":"shipping-taxable","13":"purchasable","14":"product-type-simple"},"bundled_by":[],"bundle_stock_status":"pre-order","bundle_stock_quantity":null,"bundle_virtual":false,"bundle_layout":"","bundle_add_to_cart_form_location":"","bundle_editable_in_cart":false,"bundle_sold_individually_context":"","bundle_item_grouping":"","bundle_min_size":"","bundle_max_size":"","bundle_price":[],"bundled_items":[],"bundle_sell_ids":[],"acf":[],"_links":{"self":[{"href":"https:\/\/hi-techwonder.com\/es\/wp-json\/wp\/v2\/product\/75602","targetHints":{"allow":["GET"]}}],"collection":[{"href":"https:\/\/hi-techwonder.com\/es\/wp-json\/wp\/v2\/product"}],"about":[{"href":"https:\/\/hi-techwonder.com\/es\/wp-json\/wp\/v2\/types\/product"}],"replies":[{"embeddable":true,"href":"https:\/\/hi-techwonder.com\/es\/wp-json\/wp\/v2\/comments?post=75602"}],"wp:featuredmedia":[{"embeddable":true,"href":"https:\/\/hi-techwonder.com\/es\/wp-json\/wp\/v2\/media\/35716"}],"wp:attachment":[{"href":"https:\/\/hi-techwonder.com\/es\/wp-json\/wp\/v2\/media?parent=75602"}],"wp:term":[{"taxonomy":"product_brand","embeddable":true,"href":"https:\/\/hi-techwonder.com\/es\/wp-json\/wp\/v2\/product_brand?post=75602"},{"taxonomy":"product_cat","embeddable":true,"href":"https:\/\/hi-techwonder.com\/es\/wp-json\/wp\/v2\/product_cat?post=75602"},{"taxonomy":"product_tag","embeddable":true,"href":"https:\/\/hi-techwonder.com\/es\/wp-json\/wp\/v2\/product_tag?post=75602"}],"curies":[{"name":"wp","href":"https:\/\/api.w.org\/{rel}","templated":true}]}}