{"id":75605,"date":"2025-07-29T00:12:54","date_gmt":"2025-07-29T00:12:54","guid":{"rendered":"https:\/\/fv6qoy3ls0.wpdns.site\/product\/think-tank-mochila-mindshift-rotation-22l\/"},"modified":"2025-09-30T09:20:44","modified_gmt":"2025-09-30T09:20:44","slug":"think-tank-mochila-mindshift-rotation-22l","status":"publish","type":"product","link":"https:\/\/hi-techwonder.com\/es\/producto\/think-tank-mochila-mindshift-rotation-22l\/","title":{"rendered":"THINK TANK Mochila MindShift Rotation 22L"},"content":{"rendered":"<p><strong>Think Tank MindShift Mochila Rotation 22 L<\/strong><\/p>\n<p><strong>Caracter\u00edsticas principales:<\/strong><\/p>\n<ul>\n<li>Mochila de 16L y bolsa de c\u00e1mara giratoria de 6L.<\/li>\n<li>Acceda a la bolsa de la c\u00e1mara sin quitar la mochila.<\/li>\n<li>Sostiene una c\u00e1mara sin agarre y 2-3 lentes.<\/li>\n<li>Utilice el paquete de c\u00e1mara como una bolsa independiente.<\/li>\n<li>&#8211; Varios bolsillos con trabillas de sujeci\u00f3n.<\/li>\n<li>Soportes para tr\u00edpodes y botellas de agua.<\/li>\n<li>Revestimiento de nailon resistente al agua y al desgaste.<\/li>\n<li>Recubrimientos de poliuretano resistentes al agua.<\/li>\n<li>Correas de mochila con arn\u00e9s ajustable.<\/li>\n<li>Cremalleras YKK AquaGuard y RC Fuse.<\/li>\n<\/ul>\n<p>La forma se une a la funci\u00f3n con la innovadora mochila fotogr\u00e1fica Think Tank Photo Rotation 22L. Hecho espec\u00edficamente para la fotograf\u00eda de aventuras, te brinda acceso casi instant\u00e1neo a tu c\u00e1mara para que puedas disparar y correr sin perder un paso. <\/p>\n<p><iframe loading=\"lazy\" src=\"https:\/\/www.youtube.com\/embed\/QnWlTnjn244\" width=\"1728\" height=\"499\" allowfullscreen=\"allowfullscreen\"><\/iframe><\/p>\n<p>La parte inferior de la bolsa de la c\u00e1mara gira independientemente de la parte superior para acceder instant\u00e1neamente a su interior de 6L que contiene un cuerpo de c\u00e1mara DSLR o sin espejo est\u00e1ndar y tres lentes m\u00e1s o una lente de 24-700 mm adjunta. El volumen superior de 16 litros puede transportar art\u00edculos personales como comida y ropa. Una variedad de bolsillos interiores y exteriores brindan un amplio espacio para organizar todo, desde sus llaves hasta una botella de agua, un tr\u00edpode o bastones de trekking. Un sistema de arn\u00e9s de diez puntos le permite ajustar c\u00f3mo y d\u00f3nde distribuye la carga para una comodidad \u00f3ptima. Otros detalles de dise\u00f1o incluyen materiales de nailon resistentes al desgaste y al agua, revestimientos de poliuretano y cremalleras YKK duraderas.    <\/p>\n<p><strong>Bolsa de correa giratoria<\/strong><\/p>\n<ul>\n<li>Dise\u00f1ado para la fotograf\u00eda de aventuras al aire libre.<\/li>\n<li>Dimensiones: 27 x 17 x 15,5 cm, con un volumen de 6L.<\/li>\n<li>Divisores acolchados ajustables.<\/li>\n<li>Es compatible con DLSR est\u00e1ndar o cuerpo de c\u00e1mara sin bater\u00eda y 2-3 lentes adicionales o una lente 2.8 de 24-70 mm conectada.<\/li>\n<li>La bolsa gira hacia adelante para brindarle una c\u00e1mara inmediata: pase del almacenamiento a la fotograf\u00eda en 3 segundos.<\/li>\n<li>Apertura magn\u00e9tica con una sola mano para una reacci\u00f3n r\u00e1pida y cierre de cremallera para una seguridad total.<\/li>\n<\/ul>\n<p><strong>\u00bfQu\u00e9 hay en la mochila?<\/strong><\/p>\n<ul>\n<li>El interior mide 28,5 x 29 x 15 cm y tiene una capacidad de 16L.<\/li>\n<li>El tr\u00edpode se fija f\u00e1cilmente a los paneles frontal o lateral.<\/li>\n<li>M\u00faltiples bolsillos internos y externos para art\u00edculos personales como comida, capas de ropa y equipo para actividades al aire libre.<\/li>\n<li>Bolsillo superior para acceder r\u00e1pidamente a objetos peque\u00f1os.<\/li>\n<li>Puntos de sujeci\u00f3n de cadena de margaritas y lazo para hacha de monta\u00f1a\/bast\u00f3n de senderismo.<\/li>\n<li>El bolsillo de la botella de agua tiene capacidad para un recipiente de hasta 750 ml.<\/li>\n<li>Coloca bolsas modulares Think Tank opcionales en el asa del cintur\u00f3n.<\/li>\n<li>Carga de c\u00e1mara expandible con inserciones fotogr\u00e1ficas Stash Master opcionales.<\/li>\n<\/ul>\n<p><strong>Construcci\u00f3n<\/strong><\/p>\n<ul>\n<li>Tejidos de nailon recubiertos con poliuretano repelente al agua por dentro y por fuera.<\/li>\n<li>La barrera de elementos protege su equipo de la humedad, la suciedad y m\u00e1s.<\/li>\n<li>Correas de compresi\u00f3n de carga interna y externa.<\/li>\n<li>El forro es de poli\u00e9ster 200D con relleno de espuma reticulada de celda cerrada.<\/li>\n<li>Cremalleras YKK AquaGuard y RC Fuse con solapas para mantener seco el compartimento superior.<\/li>\n<li>El panel inferior es de nailon bal\u00edstico 1680D para resistencia al desgaste.<\/li>\n<li>Correas ajustables para mochila, correa para el estern\u00f3n y cintur\u00f3n.<\/li>\n<li>Con arn\u00e9s ajustable de 10 puntos.<\/li>\n<li>Ajuste de altura del torso que se adapta a una amplia gama de tama\u00f1os corporales.<\/li>\n<li>Panel trasero de espuma en \u00e1ngulo perforado para un mayor flujo de aire y un secado r\u00e1pido.<\/li>\n<li>Asa superior.<\/li>\n<li>Pesa menos de 3 libras vac\u00edo.<\/li>\n<\/ul>\n<p><strong>Especificaciones Think Tank Mochila MindShift Rotation 22 L<\/strong><\/p>\n<table style=\"border-collapse: collapse; width: 99.9795%; height: 529.864px;\" border=\"1\">\n<tbody>\n<tr style=\"height: 22.3958px;\">\n<td style=\"width: 49.1758%; height: 22.3958px;\">Opciones de carga\/transporte<\/td>\n<td style=\"width: 49.1758%; height: 22.3958px;\">Correas de mochila con correa de estern\u00f3n, correa, cintur\u00f3n, ri\u00f1onera<\/td>\n<\/tr>\n<tr style=\"height: 22.3958px;\">\n<td style=\"width: 49.1758%; height: 22.3958px;\">Color<\/td>\n<td style=\"width: 49.1758%; height: 22.3958px;\">Gris<\/td>\n<\/tr>\n<tr style=\"height: 22.3958px;\">\n<td style=\"width: 49.1758%; height: 22.3958px;\">Tipo de cierre<\/td>\n<td style=\"width: 49.1758%; height: 22.3958px;\">Cremallera<\/td>\n<\/tr>\n<tr style=\"height: 22.3958px;\">\n<td style=\"width: 49.1758%; height: 22.3958px;\">Compartimento para ordenador port\u00e1til\/tableta<\/td>\n<td style=\"width: 49.1758%; height: 22.3958px;\">Ninguno<\/td>\n<\/tr>\n<tr style=\"height: 22.3958px;\">\n<td style=\"width: 49.1758%; height: 22.3958px;\">Tipo de interior<\/td>\n<td style=\"width: 49.1758%; height: 22.3958px;\"><strong>Compartimento de la c\u00e1mara:<\/strong> Inserto con divisores ajustables ?? (gancho y bucle)<\/td>\n<\/tr>\n<tr style=\"height: 22.3958px;\">\n<td style=\"width: 49.1758%; height: 22.3958px;\">Montura de monopi\u00e9 \/ tr\u00edpode<\/td>\n<td style=\"width: 49.1758%; height: 22.3958px;\">S\u00ed<\/td>\n<\/tr>\n<tr style=\"height: 22.3958px;\">\n<td style=\"width: 49.1758%; height: 22.3958px;\">Bloqueo<\/td>\n<p> de seguridad<\/p>\n<td style=\"width: 49.1758%; height: 22.3958px;\">No<\/td>\n<\/tr>\n<tr style=\"height: 22.3958px;\">\n<td style=\"width: 49.1758%; height: 22.3958px;\">Accesorios<\/td>\n<td style=\"width: 49.1758%; height: 22.3958px;\">Bucles para accesorios, bolsillos para botellas<\/td>\n<\/tr>\n<tr style=\"height: 22.3958px;\">\n<td style=\"width: 49.1758%; height: 22.3958px;\">Resistencia al agua<\/td>\n<td style=\"width: 49.1758%; height: 22.3958px;\">S\u00ed<\/td>\n<\/tr>\n<tr style=\"height: 22.3958px;\">\nClasificaci\u00f3n <\/p>\n<td style=\"width: 49.1758%; height: 22.3958px;\">IP<\/td>\n<td style=\"width: 49.1758%; height: 22.3958px;\">Ninguno<\/td>\n<\/tr>\n<tr style=\"height: 22.3958px;\">\n<td style=\"width: 49.1758%; height: 22.3958px;\">Volumen m\u00e1ximo<\/td>\n<td style=\"width: 49.1758%; height: 22.3958px;\">22 L<\/td>\n<\/tr>\n<tr style=\"height: 22.3958px;\">\n<td style=\"width: 49.1758%; height: 22.3958px;\">Materiales<\/td>\n<p> exteriores<\/p>\n<td style=\"width: 49.1758%; height: 22.3958px;\">Nylon [con nylon bal\u00edstico, espuma, detalles de sarga]<\/td>\n<\/tr>\n<tr style=\"height: 22.3958px;\">\n<td style=\"width: 49.1758%; height: 22.3958px;\">Interior<\/td>\n<td style=\"width: 49.1758%; height: 22.3958px;\">Espuma, Nylon, Poli\u00e9ster<\/td>\n<\/tr>\n<tr style=\"height: 22.3958px;\">\n<td style=\"width: 49.1758%; height: 22.3958px;\">Interior acolchado<\/td>\n<td style=\"width: 49.1758%; height: 22.3958px;\">S\u00ed<\/td>\n<\/tr>\n<tr style=\"height: 169.531px;\">\n<td style=\"width: 49.1758%; height: 169.531px;\">Dimensiones<\/td>\n<td style=\"width: 49.1758%; height: 169.531px;\">\n<p><strong>Exterior<\/strong><\/p>\n<p>52,1 x 32 x 22,1 cm<\/p>\n<p><strong>Interior<\/strong><\/p>\n<p>29 x 28,4 x 15 cm<\/p>\n<\/td>\n<\/tr>\n<tr style=\"height: 24.3958px;\">\n<td style=\"width: 49.1758%; height: 24.3958px;\">Bolsillo para<\/td>\n<p> accesorios<\/p>\n<td style=\"width: 49.1758%; height: 24.3958px;\">26,9 x 17 x 15,5 cm (interior de la ri\u00f1onera)<\/td>\n<\/tr>\n<tr style=\"height: 22.3958px;\">\n<td style=\"width: 49.1758%; height: 22.3958px;\">Peso<\/td>\n<td style=\"width: 49.1758%; height: 22.3958px;\">1,8 kg<\/td>\n<\/tr>\n<\/tbody>\n<\/table>\n","protected":false},"excerpt":{"rendered":"<p>Think Tank MindShift Mochila Rotation 22 L Caracter\u00edsticas principales: Mochila de 16L y bolsa de c\u00e1mara giratoria de 6L. Acceda<\/p>\n","protected":false},"featured_media":35540,"comment_status":"closed","ping_status":"closed","template":"","meta":{"_acf_changed":false},"product_brand":[2645],"product_cat":[907],"product_tag":[],"class_list":{"0":"post-75605","1":"product","2":"type-product","3":"status-publish","4":"has-post-thumbnail","6":"product_brand-think-tank-es","7":"product_cat-mochilas-es","9":"first","10":"onbackorder","11":"taxable","12":"shipping-taxable","13":"purchasable","14":"product-type-simple"},"bundled_by":[],"bundle_stock_status":"onbackorder","bundle_stock_quantity":null,"bundle_virtual":false,"bundle_layout":"","bundle_add_to_cart_form_location":"","bundle_editable_in_cart":false,"bundle_sold_individually_context":"","bundle_item_grouping":"","bundle_min_size":"","bundle_max_size":"","bundle_price":[],"bundled_items":[],"bundle_sell_ids":[],"acf":[],"_links":{"self":[{"href":"https:\/\/hi-techwonder.com\/es\/wp-json\/wp\/v2\/product\/75605","targetHints":{"allow":["GET"]}}],"collection":[{"href":"https:\/\/hi-techwonder.com\/es\/wp-json\/wp\/v2\/product"}],"about":[{"href":"https:\/\/hi-techwonder.com\/es\/wp-json\/wp\/v2\/types\/product"}],"replies":[{"embeddable":true,"href":"https:\/\/hi-techwonder.com\/es\/wp-json\/wp\/v2\/comments?post=75605"}],"wp:featuredmedia":[{"embeddable":true,"href":"https:\/\/hi-techwonder.com\/es\/wp-json\/wp\/v2\/media\/35540"}],"wp:attachment":[{"href":"https:\/\/hi-techwonder.com\/es\/wp-json\/wp\/v2\/media?parent=75605"}],"wp:term":[{"taxonomy":"product_brand","embeddable":true,"href":"https:\/\/hi-techwonder.com\/es\/wp-json\/wp\/v2\/product_brand?post=75605"},{"taxonomy":"product_cat","embeddable":true,"href":"https:\/\/hi-techwonder.com\/es\/wp-json\/wp\/v2\/product_cat?post=75605"},{"taxonomy":"product_tag","embeddable":true,"href":"https:\/\/hi-techwonder.com\/es\/wp-json\/wp\/v2\/product_tag?post=75605"}],"curies":[{"name":"wp","href":"https:\/\/api.w.org\/{rel}","templated":true}]}}