{"id":75609,"date":"2025-07-29T00:13:29","date_gmt":"2025-07-29T00:13:29","guid":{"rendered":"https:\/\/fv6qoy3ls0.wpdns.site\/product\/think-tank-mochila-mindshift-backlight-elite-45l-gris\/"},"modified":"2025-12-31T03:35:19","modified_gmt":"2025-12-31T03:35:19","slug":"think-tank-mochila-mindshift-backlight-elite-45l-gris","status":"publish","type":"product","link":"https:\/\/hi-techwonder.com\/es\/producto\/think-tank-mochila-mindshift-backlight-elite-45l-gris\/","title":{"rendered":"THINK TANK Mochila Mindshift BackLight Elite 45L &#8211; Gris"},"content":{"rendered":"<p><strong>Mochila Think Tank <\/strong><strong>Mindshift <\/strong><strong> <\/strong><strong style=\"font-size: 18.6667px;\">BackLight 36L &#8211; Gris<\/strong><\/p>\n<p><strong>Caracter\u00edsticas principales:<\/strong><\/p>\n<ul>\n<li>Mochila multiconfiguraci\u00f3n y multiusos.<\/li>\n<li>Acomoda equipos fotogr\u00e1ficos y de deportes de invierno.<\/li>\n<li>Asas laterales y frontales vers\u00e1tiles.<\/li>\n<li>Mangos que sostienen esqu\u00eds\/tablas de snowboard\/bastones de senderismo.<\/li>\n<li>Compartimento principal espacioso.<\/li>\n<li>Bolsa de equipo extra\u00edble con divisores.<\/li>\n<li>Bolsillo para port\u00e1til de 11,2&#8243; (28,5 x 41 x 2,5 cm) o mochila de hidrataci\u00f3n<\/li>\n<li>Bolsillo para tableta de 10,6&#8243; (27 x 26 x 1,5 cm), bolsillos organizadores.<\/li>\n<li>Bolsa para tr\u00edpode, cintur\u00f3n con bolsillos.<\/li>\n<li>Exterior resistente a la intemperie, cubierta para la lluvia.<\/li>\n<\/ul>\n<p>Esta mochila MindShift Gear BackLight Elite 45L Gris est\u00e1 dise\u00f1ada para satisfacer los intereses combinados del fot\u00f3grafo de aventuras y los entusiastas de los deportes de invierno. A lo largo de la parte delantera y los lados de esta mochila, m\u00faltiples correas de compresi\u00f3n y correas de equipo permiten que los esqu\u00eds, tablas de snowboard, raquetas de nieve u otro equipo de monta\u00f1a al aire libre, como un piolet o bastones de senderismo, se enganchen y transporten convenientemente. En el interior, el espacioso compartimento principal tiene capacidad para una bolsa de equipo de c\u00e1mara incluida. La bolsa de equipo y sus diez divisores acolchados con solapa t\u00e1ctil pueden acomodar un kit de dos c\u00e1maras DSLR, con tres lentes principales y una lente de zoom de 16-35 mm, 24-70 mm y 70-200 mm. Alternativamente, la bolsa del dispositivo se puede configurar para un kit multimedia con dos c\u00e1maras sin espejo, tres lentes de zoom, una lente principal y un peque\u00f1o dron.    &nbsp;<\/p>\n<p>El acceso completo a la bolsa de equipo se proporciona mediante un panel con cremallera orientado hacia atr\u00e1s con una apertura hacia abajo de 180 \u00b0, mientras que una abertura adicional con cremallera permite alcanzar los art\u00edculos m\u00e1s cercanos a la parte superior de la mochila. Los cierres de solapa de tres toques a lo largo del interior de la BackLight Elite 45L permiten que la bolsa de equipo se monte de forma segura cuando se coloca dentro de la mochila. De este modo, se evita que la bolsa de equipo se mueva y se puede hacer que tenga sus propias aberturas con cremallera hacia arriba y hacia atr\u00e1s en l\u00ednea con las aberturas de la mochila para una perfecta accesibilidad a las c\u00e1maras y lentes internas. Para convertir r\u00e1pidamente el BackLight Elite 45L en una soluci\u00f3n de almacenamiento y transporte para art\u00edculos que no sean c\u00e1maras y lentes, la bolsa de equipo se puede cerrar con cremallera y quitar del compartimento principal de la mochila.   <\/p>\n<p>Durante el almacenamiento o el transporte, la abertura superior del BackLight Elite 45L se puede cubrir con una cubierta superior incluida que se sujeta a cuatro correas ajustables ?? a lo largo de los paneles delantero y trasero de la mochila para un ajuste seguro. La cubierta superior tiene un bolsillo con cremallera orientado hacia la espalda del usuario, lo que permite alcanzar su contenido sin necesidad de quitar el BackLight Elite 45L. Del mismo modo, los bolsillos con cremallera a lo largo de ambos lados del cintur\u00f3n de la mochila brindan un almacenamiento seguro sobre la marcha, mientras que un bolsillo con cremallera a lo largo del panel frontal puede contener accesorios fotogr\u00e1ficos que deben usarse ?? siempre que se conecte el BackLight Elite 45L.<\/p>\n<p>Entre el bolsillo del panel frontal y el compartimento principal, un bolsillo con cremallera se expande para acomodar hasta 17 litros de equipo que puede incluir elementos esenciales de supervivencia o art\u00edculos adicionales para un estudio fotogr\u00e1fico m\u00f3vil. Dividida en tres secciones, la secci\u00f3n del bolsillo de refuerzo m\u00e1s cercana a la espalda del usuario est\u00e1 dise\u00f1ada para acomodar una computadora port\u00e1til o una mochila de hidrataci\u00f3n de 11.2 \u00abe incluye una salida para un tubo para beber. La secci\u00f3n puede proteger una tableta de 10,6\u00bb o art\u00edculos personales con un recorrido m\u00ednimo durante el transporte. Capaz de una mayor expansi\u00f3n, la secci\u00f3n m\u00e1s adyacente al panel frontal es adecuada para ropa plegable, guantes, gorro o toalla.  <\/p>\n<p>Para viajes secundarios o destinos que no requieran la capacidad total de la BackLight Elite 45L, su cubierta superior y cintur\u00f3n se pueden quitar y combinar para formar una mochila compacta que se ajusta c\u00f3modamente a las caderas y la espalda baja del usuario. Cuando est\u00e1 completamente ensamblado, el BackLight Elite 45L se puede levantar por medio de su asa de transporte integrada y transportarse por sus correas de hombro acolchadas y ajustables. El cintur\u00f3n de la mochila sirve para transferir el peso de los hombros a las caderas para mayor comodidad, mientras que la correa del estern\u00f3n limita a\u00fan m\u00e1s el movimiento involuntario alrededor del usuario. Con una construcci\u00f3n de nailon duradera, el BackLight Elite 45L est\u00e1 dise\u00f1ado para ser resistente a la intemperie e incluye una cubierta sellada para su uso en condiciones de lluvia intensa.   <\/p>\n<p><strong>Especificaciones Think Tank Mochila Mindshift BackLight Elite 45L &#8211; Gris<\/strong><\/p>\n<table style=\"border-collapse: collapse; width: 99.9795%; height: 223.958px;\" border=\"1\">\n<tbody>\n<tr style=\"height: 22.3958px;\">\n<td style=\"width: 49.1758%; height: 22.3958px;\">Opciones de carga\/transporte<\/td>\n<td style=\"width: 49.1758%; height: 22.3958px;\">Correas de mochila con correa para el estern\u00f3n, cintur\u00f3n<\/td>\n<\/tr>\n<tr style=\"height: 22.3958px;\">\n<td style=\"width: 49.1758%; height: 22.3958px;\">Color<\/td>\n<td style=\"width: 49.1758%; height: 22.3958px;\">Gris<\/td>\n<\/tr>\n<tr style=\"height: 22.3958px;\">\n<td style=\"width: 49.1758%; height: 22.3958px;\">Tipo de cierre<\/td>\n<td style=\"width: 49.1758%; height: 22.3958px;\">Cremallera<\/td>\n<\/tr>\n<tr style=\"height: 22.3958px;\">\n<td style=\"width: 49.1758%; height: 22.3958px;\">Compartimento para ordenador port\u00e1til\/tableta<\/td>\n<td style=\"width: 49.1758%; height: 22.3958px;\">\n<p>Compartimento 1: Se adapta a un port\u00e1til de 11,2&#8243; (28,5 x 41 x 2,5 cm)&nbsp;<\/p>\n<p>Compartimento 2: Se adapta a una tableta de 10,6&#8243; (27 x 26 x 1,5 cm)<\/p>\n<\/td>\n<\/tr>\n<tr style=\"height: 22.3958px;\">\n<td style=\"width: 49.1758%; height: 22.3958px;\">Tipo de interior<\/td>\n<td style=\"width: 49.1758%; height: 22.3958px;\">Divisores ajustables (gancho y bucle)<\/td>\n<\/tr>\n<tr style=\"height: 22.3958px;\">\n<td style=\"width: 49.1758%; height: 22.3958px;\">Montura de monopi\u00e9 \/ tr\u00edpode<\/td>\n<td style=\"width: 49.1758%; height: 22.3958px;\">S\u00ed<\/td>\n<\/tr>\n<tr style=\"height: 22.3958px;\">\n<td style=\"width: 49.1758%; height: 22.3958px;\">Resistencia al agua<\/td>\n<td style=\"width: 49.1758%; height: 22.3958px;\">\n<p>Impermeable<\/p>\n<p>Resistente al agua (material)<\/p>\n<\/td>\n<\/tr>\n<tr style=\"height: 22.3958px;\">\n<td style=\"width: 49.1758%; height: 22.3958px;\">Volumen m\u00e1ximo<\/td>\n<td style=\"width: 49.1758%; height: 22.3958px;\">45 litros<\/td>\n<\/tr>\n<tr style=\"height: 22.3958px;\">\n<td style=\"width: 49.1758%; height: 22.3958px;\">Materiales<\/td>\n<td style=\"width: 49.1758%; height: 22.3958px;\">\n<p>Exterior: Nylon<\/p>\n<p>Interior: Espuma, Nylon, Poli\u00e9ster, Polietileno<\/p>\n<\/td>\n<\/tr>\n<tr style=\"height: 22.3958px;\">\n<td style=\"width: 49.1758%; height: 22.3958px;\">Dimensiones  <\/td>\n<td style=\"width: 49.1758%; height: 22.3958px;\">\n<p>Exterior<\/p>\n<p>33 x 59,7 x 20,3 cm<\/p>\n<p>Compartimento de la c\u00e1mara<\/p>\n<p>29 x 49 x 17,3 cm<\/p>\n<\/td>\n<\/tr>\n<tr>\n<td style=\"width: 49.1758%;\">Peso<\/td>\n<td style=\"width: 49.1758%;\">\n<p>2,2 kg<\/p>\n<\/td>\n<\/tr>\n<\/tbody>\n<\/table>\n","protected":false},"excerpt":{"rendered":"<p>Mochila Think Tank Mindshift BackLight 36L &#8211; Gris Caracter\u00edsticas principales: Mochila multiconfiguraci\u00f3n y multiusos. Acomoda equipos fotogr\u00e1ficos y de deportes<\/p>\n","protected":false},"featured_media":35762,"comment_status":"closed","ping_status":"open","template":"","meta":{"_acf_changed":false},"product_brand":[2645],"product_cat":[907],"product_tag":[],"class_list":{"0":"post-75609","1":"product","2":"type-product","3":"status-publish","4":"has-post-thumbnail","6":"product_brand-think-tank-es","7":"product_cat-mochilas-es","9":"first","10":"onbackorder","11":"taxable","12":"shipping-taxable","13":"purchasable","14":"product-type-simple"},"bundled_by":[],"bundle_stock_status":"onbackorder","bundle_stock_quantity":null,"bundle_virtual":false,"bundle_layout":"","bundle_add_to_cart_form_location":"","bundle_editable_in_cart":false,"bundle_sold_individually_context":"","bundle_item_grouping":"","bundle_min_size":"","bundle_max_size":"","bundle_price":[],"bundled_items":[],"bundle_sell_ids":[],"acf":[],"_links":{"self":[{"href":"https:\/\/hi-techwonder.com\/es\/wp-json\/wp\/v2\/product\/75609","targetHints":{"allow":["GET"]}}],"collection":[{"href":"https:\/\/hi-techwonder.com\/es\/wp-json\/wp\/v2\/product"}],"about":[{"href":"https:\/\/hi-techwonder.com\/es\/wp-json\/wp\/v2\/types\/product"}],"replies":[{"embeddable":true,"href":"https:\/\/hi-techwonder.com\/es\/wp-json\/wp\/v2\/comments?post=75609"}],"wp:featuredmedia":[{"embeddable":true,"href":"https:\/\/hi-techwonder.com\/es\/wp-json\/wp\/v2\/media\/35762"}],"wp:attachment":[{"href":"https:\/\/hi-techwonder.com\/es\/wp-json\/wp\/v2\/media?parent=75609"}],"wp:term":[{"taxonomy":"product_brand","embeddable":true,"href":"https:\/\/hi-techwonder.com\/es\/wp-json\/wp\/v2\/product_brand?post=75609"},{"taxonomy":"product_cat","embeddable":true,"href":"https:\/\/hi-techwonder.com\/es\/wp-json\/wp\/v2\/product_cat?post=75609"},{"taxonomy":"product_tag","embeddable":true,"href":"https:\/\/hi-techwonder.com\/es\/wp-json\/wp\/v2\/product_tag?post=75609"}],"curies":[{"name":"wp","href":"https:\/\/api.w.org\/{rel}","templated":true}]}}