{"id":75610,"date":"2025-07-29T00:13:29","date_gmt":"2025-07-29T00:13:29","guid":{"rendered":"https:\/\/fv6qoy3ls0.wpdns.site\/product\/think-tank-mochila-edc-retrospectiva-19l\/"},"modified":"2025-07-29T00:13:29","modified_gmt":"2025-07-29T00:13:29","slug":"think-tank-mochila-edc-retrospectiva-19l","status":"publish","type":"product","link":"https:\/\/hi-techwonder.com\/es\/producto\/think-tank-mochila-edc-retrospectiva-19l\/","title":{"rendered":"THINK TANK Mochila EDC retrospectiva (19L)"},"content":{"rendered":"<p><strong>THINK THANK Mochila EDC retrospectiva (19L)<\/strong><\/p>\n<p>La Retrospective EDC es una mochila para todos los d\u00edas, vers\u00e1til, duradera y elegante. Es bastante c\u00f3modo gracias a las correas acolchadas ajustables para los hombros y la correa extra\u00edble en el estern\u00f3n. &nbsp;<\/p>\n<p>En ella podr\u00e1s llevar tus pertenencias diarias y, gracias a su compartimento acolchado, podr\u00e1s llevar un <strong>port\u00e1til de hasta 16&#8243;. <\/strong>En el bolsillo delantero puede guardar varios accesorios, incluidos cables de alimentaci\u00f3n, mouse, ropa y m\u00e1s.<\/p>\n<p>Esta mochila tambi\u00e9n cuenta con un compartimento principal con varias secciones y un bolsillo organizador frontal muy profundo, as\u00ed como un bolsillo forrado con tejido de microfibra destinado a guardar el tel\u00e9fono de forma segura.<\/p>\n<p>Est\u00e1 hecho de la lona de algod\u00f3n caracter\u00edstica de THINK THANK, lavada a la piedra y tratada contra la intemperie, tiene un forro de dos tonos y un ribete de cuero genuino.<\/p>\n<p><strong>Caracter\u00edsticas principales:<\/strong><\/p>\n<ul>\n<li>Asa superior y funda para carro (para un transporte r\u00e1pido y f\u00e1cil en aeropuertos, etc.)<\/li>\n<li>Capacidad m\u00e1xima 19L.<\/li>\n<li>Dos compartimentos principales con cierre con cerradura.<\/li>\n<li>Bolsillos externos para botellas y paraguas.<\/li>\n<li>Bolsillo trasero oculto.<\/li>\n<li>Bolsillos de malla para organizaci\u00f3n interna.<\/li>\n<li>Panel trasero acolchado para mayor comodidad<\/li>\n<li>Materiales de nailon y algod\u00f3n.<\/li>\n<li>Funda para la lluvia sellada con costuras incluidas.<\/li>\n<li>Dimensiones aproximadas: 50 x 30 x 10cm. <\/li>\n<\/ul>\n","protected":false},"excerpt":{"rendered":"<p>THINK THANK Mochila EDC retrospectiva (19L) La Retrospective EDC es una mochila para todos los d\u00edas, vers\u00e1til, duradera y elegante.<\/p>\n","protected":false},"featured_media":35819,"comment_status":"closed","ping_status":"open","template":"","meta":{"_acf_changed":false},"product_brand":[2645],"product_cat":[907],"product_tag":[],"class_list":{"0":"post-75610","1":"product","2":"type-product","3":"status-publish","4":"has-post-thumbnail","6":"product_brand-think-tank-es","7":"product_cat-mochilas-es","9":"first","10":"onbackorder","11":"taxable","12":"shipping-taxable","13":"purchasable","14":"product-type-simple"},"bundled_by":[],"bundle_stock_status":"onbackorder","bundle_stock_quantity":0,"bundle_virtual":false,"bundle_layout":"","bundle_add_to_cart_form_location":"","bundle_editable_in_cart":false,"bundle_sold_individually_context":"","bundle_item_grouping":"","bundle_min_size":"","bundle_max_size":"","bundle_price":[],"bundled_items":[],"bundle_sell_ids":[],"acf":[],"_links":{"self":[{"href":"https:\/\/hi-techwonder.com\/es\/wp-json\/wp\/v2\/product\/75610","targetHints":{"allow":["GET"]}}],"collection":[{"href":"https:\/\/hi-techwonder.com\/es\/wp-json\/wp\/v2\/product"}],"about":[{"href":"https:\/\/hi-techwonder.com\/es\/wp-json\/wp\/v2\/types\/product"}],"replies":[{"embeddable":true,"href":"https:\/\/hi-techwonder.com\/es\/wp-json\/wp\/v2\/comments?post=75610"}],"wp:featuredmedia":[{"embeddable":true,"href":"https:\/\/hi-techwonder.com\/es\/wp-json\/wp\/v2\/media\/35819"}],"wp:attachment":[{"href":"https:\/\/hi-techwonder.com\/es\/wp-json\/wp\/v2\/media?parent=75610"}],"wp:term":[{"taxonomy":"product_brand","embeddable":true,"href":"https:\/\/hi-techwonder.com\/es\/wp-json\/wp\/v2\/product_brand?post=75610"},{"taxonomy":"product_cat","embeddable":true,"href":"https:\/\/hi-techwonder.com\/es\/wp-json\/wp\/v2\/product_cat?post=75610"},{"taxonomy":"product_tag","embeddable":true,"href":"https:\/\/hi-techwonder.com\/es\/wp-json\/wp\/v2\/product_tag?post=75610"}],"curies":[{"name":"wp","href":"https:\/\/api.w.org\/{rel}","templated":true}]}}