{"id":75623,"date":"2025-07-29T00:15:28","date_gmt":"2025-07-29T00:15:28","guid":{"rendered":"https:\/\/fv6qoy3ls0.wpdns.site\/product\/peli-1450-estuche-rigido-hermetico-con-espuma-negro\/"},"modified":"2026-03-02T17:08:18","modified_gmt":"2026-03-02T17:08:18","slug":"peli-1450-estuche-rigido-hermetico-con-espuma-negro","status":"publish","type":"product","link":"https:\/\/hi-techwonder.com\/es\/producto\/peli-1450-estuche-rigido-hermetico-con-espuma-negro\/","title":{"rendered":"PELI 1450 Estuche r\u00edgido herm\u00e9tico con espuma (negro)"},"content":{"rendered":"<p style=\"text-align: justify;\"><strong>PELI 1450 Estuche r\u00edgido herm\u00e9tico con espuma (negro)<br \/><\/strong><\/p>\n<p style=\"text-align: justify;\"><span style=\"font-size: small;\">El estuche Peli 1450 con espuma (negro) es un estuche r\u00edgido irrompible, herm\u00e9tico, herm\u00e9tico, a prueba de polvo, resistente a los productos qu\u00edmicos y a la corrosi\u00f3n que se utiliza para transportar cualquier tipo de equipo que deba protegerse de los elementos. Est\u00e1 hecho de copol\u00edmero estructural de ultra alto impacto que lo hace extremadamente fuerte y duradero. Incluye una junta t\u00f3rica de neopreno de 6,4 mm, pestillos de doble apertura f\u00e1ciles de abrir que sellan perfectamente y una v\u00e1lvula de ecualizaci\u00f3n de presi\u00f3n autom\u00e1tica para una ecualizaci\u00f3n r\u00e1pida despu\u00e9s de los cambios en la presi\u00f3n atmosf\u00e9rica. El estuche tiene un c\u00f3modo mango moldeado en goma. Este estuche incluye un juego de espuma de 3 piezas.    <\/span><\/p>\n<dl style=\"text-align: justify;\">\n<dt><\/dt>\n<dt><span style=\"font-size: small;\"><span style=\"text-decoration: underline;\"><strong>Construcci\u00f3n:<\/strong><\/span><\/span><\/dt>\n<dt><span style=\"font-size: small;\">&nbsp;<\/span><\/dt>\n<dd>\n<ul>\n<li><span style=\"font-size: small;\">Copol\u00edmero estructural de ultra alto impacto<\/span><\/li>\n<li><span style=\"font-size: small;\">Resistente al agua, al aplastamiento y al polvo<\/span><\/li>\n<li><span style=\"font-size: small;\">Interior de espuma<\/span><\/li>\n<li><span style=\"font-size: small;\">N\u00facleo de celda abierta con dise\u00f1o de pared s\u00f3lida<\/span><\/li>\n<li><span style=\"font-size: small;\">Herrajes de acero inoxidable<\/span><\/li>\n<li><span style=\"font-size: small;\">Juego de espuma de tres piezas que consta de 1 secci\u00f3n superior de espuma de \u00abcaja de huevos\u00bb, 1 secci\u00f3n de espuma Pick &#8216;N&#8217; Pluck y una secci\u00f3n de espuma inferior en blanco de 1.0&#8243;<\/span><\/li>\n<li><span style=\"font-size: small;\">V\u00e1lvula autom\u00e1tica de ecualizaci\u00f3n de presi\u00f3n<\/span><\/li>\n<li><span style=\"font-size: small;\">Junta t\u00f3rica de neopreno de 0,25&#8243; (6,4 mm)<\/span><\/li>\n<li><span style=\"font-size: small;\">Pestillos de doble apertura de f\u00e1cil apertura con protectores de candado de acero inoxidable<\/span><\/li>\n<li><span style=\"font-size: small;\">Clasificaci\u00f3n de temperatura -40 a +210 \u00b0F (-40 a +95 \u00b0C)<\/span><\/li>\n<li><span style=\"font-size: small;\">C\u00f3moda empu\u00f1adura moldeada de goma<\/span><\/li>\n<\/ul>\n<\/dd>\n<\/dl>\n<p style=\"text-align: justify;\"><span style=\"font-size: small;\">&nbsp;<\/span><\/p>\n<p style=\"text-align: justify;\"><span style=\"font-size: small;\"><span style=\"text-decoration: underline;\"><strong>Caracter\u00edsticas t\u00e9cnicas:<\/strong><\/span><\/span><\/p>\n<table style=\"width: 600px; text-align: justify;\" border=\"1\">\n<tbody>\n<tr>\n<td><span style=\"font-size: small;\">Material<\/span><\/td>\n<td><span style=\"font-size: small;\">Exterior: Copol\u00edmero de ultra alto impacto<br \/>Exterior: n\u00facleo de celda abierta con dise\u00f1o de pared s\u00f3lida<br \/>Interior: Juego de espuma de tres piezas<\/span><\/td>\n<\/tr>\n<tr>\n<td><span style=\"font-size: small;\">Tipo de cierre<\/span><\/td>\n<td><span style=\"font-size: small;\">Pestillos de doble liberaci\u00f3n<br \/>Protectores de candado de acero inoxidable<\/span><\/td>\n<\/tr>\n<tr>\n<td><span style=\"font-size: small;\">Impermeabilizante<\/span><\/td>\n<td><span style=\"font-size: small;\">Resistente al agua de 30&#8242;<br \/>Junta t\u00f3rica sellada<\/span><\/td>\n<\/tr>\n<tr>\nM\u00e1xima <\/p>\n<td><span style=\"font-size: small;\">flotabilidad<\/span><\/td>\n<td><span style=\"font-size: small;\">Flota en agua salada con una carga de 30 libras (13,61 kg)<\/span><\/td>\n<\/tr>\n<tr>\n<td><span style=\"font-size: small;\">Dimensiones<\/span><\/td>\n<p> externas<\/p>\n<td><span style=\"font-size: small;\">40,64 x 33,02 x 17,45 cm (largo x ancho x alto)<\/span><\/td>\n<\/tr>\n<tr>\n<td><span style=\"font-size: small;\">Dimensiones interiores<\/span><\/td>\n<td><span style=\"font-size: small;\">37,13 x 25,86 x 15,24 cm (largo x ancho x alto)<br \/>Profundidad de la tapa: 4,45 cm<br \/>Profundidad del fondo: 10,8 cm<\/span><\/td>\n<\/tr>\n<tr>\n<td><span style=\"font-size: small;\">Equipamiento<\/span><\/td>\n<p> interior<\/p>\n<td><span style=\"font-size: small;\">Juego de espuma de tres piezas<\/span><\/td>\n<\/tr>\n<tr>\n<td><span style=\"font-size: small;\">Acomoda<\/span><\/td>\n<td><span style=\"font-size: small;\">Equipo que requiere protecci\u00f3n contra golpes y elementos<\/span><\/td>\n<\/tr>\n<tr>\n<td><span style=\"font-size: small;\">Opciones de env\u00edo \/ transporte<\/span><\/td>\n<td><span style=\"font-size: small;\">Asa plegable<\/span><\/td>\n<\/tr>\n<tr>\n<td><span style=\"font-size: small;\">Peso<\/span><\/td>\n<td><span style=\"font-size: small;\">2,9 kg<\/span><\/td>\n<\/tr>\n<\/tbody>\n<\/table>\n<p style=\"text-align: justify;\"><span style=\"font-size: small;\">&nbsp;<\/span><\/p>\n<p style=\"text-align: justify;\"><span style=\"font-size: small;\">&nbsp;<\/span><\/p>\n","protected":false},"excerpt":{"rendered":"<p>PELI 1450 Estuche r\u00edgido herm\u00e9tico con espuma (negro) El estuche Peli 1450 con espuma (negro) es un estuche r\u00edgido irrompible,<\/p>\n","protected":false},"featured_media":36667,"comment_status":"closed","ping_status":"open","template":"","meta":{"_acf_changed":false},"product_brand":[2652],"product_cat":[914],"product_tag":[],"class_list":{"0":"post-75623","1":"product","2":"type-product","3":"status-publish","4":"has-post-thumbnail","6":"product_brand-peli-es","7":"product_cat-rigidas-es","9":"first","10":"instock","11":"taxable","12":"shipping-taxable","13":"purchasable","14":"product-type-simple"},"bundled_by":[],"bundle_stock_status":"instock","bundle_stock_quantity":1,"bundle_virtual":false,"bundle_layout":"","bundle_add_to_cart_form_location":"","bundle_editable_in_cart":false,"bundle_sold_individually_context":"","bundle_item_grouping":"","bundle_min_size":"","bundle_max_size":"","bundle_price":[],"bundled_items":[],"bundle_sell_ids":[],"acf":[],"_links":{"self":[{"href":"https:\/\/hi-techwonder.com\/es\/wp-json\/wp\/v2\/product\/75623","targetHints":{"allow":["GET"]}}],"collection":[{"href":"https:\/\/hi-techwonder.com\/es\/wp-json\/wp\/v2\/product"}],"about":[{"href":"https:\/\/hi-techwonder.com\/es\/wp-json\/wp\/v2\/types\/product"}],"replies":[{"embeddable":true,"href":"https:\/\/hi-techwonder.com\/es\/wp-json\/wp\/v2\/comments?post=75623"}],"wp:featuredmedia":[{"embeddable":true,"href":"https:\/\/hi-techwonder.com\/es\/wp-json\/wp\/v2\/media\/36667"}],"wp:attachment":[{"href":"https:\/\/hi-techwonder.com\/es\/wp-json\/wp\/v2\/media?parent=75623"}],"wp:term":[{"taxonomy":"product_brand","embeddable":true,"href":"https:\/\/hi-techwonder.com\/es\/wp-json\/wp\/v2\/product_brand?post=75623"},{"taxonomy":"product_cat","embeddable":true,"href":"https:\/\/hi-techwonder.com\/es\/wp-json\/wp\/v2\/product_cat?post=75623"},{"taxonomy":"product_tag","embeddable":true,"href":"https:\/\/hi-techwonder.com\/es\/wp-json\/wp\/v2\/product_tag?post=75623"}],"curies":[{"name":"wp","href":"https:\/\/api.w.org\/{rel}","templated":true}]}}