{"id":75633,"date":"2025-07-29T00:16:14","date_gmt":"2025-07-29T00:16:14","guid":{"rendered":"https:\/\/fv6qoy3ls0.wpdns.site\/product\/peli-1610-maleta-rigida-con-ruedas-con-espuma-negro\/"},"modified":"2026-04-22T10:12:27","modified_gmt":"2026-04-22T09:12:27","slug":"peli-1610-maleta-rigida-con-ruedas-con-espuma-negro","status":"publish","type":"product","link":"https:\/\/hi-techwonder.com\/es\/producto\/peli-1610-maleta-rigida-con-ruedas-con-espuma-negro\/","title":{"rendered":"PELI 1610 Maleta r\u00edgida con ruedas con espuma (negro)"},"content":{"rendered":"<p><strong>PELI 1610 Maleta r\u00edgida herm\u00e9tica con espuma (Negro)<\/strong><\/p>\n<p><strong>Funciones:<\/strong><\/p>\n<ul>\n<li>Estuche estanco y a prueba de polvo<\/li>\n<li>Hecho de copol\u00edmero de ultra alto impacto<\/li>\n<li>Juego de espuma incluido<\/li>\n<li>V\u00e1lvula autom\u00e1tica de ecualizaci\u00f3n de presi\u00f3n<\/li>\n<li>Cerraduras dobles f\u00e1ciles de abrir<\/li>\n<li>Asas de transporte moldeadas por goma<\/li>\n<li>Asa retr\u00e1ctil<\/li>\n<li>Ruedas incorporadas<\/li>\n<\/ul>\n<p>El estuche Peli 1610 con juego de espuma, es un estuche r\u00edgido irrompible, herm\u00e9tico, herm\u00e9tico, a prueba de polvo, resistente a productos qu\u00edmicos y a prueba de corrosi\u00f3n, que se utiliza para transportar cualquier tipo de equipo. Est\u00e1 hecho de copol\u00edmero estructural de muy alto impacto que lo hace extremadamente resistente y duradero. Cuenta con un anillo de sellado de neopreno de 6,4mm, 4 cierres dobles de f\u00e1cil apertura que sellan perfectamente. Tiene una v\u00e1lvula de ecualizaci\u00f3n de presi\u00f3n autom\u00e1tica incorporada para cambios de altitud o temperatura. La caja utiliza herrajes de acero inoxidable y tiene protectores de candado para proporcionar mayor resistencia y seguridad adicional contra cortes y robos. Se transporta mediante 3 c\u00f3modas asas de transporte moldeadas de goma, un asa retr\u00e1ctil y ruedas incorporadas.     <\/p>\n<p>Se incluye un juego de espuma de cinco piezas.<\/p>\n<p><strong>Construcci\u00f3n<\/strong><\/p>\n<ul>\n<li>Copol\u00edmero estructural de ultra alto impacto<\/li>\n<li>N\u00facleo de celda abierta con dise\u00f1o de pared s\u00f3lida<\/li>\n<li>Cerraduras dobles f\u00e1ciles de abrir<\/li>\n<li>V\u00e1lvula de compensaci\u00f3n autom\u00e1tica de presi\u00f3n integrada<\/li>\n<li>Protectores de candados<\/li>\n<li>Herrajes de acero inoxidable<\/li>\n<li>Juego de espuma de cinco piezas que consta de una secci\u00f3n superior de espuma de \u00abcaja de huevos\u00bb, tres secciones de espuma Pick &#8216;N Pluck y una secci\u00f3n inferior de espuma<\/li>\n<li>Clasificaci\u00f3n de temperatura -40 \u00b0C a 99 \u00b0C<\/li>\n<\/ul>\n<p><strong>Opciones de transporte<\/strong><\/p>\n<ul>\n<li>&#8211; Asa de transporte moldeada de goma plegable superior<\/li>\n<li>Dos asas laterales moldeadas en goma<\/li>\n<li>Asa de extensi\u00f3n retr\u00e1ctil<\/li>\n<li>Ruedas de poliuretano con rodamientos de acero inoxidable<\/li>\n<\/ul>\n<p><strong>Certificados<\/strong><\/p>\n<ul>\n<li>IP67 (1 metro de inmersi\u00f3n durante 30 minutos) (Protecci\u00f3n de ingreso)<\/li>\n<li>Def Stan 81-41\/STANAG 4280<\/li>\n<li>MIL-STD-810F<\/li>\n<\/ul>\n<p><strong>Caracter\u00edsticas t\u00e9cnicas:<\/strong><\/p>\n<p style=\"padding-left: 40px;\"><strong>Dimensiones<\/strong><\/p>\n<ul>\n<li>Interior (L\u00d7W\u00d7D): 55,1 x 42,2 x 26,8 cm<\/li>\n<li>Exterior (L\u00d7W\u00d7D): 62,8 x 49,7 x 30,3 cm<\/li>\n<\/ul>\n<p><strong>Medidas<\/strong><\/p>\n<ul>\n<li>Profundidad de la tapa: 5,2 cm<\/li>\n<li>Profundidad inferior: 21,6 cm<\/li>\n<li>Profundidad total: 26,8 cm<\/li>\n<li>Volumen interior: 0,062 m\u00b3<\/li>\n<li>Di\u00e1metro del orificio del candado: 8 mm<\/li>\n<\/ul>\n<p><strong>Pesos<\/strong><\/p>\n<ul>\n<li>Peso en vac\u00edo: 9,1 kg<\/li>\n<li>Flotabilidad: 54,4 kg<\/li>\n<\/ul>\n<p><strong>Materiales<\/strong><\/p>\n<ul>\n<li>Material del cuerpo: Polipropileno<\/li>\n<li>Material del pestillo: ABS<\/li>\n<li>Material de la junta t\u00f3rica: pol\u00edmero<\/li>\n<li>Material del pasador: acero inoxidable<\/li>\n<li>Material del cuerpo de purga: ABS<\/li>\n<li>Material de ventilaci\u00f3n de purga: no tejido hidrof\u00f3bico de 3 micras<\/li>\n<\/ul>\n<p><strong>Temperaturas<\/strong><\/p>\n<ul>\n<li>Temperatura m\u00ednima: -40 \u00b0C<\/li>\n<li>Temperatura m\u00e1xima: 99\u00b0C<\/li>\n<\/ul>\n<p><strong>Otro<\/strong><\/p>\n<ul>\n<li>Ruedas: 2<\/li>\n<li>&#8211; Correa extensible: S\u00ed<\/li>\n<\/ul>\n<p><strong>Aprobaciones<\/strong><\/p>\n<ul>\n<li>Certificaciones: IP67 \/ Def Stan 81-41<\/li>\n<\/ul>\n","protected":false},"excerpt":{"rendered":"<p>PELI 1610 Maleta r\u00edgida herm\u00e9tica con espuma (Negro) Funciones: Estuche estanco y a prueba de polvo Hecho de copol\u00edmero de<\/p>\n","protected":false},"featured_media":36890,"comment_status":"closed","ping_status":"open","template":"","meta":{"_acf_changed":false},"product_brand":[2652],"product_cat":[914],"product_tag":[],"class_list":{"0":"post-75633","1":"product","2":"type-product","3":"status-publish","4":"has-post-thumbnail","6":"product_brand-peli-es","7":"product_cat-rigidas-es","9":"first","10":"pre-order","11":"taxable","12":"shipping-taxable","13":"purchasable","14":"product-type-simple"},"bundled_by":[],"bundle_stock_status":"pre-order","bundle_stock_quantity":null,"bundle_virtual":false,"bundle_layout":"","bundle_add_to_cart_form_location":"","bundle_editable_in_cart":false,"bundle_sold_individually_context":"","bundle_item_grouping":"","bundle_min_size":"","bundle_max_size":"","bundle_price":[],"bundled_items":[],"bundle_sell_ids":[],"acf":[],"_links":{"self":[{"href":"https:\/\/hi-techwonder.com\/es\/wp-json\/wp\/v2\/product\/75633","targetHints":{"allow":["GET"]}}],"collection":[{"href":"https:\/\/hi-techwonder.com\/es\/wp-json\/wp\/v2\/product"}],"about":[{"href":"https:\/\/hi-techwonder.com\/es\/wp-json\/wp\/v2\/types\/product"}],"replies":[{"embeddable":true,"href":"https:\/\/hi-techwonder.com\/es\/wp-json\/wp\/v2\/comments?post=75633"}],"wp:featuredmedia":[{"embeddable":true,"href":"https:\/\/hi-techwonder.com\/es\/wp-json\/wp\/v2\/media\/36890"}],"wp:attachment":[{"href":"https:\/\/hi-techwonder.com\/es\/wp-json\/wp\/v2\/media?parent=75633"}],"wp:term":[{"taxonomy":"product_brand","embeddable":true,"href":"https:\/\/hi-techwonder.com\/es\/wp-json\/wp\/v2\/product_brand?post=75633"},{"taxonomy":"product_cat","embeddable":true,"href":"https:\/\/hi-techwonder.com\/es\/wp-json\/wp\/v2\/product_cat?post=75633"},{"taxonomy":"product_tag","embeddable":true,"href":"https:\/\/hi-techwonder.com\/es\/wp-json\/wp\/v2\/product_tag?post=75633"}],"curies":[{"name":"wp","href":"https:\/\/api.w.org\/{rel}","templated":true}]}}