{"id":75647,"date":"2025-07-28T23:45:02","date_gmt":"2025-07-28T23:45:02","guid":{"rendered":"https:\/\/fv6qoy3ls0.wpdns.site\/product\/paterson-ptp325w-reveal-banera-25-4x30-5cm-blanco\/"},"modified":"2025-09-04T07:50:01","modified_gmt":"2025-09-04T07:50:01","slug":"paterson-ptp325w-reveal-banera-25-4x30-5cm-blanco","status":"publish","type":"product","link":"https:\/\/hi-techwonder.com\/es\/producto\/paterson-ptp325w-reveal-banera-25-4x30-5cm-blanco\/","title":{"rendered":"PATERSON PTP325W Reveal &#8211; Ba\u00f1era 25.4&#215;30.5cm &#8211; Blanco"},"content":{"rendered":"<p style=\"margin-bottom: 0cm; border: none; padding: 0cm; font-style: normal; font-weight: normal; widows: 2; orphans: 2; text-align: justify;\"><span style=\"font-size: medium;\">Ba\u00f1era de revelado con 25,4&#215;30,5cm. La forma de la base permite el m\u00e1ximo ahorro de productos qu\u00edmicos y una f\u00e1cil eliminaci\u00f3n del papel. Tiene una punta para facilitar el drenaje de l\u00edquidos.  <\/span><\/p>\n","protected":false},"excerpt":{"rendered":"<p>Ba\u00f1era de revelado con 25,4&#215;30,5cm. La forma de la base permite el m\u00e1ximo ahorro de productos qu\u00edmicos y una f\u00e1cil<\/p>\n","protected":false},"featured_media":27140,"comment_status":"closed","ping_status":"open","template":"","meta":{"_acf_changed":false},"product_brand":[2609],"product_cat":[880],"product_tag":[],"class_list":{"0":"post-75647","1":"product","2":"type-product","3":"status-publish","4":"has-post-thumbnail","6":"product_brand-paterson-es","7":"product_cat-accesorios","9":"first","10":"instock","11":"taxable","12":"shipping-taxable","13":"purchasable","14":"product-type-simple"},"bundled_by":[],"bundle_stock_status":"instock","bundle_stock_quantity":1,"bundle_virtual":false,"bundle_layout":"","bundle_add_to_cart_form_location":"","bundle_editable_in_cart":false,"bundle_sold_individually_context":"","bundle_item_grouping":"","bundle_min_size":"","bundle_max_size":"","bundle_price":[],"bundled_items":[],"bundle_sell_ids":[],"acf":[],"_links":{"self":[{"href":"https:\/\/hi-techwonder.com\/es\/wp-json\/wp\/v2\/product\/75647","targetHints":{"allow":["GET"]}}],"collection":[{"href":"https:\/\/hi-techwonder.com\/es\/wp-json\/wp\/v2\/product"}],"about":[{"href":"https:\/\/hi-techwonder.com\/es\/wp-json\/wp\/v2\/types\/product"}],"replies":[{"embeddable":true,"href":"https:\/\/hi-techwonder.com\/es\/wp-json\/wp\/v2\/comments?post=75647"}],"wp:featuredmedia":[{"embeddable":true,"href":"https:\/\/hi-techwonder.com\/es\/wp-json\/wp\/v2\/media\/27140"}],"wp:attachment":[{"href":"https:\/\/hi-techwonder.com\/es\/wp-json\/wp\/v2\/media?parent=75647"}],"wp:term":[{"taxonomy":"product_brand","embeddable":true,"href":"https:\/\/hi-techwonder.com\/es\/wp-json\/wp\/v2\/product_brand?post=75647"},{"taxonomy":"product_cat","embeddable":true,"href":"https:\/\/hi-techwonder.com\/es\/wp-json\/wp\/v2\/product_cat?post=75647"},{"taxonomy":"product_tag","embeddable":true,"href":"https:\/\/hi-techwonder.com\/es\/wp-json\/wp\/v2\/product_tag?post=75647"}],"curies":[{"name":"wp","href":"https:\/\/api.w.org\/{rel}","templated":true}]}}