{"id":75648,"date":"2025-07-28T23:43:01","date_gmt":"2025-07-28T23:43:01","guid":{"rendered":"https:\/\/fv6qoy3ls0.wpdns.site\/product\/walimex-wt-501-tripode-jirafa\/"},"modified":"2026-02-15T10:25:27","modified_gmt":"2026-02-15T10:25:27","slug":"walimex-wt-501-tripode-jirafa","status":"publish","type":"product","link":"https:\/\/hi-techwonder.com\/es\/producto\/walimex-wt-501-tripode-jirafa\/","title":{"rendered":"WALIMEX WT-501 Tr\u00edpode Jirafa"},"content":{"rendered":"<p><strong>WALIMEX WT-501 Tr\u00edpode Jirafa<\/strong><\/p>\n<p><strong>Funciones:<\/strong><\/p>\n<ul>\n<li>Longitud de la lanza: aprox. 210 cm <\/li>\n<li>M\u00e1ximo. Altura aprox. 175cm  <\/li>\n<li>Altura m\u00ednima aprox. 111cm <\/li>\n<li>Altura plegada aprox. 120 cm <\/li>\n<li>M\u00e1ximo. Di\u00e1metro del tubo aprox. 3,45 cm  <\/li>\n<li>Peso total aprox. 7895g <\/li>\n<li>Contrapeso aprox. 4350g <\/li>\n<li>Peso m\u00e1ximo aprox. 5000g <\/li>\n<li>Conexi\u00f3n V\u00e1stago de 5\/8&#8243; con rosca de 1\/4&#8243;<\/li>\n<\/ul>\n","protected":false},"excerpt":{"rendered":"<p>WALIMEX WT-501 Tr\u00edpode Jirafa Funciones: Longitud de la lanza: aprox. 210 cm M\u00e1ximo. Altura aprox. 175cm Altura m\u00ednima aprox. 111cm<\/p>\n","protected":false},"featured_media":26648,"comment_status":"closed","ping_status":"open","template":"","meta":{"_acf_changed":false},"product_brand":[2553],"product_cat":[969],"product_tag":[],"class_list":{"0":"post-75648","1":"product","2":"type-product","3":"status-publish","4":"has-post-thumbnail","6":"product_brand-walimex-es","7":"product_cat-jirafas","9":"first","10":"instock","11":"taxable","12":"shipping-taxable","13":"purchasable","14":"product-type-simple"},"bundled_by":[],"bundle_stock_status":"instock","bundle_stock_quantity":1,"bundle_virtual":false,"bundle_layout":"","bundle_add_to_cart_form_location":"","bundle_editable_in_cart":false,"bundle_sold_individually_context":"","bundle_item_grouping":"","bundle_min_size":"","bundle_max_size":"","bundle_price":[],"bundled_items":[],"bundle_sell_ids":[],"acf":[],"_links":{"self":[{"href":"https:\/\/hi-techwonder.com\/es\/wp-json\/wp\/v2\/product\/75648","targetHints":{"allow":["GET"]}}],"collection":[{"href":"https:\/\/hi-techwonder.com\/es\/wp-json\/wp\/v2\/product"}],"about":[{"href":"https:\/\/hi-techwonder.com\/es\/wp-json\/wp\/v2\/types\/product"}],"replies":[{"embeddable":true,"href":"https:\/\/hi-techwonder.com\/es\/wp-json\/wp\/v2\/comments?post=75648"}],"wp:featuredmedia":[{"embeddable":true,"href":"https:\/\/hi-techwonder.com\/es\/wp-json\/wp\/v2\/media\/26648"}],"wp:attachment":[{"href":"https:\/\/hi-techwonder.com\/es\/wp-json\/wp\/v2\/media?parent=75648"}],"wp:term":[{"taxonomy":"product_brand","embeddable":true,"href":"https:\/\/hi-techwonder.com\/es\/wp-json\/wp\/v2\/product_brand?post=75648"},{"taxonomy":"product_cat","embeddable":true,"href":"https:\/\/hi-techwonder.com\/es\/wp-json\/wp\/v2\/product_cat?post=75648"},{"taxonomy":"product_tag","embeddable":true,"href":"https:\/\/hi-techwonder.com\/es\/wp-json\/wp\/v2\/product_tag?post=75648"}],"curies":[{"name":"wp","href":"https:\/\/api.w.org\/{rel}","templated":true}]}}