{"id":75652,"date":"2025-07-28T23:43:25","date_gmt":"2025-07-28T23:43:25","guid":{"rendered":"https:\/\/fv6qoy3ls0.wpdns.site\/product\/walimex-pro-ruedas-de-tripode\/"},"modified":"2026-02-13T15:17:19","modified_gmt":"2026-02-13T15:17:19","slug":"walimex-pro-ruedas-de-tripode","status":"publish","type":"product","link":"https:\/\/hi-techwonder.com\/es\/producto\/walimex-pro-ruedas-de-tripode\/","title":{"rendered":"WALIMEX Pro Ruedas de tr\u00edpode"},"content":{"rendered":"<p><strong>WALIMEX Pro Ruedas de tr\u00edpode<\/strong><\/p>\n<p><strong>Funciones:<\/strong><\/p>\n<ul>\n<li>Juego de 3 ruedas.<\/li>\n<li>Hace que la iluminaci\u00f3n en el estudio sea m\u00e1s flexible.<\/li>\n<li>Versi\u00f3n s\u00f3lida para uso profesional.<\/li>\n<li>Para tr\u00edpodes con un m\u00e1x. de 23 mm. <\/li>\n<\/ul>\n","protected":false},"excerpt":{"rendered":"<p>WALIMEX Pro Ruedas de tr\u00edpode Funciones: Juego de 3 ruedas. Hace que la iluminaci\u00f3n en el estudio sea m\u00e1s flexible.<\/p>\n","protected":false},"featured_media":26731,"comment_status":"closed","ping_status":"open","template":"","meta":{"_acf_changed":false},"product_brand":[2553],"product_cat":[968],"product_tag":[],"class_list":{"0":"post-75652","1":"product","2":"type-product","3":"status-publish","4":"has-post-thumbnail","6":"product_brand-walimex-es","7":"product_cat-dollys-es","9":"first","10":"instock","11":"taxable","12":"shipping-taxable","13":"purchasable","14":"product-type-simple"},"bundled_by":[],"bundle_stock_status":"instock","bundle_stock_quantity":1,"bundle_virtual":false,"bundle_layout":"","bundle_add_to_cart_form_location":"","bundle_editable_in_cart":false,"bundle_sold_individually_context":"","bundle_item_grouping":"","bundle_min_size":"","bundle_max_size":"","bundle_price":[],"bundled_items":[],"bundle_sell_ids":[],"acf":[],"_links":{"self":[{"href":"https:\/\/hi-techwonder.com\/es\/wp-json\/wp\/v2\/product\/75652","targetHints":{"allow":["GET"]}}],"collection":[{"href":"https:\/\/hi-techwonder.com\/es\/wp-json\/wp\/v2\/product"}],"about":[{"href":"https:\/\/hi-techwonder.com\/es\/wp-json\/wp\/v2\/types\/product"}],"replies":[{"embeddable":true,"href":"https:\/\/hi-techwonder.com\/es\/wp-json\/wp\/v2\/comments?post=75652"}],"wp:featuredmedia":[{"embeddable":true,"href":"https:\/\/hi-techwonder.com\/es\/wp-json\/wp\/v2\/media\/26731"}],"wp:attachment":[{"href":"https:\/\/hi-techwonder.com\/es\/wp-json\/wp\/v2\/media?parent=75652"}],"wp:term":[{"taxonomy":"product_brand","embeddable":true,"href":"https:\/\/hi-techwonder.com\/es\/wp-json\/wp\/v2\/product_brand?post=75652"},{"taxonomy":"product_cat","embeddable":true,"href":"https:\/\/hi-techwonder.com\/es\/wp-json\/wp\/v2\/product_cat?post=75652"},{"taxonomy":"product_tag","embeddable":true,"href":"https:\/\/hi-techwonder.com\/es\/wp-json\/wp\/v2\/product_tag?post=75652"}],"curies":[{"name":"wp","href":"https:\/\/api.w.org\/{rel}","templated":true}]}}