{"id":75655,"date":"2025-07-28T23:45:13","date_gmt":"2025-07-28T23:45:13","guid":{"rendered":"https:\/\/fv6qoy3ls0.wpdns.site\/product\/manguera-de-descarga-paterson-ptp201\/"},"modified":"2026-01-31T03:32:07","modified_gmt":"2026-01-31T03:32:07","slug":"paterson-manguera-de-descarga-paterson-ptp201","status":"publish","type":"product","link":"https:\/\/hi-techwonder.com\/es\/producto\/paterson-manguera-de-descarga-paterson-ptp201\/","title":{"rendered":"Manguera de descarga PATERSON PTP201"},"content":{"rendered":"<p>La manguera Paterson ofrece un lavado de pel\u00edcula r\u00e1pido y eficiente.<\/p>\n<p>Es compatible con la mayor\u00eda de los grifos dom\u00e9sticos y fue creado para los tanques Paterson.<\/p>\n","protected":false},"excerpt":{"rendered":"<p>La manguera Paterson ofrece un lavado de pel\u00edcula r\u00e1pido y eficiente. Es compatible con la mayor\u00eda de los grifos dom\u00e9sticos<\/p>\n","protected":false},"featured_media":27161,"comment_status":"closed","ping_status":"open","template":"","meta":{"_acf_changed":false},"product_brand":[2609],"product_cat":[880],"product_tag":[],"class_list":{"0":"post-75655","1":"product","2":"type-product","3":"status-publish","4":"has-post-thumbnail","6":"product_brand-paterson-es","7":"product_cat-accesorios","9":"first","10":"onbackorder","11":"taxable","12":"shipping-taxable","13":"purchasable","14":"product-type-simple"},"bundled_by":[],"bundle_stock_status":"onbackorder","bundle_stock_quantity":null,"bundle_virtual":false,"bundle_layout":"","bundle_add_to_cart_form_location":"","bundle_editable_in_cart":false,"bundle_sold_individually_context":"","bundle_item_grouping":"","bundle_min_size":"","bundle_max_size":"","bundle_price":[],"bundled_items":[],"bundle_sell_ids":[],"acf":[],"_links":{"self":[{"href":"https:\/\/hi-techwonder.com\/es\/wp-json\/wp\/v2\/product\/75655","targetHints":{"allow":["GET"]}}],"collection":[{"href":"https:\/\/hi-techwonder.com\/es\/wp-json\/wp\/v2\/product"}],"about":[{"href":"https:\/\/hi-techwonder.com\/es\/wp-json\/wp\/v2\/types\/product"}],"replies":[{"embeddable":true,"href":"https:\/\/hi-techwonder.com\/es\/wp-json\/wp\/v2\/comments?post=75655"}],"wp:featuredmedia":[{"embeddable":true,"href":"https:\/\/hi-techwonder.com\/es\/wp-json\/wp\/v2\/media\/27161"}],"wp:attachment":[{"href":"https:\/\/hi-techwonder.com\/es\/wp-json\/wp\/v2\/media?parent=75655"}],"wp:term":[{"taxonomy":"product_brand","embeddable":true,"href":"https:\/\/hi-techwonder.com\/es\/wp-json\/wp\/v2\/product_brand?post=75655"},{"taxonomy":"product_cat","embeddable":true,"href":"https:\/\/hi-techwonder.com\/es\/wp-json\/wp\/v2\/product_cat?post=75655"},{"taxonomy":"product_tag","embeddable":true,"href":"https:\/\/hi-techwonder.com\/es\/wp-json\/wp\/v2\/product_tag?post=75655"}],"curies":[{"name":"wp","href":"https:\/\/api.w.org\/{rel}","templated":true}]}}