{"id":75658,"date":"2025-07-28T23:45:08","date_gmt":"2025-07-28T23:45:08","guid":{"rendered":"https:\/\/fv6qoy3ls0.wpdns.site\/product\/cilindro-graduado-paterson-ptp305-de-1200-ml\/"},"modified":"2026-01-31T03:32:14","modified_gmt":"2026-01-31T03:32:14","slug":"paterson-cilindro-graduado-paterson-ptp305-de-1200-ml","status":"publish","type":"product","link":"https:\/\/hi-techwonder.com\/es\/producto\/paterson-cilindro-graduado-paterson-ptp305-de-1200-ml\/","title":{"rendered":"Cilindro graduado PATERSON PTP305 de 1200 ml"},"content":{"rendered":"<p style=\"margin-bottom: 0cm;border: none;padding: 0cm;font-style: normal;font-weight: normal\" align=\"LEFT\"><span style=\"font-family: Arial, sans-serif\"><span style=\"font-size: x-small\"><span style=\"font-size: small\">Los vasos de precipitados Paterson est\u00e1n hechos de poliestireno transparente y cuidadosamente moldeados para garantizar mediciones precisas.<br \/>Resistente a los productos qu\u00edmicos fotogr\u00e1ficos y calibrado en sistema m\u00e9trico e imperial.<\/span><\/span><\/span><\/p>\n","protected":false},"excerpt":{"rendered":"<p>Los vasos de precipitados Paterson est\u00e1n hechos de poliestireno transparente y cuidadosamente moldeados para garantizar mediciones precisas.Resistente a los productos<\/p>\n","protected":false},"featured_media":27143,"comment_status":"closed","ping_status":"open","template":"","meta":{"_acf_changed":false},"product_brand":[2609],"product_cat":[880],"product_tag":[],"class_list":{"0":"post-75658","1":"product","2":"type-product","3":"status-publish","4":"has-post-thumbnail","6":"product_brand-paterson-es","7":"product_cat-accesorios","9":"first","10":"onbackorder","11":"taxable","12":"shipping-taxable","13":"purchasable","14":"product-type-simple"},"bundled_by":[],"bundle_stock_status":"onbackorder","bundle_stock_quantity":null,"bundle_virtual":false,"bundle_layout":"","bundle_add_to_cart_form_location":"","bundle_editable_in_cart":false,"bundle_sold_individually_context":"","bundle_item_grouping":"","bundle_min_size":"","bundle_max_size":"","bundle_price":[],"bundled_items":[],"bundle_sell_ids":[],"acf":[],"_links":{"self":[{"href":"https:\/\/hi-techwonder.com\/es\/wp-json\/wp\/v2\/product\/75658","targetHints":{"allow":["GET"]}}],"collection":[{"href":"https:\/\/hi-techwonder.com\/es\/wp-json\/wp\/v2\/product"}],"about":[{"href":"https:\/\/hi-techwonder.com\/es\/wp-json\/wp\/v2\/types\/product"}],"replies":[{"embeddable":true,"href":"https:\/\/hi-techwonder.com\/es\/wp-json\/wp\/v2\/comments?post=75658"}],"wp:featuredmedia":[{"embeddable":true,"href":"https:\/\/hi-techwonder.com\/es\/wp-json\/wp\/v2\/media\/27143"}],"wp:attachment":[{"href":"https:\/\/hi-techwonder.com\/es\/wp-json\/wp\/v2\/media?parent=75658"}],"wp:term":[{"taxonomy":"product_brand","embeddable":true,"href":"https:\/\/hi-techwonder.com\/es\/wp-json\/wp\/v2\/product_brand?post=75658"},{"taxonomy":"product_cat","embeddable":true,"href":"https:\/\/hi-techwonder.com\/es\/wp-json\/wp\/v2\/product_cat?post=75658"},{"taxonomy":"product_tag","embeddable":true,"href":"https:\/\/hi-techwonder.com\/es\/wp-json\/wp\/v2\/product_tag?post=75658"}],"curies":[{"name":"wp","href":"https:\/\/api.w.org\/{rel}","templated":true}]}}