{"id":75660,"date":"2025-07-28T23:45:13","date_gmt":"2025-07-28T23:45:13","guid":{"rendered":"https:\/\/fv6qoy3ls0.wpdns.site\/product\/paterson-ptp258-rejilla-de-secado-rapido\/"},"modified":"2025-09-04T07:49:51","modified_gmt":"2025-09-04T07:49:51","slug":"paterson-ptp258-rejilla-de-secado-rapido","status":"publish","type":"product","link":"https:\/\/hi-techwonder.com\/es\/producto\/paterson-ptp258-rejilla-de-secado-rapido\/","title":{"rendered":"PATERSON PTP258 Rejilla de secado r\u00e1pido"},"content":{"rendered":"<p>Las impresiones en papel RC se secan en plano y r\u00e1pidamente en la rejilla de secado r\u00e1pido Paterson, que permite la libre circulaci\u00f3n de aire.<\/p>\n<p>Este estante admite hasta 5 impresiones de 12&#215;16&#8243; (30,5&#215;40,6 cm) o 10 impresiones de 8&#215;10&#8243; (20,3&#215;25,4 cm) o m\u00e1s peque\u00f1as.<\/p>\n<p>Este estante fue desarrollado para papel recubierto de resina.<\/p>\n<ul>\n<li>Los separadores especiales garantizan un contacto m\u00ednimo con la impresi\u00f3n.<\/li>\n<li>Unidad compacta, pero con capacidad para diez impresiones de 8&#215;10&#8243;.<\/li>\n<\/ul>\n","protected":false},"excerpt":{"rendered":"<p>Las impresiones en papel RC se secan en plano y r\u00e1pidamente en la rejilla de secado r\u00e1pido Paterson, que permite<\/p>\n","protected":false},"featured_media":27178,"comment_status":"closed","ping_status":"open","template":"","meta":{"_acf_changed":false},"product_brand":[2609],"product_cat":[880],"product_tag":[],"class_list":{"0":"post-75660","1":"product","2":"type-product","3":"status-publish","4":"has-post-thumbnail","6":"product_brand-paterson-es","7":"product_cat-accesorios","9":"first","10":"onbackorder","11":"taxable","12":"shipping-taxable","13":"purchasable","14":"product-type-simple"},"bundled_by":[],"bundle_stock_status":"onbackorder","bundle_stock_quantity":null,"bundle_virtual":false,"bundle_layout":"","bundle_add_to_cart_form_location":"","bundle_editable_in_cart":false,"bundle_sold_individually_context":"","bundle_item_grouping":"","bundle_min_size":"","bundle_max_size":"","bundle_price":[],"bundled_items":[],"bundle_sell_ids":[],"acf":[],"_links":{"self":[{"href":"https:\/\/hi-techwonder.com\/es\/wp-json\/wp\/v2\/product\/75660","targetHints":{"allow":["GET"]}}],"collection":[{"href":"https:\/\/hi-techwonder.com\/es\/wp-json\/wp\/v2\/product"}],"about":[{"href":"https:\/\/hi-techwonder.com\/es\/wp-json\/wp\/v2\/types\/product"}],"replies":[{"embeddable":true,"href":"https:\/\/hi-techwonder.com\/es\/wp-json\/wp\/v2\/comments?post=75660"}],"wp:featuredmedia":[{"embeddable":true,"href":"https:\/\/hi-techwonder.com\/es\/wp-json\/wp\/v2\/media\/27178"}],"wp:attachment":[{"href":"https:\/\/hi-techwonder.com\/es\/wp-json\/wp\/v2\/media?parent=75660"}],"wp:term":[{"taxonomy":"product_brand","embeddable":true,"href":"https:\/\/hi-techwonder.com\/es\/wp-json\/wp\/v2\/product_brand?post=75660"},{"taxonomy":"product_cat","embeddable":true,"href":"https:\/\/hi-techwonder.com\/es\/wp-json\/wp\/v2\/product_cat?post=75660"},{"taxonomy":"product_tag","embeddable":true,"href":"https:\/\/hi-techwonder.com\/es\/wp-json\/wp\/v2\/product_tag?post=75660"}],"curies":[{"name":"wp","href":"https:\/\/api.w.org\/{rel}","templated":true}]}}