{"id":75666,"date":"2025-07-28T23:45:17","date_gmt":"2025-07-28T23:45:17","guid":{"rendered":"https:\/\/fv6qoy3ls0.wpdns.site\/product\/paterson-ptp334-kit-de-3-cubos-de-revelado-20x25cm\/"},"modified":"2025-12-10T10:04:12","modified_gmt":"2025-12-10T10:04:12","slug":"paterson-ptp334-kit-de-3-cubos-de-revelado-20x25cm","status":"publish","type":"product","link":"https:\/\/hi-techwonder.com\/es\/producto\/paterson-ptp334-kit-de-3-cubos-de-revelado-20x25cm\/","title":{"rendered":"PATERSON PTP334 Kit de 3 Cubos de Revelado 20x25cm"},"content":{"rendered":"<p><strong>Paterson PTP334 Kit de 3 Ba\u00f1eras de Revelado 20x25cm<\/strong><\/p>\n<p>Ba\u00f1eras de revelado con 20x25cm. La forma de la base permite el m\u00e1ximo ahorro de productos qu\u00edmicos y una f\u00e1cil eliminaci\u00f3n del papel. Tiene una punta para facilitar el drenaje de l\u00edquidos.  <\/p>\n<p>Color de las cubiertas: Negro, Rojo, Blanco<\/p>\n","protected":false},"excerpt":{"rendered":"<p>Paterson PTP334 Kit de 3 Ba\u00f1eras de Revelado 20x25cm Ba\u00f1eras de revelado con 20x25cm. La forma de la base permite<\/p>\n","protected":false},"featured_media":27184,"comment_status":"closed","ping_status":"open","template":"","meta":{"_acf_changed":false},"product_brand":[2609],"product_cat":[880],"product_tag":[],"class_list":{"0":"post-75666","1":"product","2":"type-product","3":"status-publish","4":"has-post-thumbnail","6":"product_brand-paterson-es","7":"product_cat-accesorios","9":"first","10":"onbackorder","11":"taxable","12":"shipping-taxable","13":"purchasable","14":"product-type-simple"},"bundled_by":[],"bundle_stock_status":"onbackorder","bundle_stock_quantity":null,"bundle_virtual":false,"bundle_layout":"","bundle_add_to_cart_form_location":"","bundle_editable_in_cart":false,"bundle_sold_individually_context":"","bundle_item_grouping":"","bundle_min_size":"","bundle_max_size":"","bundle_price":[],"bundled_items":[],"bundle_sell_ids":[],"acf":[],"_links":{"self":[{"href":"https:\/\/hi-techwonder.com\/es\/wp-json\/wp\/v2\/product\/75666","targetHints":{"allow":["GET"]}}],"collection":[{"href":"https:\/\/hi-techwonder.com\/es\/wp-json\/wp\/v2\/product"}],"about":[{"href":"https:\/\/hi-techwonder.com\/es\/wp-json\/wp\/v2\/types\/product"}],"replies":[{"embeddable":true,"href":"https:\/\/hi-techwonder.com\/es\/wp-json\/wp\/v2\/comments?post=75666"}],"wp:featuredmedia":[{"embeddable":true,"href":"https:\/\/hi-techwonder.com\/es\/wp-json\/wp\/v2\/media\/27184"}],"wp:attachment":[{"href":"https:\/\/hi-techwonder.com\/es\/wp-json\/wp\/v2\/media?parent=75666"}],"wp:term":[{"taxonomy":"product_brand","embeddable":true,"href":"https:\/\/hi-techwonder.com\/es\/wp-json\/wp\/v2\/product_brand?post=75666"},{"taxonomy":"product_cat","embeddable":true,"href":"https:\/\/hi-techwonder.com\/es\/wp-json\/wp\/v2\/product_cat?post=75666"},{"taxonomy":"product_tag","embeddable":true,"href":"https:\/\/hi-techwonder.com\/es\/wp-json\/wp\/v2\/product_tag?post=75666"}],"curies":[{"name":"wp","href":"https:\/\/api.w.org\/{rel}","templated":true}]}}