{"id":75670,"date":"2025-07-28T23:45:21","date_gmt":"2025-07-28T23:45:21","guid":{"rendered":"https:\/\/fv6qoy3ls0.wpdns.site\/product\/paterson-ptp643-lupa-de-enfoque-micro-paterson\/"},"modified":"2025-09-04T07:49:36","modified_gmt":"2025-09-04T07:49:36","slug":"paterson-ptp643-lupa-de-enfoque-micro-paterson","status":"publish","type":"product","link":"https:\/\/hi-techwonder.com\/es\/producto\/paterson-ptp643-lupa-de-enfoque-micro-paterson\/","title":{"rendered":"PATERSON PTP643 &#8211; LUPA DE ENFOQUE MICRO PATERSON"},"content":{"rendered":"<p><strong>Lupa de microenfoque PATERSON PTP643<\/strong><\/p>\n<p><strong>Caracter\u00edsticas principales:<\/strong><\/p>\n<ul>\n<li>Ajustable para visi\u00f3n individual<\/li>\n<li>15 cm de altura<\/li>\n<li>El obturador protege la lente y el espejo<\/li>\n<\/ul>\n<p>El buscador de microenfoque Paterson est\u00e1 dise\u00f1ado para producir una imagen altamente ampliada de la imagen que se proyecta en la parte inferior de la lupa. Esto permite que la estructura granular del negativo se enfoque n\u00edtidamente a medida que se ajusta la imagen antes de exponer el papel de impresi\u00f3n. <\/p>\n<p>El ocular es ajustable para una visi\u00f3n individual.&nbsp;  Mediante el uso del tornillo de bloqueo suministrado, el ocular se bloquea en la posici\u00f3n de ajuste, moviendo con cuidado el ocular hacia arriba y hacia abajo mientras mira a trav\u00e9s de \u00e9l, hasta que la ret\u00edcula integrada en el ocular se vea clara.<\/p>\n<p>Un obturador deslizante protege el espejo interno cuando el ocular no est\u00e1 en uso.<\/p>\n<p><strong>Caracter\u00edsticas t\u00e9cnicas:<\/strong><\/p>\n<ul>\n<li>Ancho 8,00 cm<\/li>\n<li>Altura 15.00 cm<\/li>\n<li>Profundidad 8,50 cm<\/li>\n<li>Peso 0.136 kg<\/li>\n<\/ul>\n","protected":false},"excerpt":{"rendered":"<p>Lupa de microenfoque PATERSON PTP643 Caracter\u00edsticas principales: Ajustable para visi\u00f3n individual 15 cm de altura El obturador protege la lente<\/p>\n","protected":false},"featured_media":27206,"comment_status":"closed","ping_status":"open","template":"","meta":{"_acf_changed":false},"product_brand":[2609],"product_cat":[880],"product_tag":[],"class_list":{"0":"post-75670","1":"product","2":"type-product","3":"status-publish","4":"has-post-thumbnail","6":"product_brand-paterson-es","7":"product_cat-accesorios","9":"first","10":"onbackorder","11":"taxable","12":"shipping-taxable","13":"purchasable","14":"product-type-simple"},"bundled_by":[],"bundle_stock_status":"onbackorder","bundle_stock_quantity":null,"bundle_virtual":false,"bundle_layout":"","bundle_add_to_cart_form_location":"","bundle_editable_in_cart":false,"bundle_sold_individually_context":"","bundle_item_grouping":"","bundle_min_size":"","bundle_max_size":"","bundle_price":[],"bundled_items":[],"bundle_sell_ids":[],"acf":[],"_links":{"self":[{"href":"https:\/\/hi-techwonder.com\/es\/wp-json\/wp\/v2\/product\/75670","targetHints":{"allow":["GET"]}}],"collection":[{"href":"https:\/\/hi-techwonder.com\/es\/wp-json\/wp\/v2\/product"}],"about":[{"href":"https:\/\/hi-techwonder.com\/es\/wp-json\/wp\/v2\/types\/product"}],"replies":[{"embeddable":true,"href":"https:\/\/hi-techwonder.com\/es\/wp-json\/wp\/v2\/comments?post=75670"}],"wp:featuredmedia":[{"embeddable":true,"href":"https:\/\/hi-techwonder.com\/es\/wp-json\/wp\/v2\/media\/27206"}],"wp:attachment":[{"href":"https:\/\/hi-techwonder.com\/es\/wp-json\/wp\/v2\/media?parent=75670"}],"wp:term":[{"taxonomy":"product_brand","embeddable":true,"href":"https:\/\/hi-techwonder.com\/es\/wp-json\/wp\/v2\/product_brand?post=75670"},{"taxonomy":"product_cat","embeddable":true,"href":"https:\/\/hi-techwonder.com\/es\/wp-json\/wp\/v2\/product_cat?post=75670"},{"taxonomy":"product_tag","embeddable":true,"href":"https:\/\/hi-techwonder.com\/es\/wp-json\/wp\/v2\/product_tag?post=75670"}],"curies":[{"name":"wp","href":"https:\/\/api.w.org\/{rel}","templated":true}]}}