{"id":75672,"date":"2025-07-28T23:56:35","date_gmt":"2025-07-28T23:56:35","guid":{"rendered":"https:\/\/fv6qoy3ls0.wpdns.site\/product\/paquete-de-accesorios-tascam-ak-dr70c\/"},"modified":"2026-01-31T03:19:31","modified_gmt":"2026-01-31T03:19:31","slug":"tascam-paquete-de-accesorios-tascam-ak-dr70c","status":"publish","type":"product","link":"https:\/\/hi-techwonder.com\/es\/producto\/tascam-paquete-de-accesorios-tascam-ak-dr70c\/","title":{"rendered":"Paquete de accesorios TASCAM AK-DR70C"},"content":{"rendered":"<p><strong>ASPECTOS DESTACADOS DEL PRODUCTO<\/strong><\/p>\n<ul>\n<li>Parabrisas difuso para micr\u00f3fonos incorporados<\/li>\n<li>Adaptador de zapata para montaje DSLR<\/li>\n<li>Dos minicables est\u00e9reo<\/li>\n<li>Para registradores <a href=\"https:\/\/hi-techwonder.com\/tascam-dr-70d-4-channel-audio-recorder\">de campo DR-70D<\/a> y <a href=\"https:\/\/hi-techwonder.com\/tascam-dr-701d-6-track-field-recorder\">DR-701D<\/a><\/li>\n<li>Interfaces de grabadora a c\u00e1mara<\/li>\n<\/ul>\n<p>Dise\u00f1ado espec\u00edficamente para funcionar con los grabadores <a href=\"https:\/\/hi-techwonder.com\/tascam-dr-70d-4-channel-audio-recorder\">de campo DR-70D<\/a> y <a href=\"https:\/\/hi-techwonder.com\/tascam-dr-701d-6-track-field-recorder\">DR-701D<\/a> , el kit de accesorios Tascam DR-70D consta de un parabrisas difuso que encaja de forma segura en los micr\u00f3fonos incorporados de la grabadora para grabar en exteriores, un adaptador de montaje en zapata que le permite conectar la grabadora al soporte de zapata de una c\u00e1mara r\u00e9flex digital o sin espejo para una variedad m\u00e1s amplia de opciones de configuraci\u00f3n, y dos cables mini jack Est\u00e9reo de 3,5 mm para conectar la grabadora a la c\u00e1mara.<\/p>\n<p><strong>Parabrisas difuso<\/strong><br \/>Se adapta a la forma del DR-70D y DR-701D para ayudar a prevenir el ruido del viento<\/p>\n<p><strong>Adaptador de montaje de zapata caliente<\/strong><br \/>Permite montar la grabadora en una zapata de accesorios de c\u00e1mara o conectar un sistema inal\u00e1mbrico o un micr\u00f3fono de ca\u00f1\u00f3n a la grabadora<\/p>\n<p><strong>Cables mini jack est\u00e9reo de 3,5 mm<\/strong><br \/>Le permite conectar un cable entre el conector de salida de la c\u00e1mara de la grabadora y la entrada auxiliar de la c\u00e1mara, y la otra entrada de audio entre el conector de salida de auriculares de la c\u00e1mara y el conector de entrada de la c\u00e1mara de la grabadora<\/p>\n","protected":false},"excerpt":{"rendered":"<p>ASPECTOS DESTACADOS DEL PRODUCTO Parabrisas difuso para micr\u00f3fonos incorporados Adaptador de zapata para montaje DSLR Dos minicables est\u00e9reo Para registradores<\/p>\n","protected":false},"featured_media":30510,"comment_status":"closed","ping_status":"open","template":"","meta":{"_acf_changed":false},"product_brand":[2633],"product_cat":[890],"product_tag":[],"class_list":{"0":"post-75672","1":"product","2":"type-product","3":"status-publish","4":"has-post-thumbnail","6":"product_brand-tascam-es","7":"product_cat-otros-accesorios-otros","9":"first","10":"instock","11":"taxable","12":"shipping-taxable","13":"purchasable","14":"product-type-simple"},"bundled_by":[],"bundle_stock_status":"instock","bundle_stock_quantity":1,"bundle_virtual":false,"bundle_layout":"","bundle_add_to_cart_form_location":"","bundle_editable_in_cart":false,"bundle_sold_individually_context":"","bundle_item_grouping":"","bundle_min_size":"","bundle_max_size":"","bundle_price":[],"bundled_items":[],"bundle_sell_ids":[],"acf":[],"_links":{"self":[{"href":"https:\/\/hi-techwonder.com\/es\/wp-json\/wp\/v2\/product\/75672","targetHints":{"allow":["GET"]}}],"collection":[{"href":"https:\/\/hi-techwonder.com\/es\/wp-json\/wp\/v2\/product"}],"about":[{"href":"https:\/\/hi-techwonder.com\/es\/wp-json\/wp\/v2\/types\/product"}],"replies":[{"embeddable":true,"href":"https:\/\/hi-techwonder.com\/es\/wp-json\/wp\/v2\/comments?post=75672"}],"wp:featuredmedia":[{"embeddable":true,"href":"https:\/\/hi-techwonder.com\/es\/wp-json\/wp\/v2\/media\/30510"}],"wp:attachment":[{"href":"https:\/\/hi-techwonder.com\/es\/wp-json\/wp\/v2\/media?parent=75672"}],"wp:term":[{"taxonomy":"product_brand","embeddable":true,"href":"https:\/\/hi-techwonder.com\/es\/wp-json\/wp\/v2\/product_brand?post=75672"},{"taxonomy":"product_cat","embeddable":true,"href":"https:\/\/hi-techwonder.com\/es\/wp-json\/wp\/v2\/product_cat?post=75672"},{"taxonomy":"product_tag","embeddable":true,"href":"https:\/\/hi-techwonder.com\/es\/wp-json\/wp\/v2\/product_tag?post=75672"}],"curies":[{"name":"wp","href":"https:\/\/api.w.org\/{rel}","templated":true}]}}