{"id":75673,"date":"2025-07-28T23:58:00","date_gmt":"2025-07-28T23:58:00","guid":{"rendered":"https:\/\/fv6qoy3ls0.wpdns.site\/product\/peak-design-slide-lite-sll-bk-3-correa-de-camara-negra-negro\/"},"modified":"2026-02-10T17:50:27","modified_gmt":"2026-02-10T17:50:27","slug":"peak-design-slide-lite-sll-bk-3-correa-de-camara-negra-negro","status":"publish","type":"product","link":"https:\/\/hi-techwonder.com\/es\/producto\/peak-design-slide-lite-sll-bk-3-correa-de-camara-negra-negro\/","title":{"rendered":"PEAK DESIGN Slide Lite SLL-BK-3 Correa de c\u00e1mara Negra (Negro)"},"content":{"rendered":"<p>La correa SLIDE LITE tiene la versatilidad de la correa SLIDE, lo que la hace perfecta para c\u00e1maras sin espejo y DSLR.<br \/>Puede usar esta correa en todo el cuerpo, como correa para el cuello o como correa para el hombro.<br \/>Esta correa cuenta con una construcci\u00f3n de nailon y un lado suave antideslizante. Cuenta con ajustadores que ofrecen acceso instant\u00e1neo y reconfiguraci\u00f3n r\u00e1pida.<br \/>El sistema de anclaje permite una conexi\u00f3n r\u00e1pida y los puntos de conexi\u00f3n dobles mantienen la c\u00e1mara m\u00e1s estable que las manijas tradicionales. Estos anclajes se pueden usar con una placa de tr\u00edpode o un soporte en L, as\u00ed como con cualquier placa Peak Design.  <\/p>\n<p><strong>Especificaciones t\u00e9cnicas:<\/strong><\/p>\n<ul>\n<li>Longitud m\u00e1xima: 145cm<\/li>\n<li>Longitud m\u00ednima: 99cm<\/li>\n<li>Ancho: 32mm<\/li>\n<li>Materiales de la correa: Nylon (calidad de cintur\u00f3n de seguridad), aluminio anodizado, nylon reforzado con vidrio, Hypalon y parte superior<\/li>\n<li>Materiales del conector: nailon reforzado con fibra de vidrio, acero inoxidable y termopl\u00e1stico<\/li>\n<li>Peso: 104g<\/li>\n<li>Di\u00e1metro de la cabeza del anclaje: 17 mm<\/li>\n<li>Longitud del lazo de anclaje: 43 mm<\/li>\n<\/ul>\n","protected":false},"excerpt":{"rendered":"<p>La correa SLIDE LITE tiene la versatilidad de la correa SLIDE, lo que la hace perfecta para c\u00e1maras sin espejo<\/p>\n","protected":false},"featured_media":31050,"comment_status":"closed","ping_status":"closed","template":"","meta":{"_acf_changed":false},"product_brand":[2640],"product_cat":[903],"product_tag":[],"class_list":{"0":"post-75673","1":"product","2":"type-product","3":"status-publish","4":"has-post-thumbnail","6":"product_brand-peak-design-es","7":"product_cat-correas-y-tirantes","8":"pa_cor-negro","10":"first","11":"onbackorder","12":"taxable","13":"shipping-taxable","14":"purchasable","15":"product-type-simple"},"bundled_by":[],"bundle_stock_status":"onbackorder","bundle_stock_quantity":null,"bundle_virtual":false,"bundle_layout":"","bundle_add_to_cart_form_location":"","bundle_editable_in_cart":false,"bundle_sold_individually_context":"","bundle_item_grouping":"","bundle_min_size":"","bundle_max_size":"","bundle_price":[],"bundled_items":[],"bundle_sell_ids":[],"acf":[],"_links":{"self":[{"href":"https:\/\/hi-techwonder.com\/es\/wp-json\/wp\/v2\/product\/75673","targetHints":{"allow":["GET"]}}],"collection":[{"href":"https:\/\/hi-techwonder.com\/es\/wp-json\/wp\/v2\/product"}],"about":[{"href":"https:\/\/hi-techwonder.com\/es\/wp-json\/wp\/v2\/types\/product"}],"replies":[{"embeddable":true,"href":"https:\/\/hi-techwonder.com\/es\/wp-json\/wp\/v2\/comments?post=75673"}],"wp:featuredmedia":[{"embeddable":true,"href":"https:\/\/hi-techwonder.com\/es\/wp-json\/wp\/v2\/media\/31050"}],"wp:attachment":[{"href":"https:\/\/hi-techwonder.com\/es\/wp-json\/wp\/v2\/media?parent=75673"}],"wp:term":[{"taxonomy":"product_brand","embeddable":true,"href":"https:\/\/hi-techwonder.com\/es\/wp-json\/wp\/v2\/product_brand?post=75673"},{"taxonomy":"product_cat","embeddable":true,"href":"https:\/\/hi-techwonder.com\/es\/wp-json\/wp\/v2\/product_cat?post=75673"},{"taxonomy":"product_tag","embeddable":true,"href":"https:\/\/hi-techwonder.com\/es\/wp-json\/wp\/v2\/product_tag?post=75673"}],"curies":[{"name":"wp","href":"https:\/\/api.w.org\/{rel}","templated":true}]}}