{"id":75674,"date":"2025-07-28T23:57:50","date_gmt":"2025-07-28T23:57:50","guid":{"rendered":"https:\/\/fv6qoy3ls0.wpdns.site\/product\/peak-design-cf-as-3-correa-de-muneca-cuff-ash-gris\/"},"modified":"2025-09-30T14:05:03","modified_gmt":"2025-09-30T14:05:03","slug":"peak-design-cf-as-3-correa-de-muneca-cuff-ash-gris","status":"publish","type":"product","link":"https:\/\/hi-techwonder.com\/es\/producto\/peak-design-cf-as-3-correa-de-muneca-cuff-ash-gris\/","title":{"rendered":"PEAK DESIGN CF-AS-3 Correa de mu\u00f1eca Cuff Ash (gris)"},"content":{"rendered":"<p><strong><span style=\"font-size: small;\">PEAK DESIGN CF-AS-3 Correa de mu\u00f1eca Cuff Ash (gris)<\/span><\/strong><\/p>\n<p><span style=\"font-size: small;\">Esta correa se sujeta de forma r\u00e1pida y segura a cualquier c\u00e1mara, binoculares u otro dispositivo utilizando el exclusivo sistema Anchor Link. La correa se bloquea magn\u00e9ticamente en la posici\u00f3n abierta y se sujeta autom\u00e1tica pero c\u00f3modamente en su mu\u00f1eca en caso de ca\u00edda de la c\u00e1mara para mayor seguridad. Nuevas piezas de aluminio totalmente personalizadas. Cuando no est\u00e1 en uso, el brazalete se puede usar como pulsera para un acceso r\u00e1pido.   <\/span><\/p>\n<p><span style=\"font-size: small;\"><strong>Contenido del paquete:<\/strong><br \/><\/span><\/p>\n<ul>\n<li>1 x Correa de mu\u00f1eca \/ correa<\/li>\n<li>2 x Sujetadores<\/li>\n<li>1 x Bolsa protectora<\/li>\n<\/ul>\n","protected":false},"excerpt":{"rendered":"<p>PEAK DESIGN CF-AS-3 Correa de mu\u00f1eca Cuff Ash (gris) Esta correa se sujeta de forma r\u00e1pida y segura a cualquier<\/p>\n","protected":false},"featured_media":31025,"comment_status":"closed","ping_status":"closed","template":"","meta":{"_acf_changed":false},"product_brand":[2640],"product_cat":[903],"product_tag":[],"class_list":{"0":"post-75674","1":"product","2":"type-product","3":"status-publish","4":"has-post-thumbnail","6":"product_brand-peak-design-es","7":"product_cat-correas-y-tirantes","8":"pa_cor-gris","9":"pa_cor-marron","11":"first","12":"instock","13":"taxable","14":"shipping-taxable","15":"purchasable","16":"product-type-simple"},"bundled_by":[],"bundle_stock_status":"instock","bundle_stock_quantity":1,"bundle_virtual":false,"bundle_layout":"","bundle_add_to_cart_form_location":"","bundle_editable_in_cart":false,"bundle_sold_individually_context":"","bundle_item_grouping":"","bundle_min_size":"","bundle_max_size":"","bundle_price":[],"bundled_items":[],"bundle_sell_ids":[],"acf":[],"_links":{"self":[{"href":"https:\/\/hi-techwonder.com\/es\/wp-json\/wp\/v2\/product\/75674","targetHints":{"allow":["GET"]}}],"collection":[{"href":"https:\/\/hi-techwonder.com\/es\/wp-json\/wp\/v2\/product"}],"about":[{"href":"https:\/\/hi-techwonder.com\/es\/wp-json\/wp\/v2\/types\/product"}],"replies":[{"embeddable":true,"href":"https:\/\/hi-techwonder.com\/es\/wp-json\/wp\/v2\/comments?post=75674"}],"wp:featuredmedia":[{"embeddable":true,"href":"https:\/\/hi-techwonder.com\/es\/wp-json\/wp\/v2\/media\/31025"}],"wp:attachment":[{"href":"https:\/\/hi-techwonder.com\/es\/wp-json\/wp\/v2\/media?parent=75674"}],"wp:term":[{"taxonomy":"product_brand","embeddable":true,"href":"https:\/\/hi-techwonder.com\/es\/wp-json\/wp\/v2\/product_brand?post=75674"},{"taxonomy":"product_cat","embeddable":true,"href":"https:\/\/hi-techwonder.com\/es\/wp-json\/wp\/v2\/product_cat?post=75674"},{"taxonomy":"product_tag","embeddable":true,"href":"https:\/\/hi-techwonder.com\/es\/wp-json\/wp\/v2\/product_tag?post=75674"}],"curies":[{"name":"wp","href":"https:\/\/api.w.org\/{rel}","templated":true}]}}