{"id":75678,"date":"2025-07-28T23:57:50","date_gmt":"2025-07-28T23:57:50","guid":{"rendered":"https:\/\/fv6qoy3ls0.wpdns.site\/product\/peak-design-correa-de-camara-l-bl-3-negra-negro\/"},"modified":"2026-03-31T17:43:15","modified_gmt":"2026-03-31T16:43:15","slug":"peak-design-correa-de-camara-l-bl-3-negra-negro","status":"publish","type":"product","link":"https:\/\/hi-techwonder.com\/es\/producto\/peak-design-correa-de-camara-l-bl-3-negra-negro\/","title":{"rendered":"PEAK DESIGN Correa de c\u00e1mara L-BL-3 Negra (Negro)"},"content":{"rendered":"<p><span style=\"font-size: small;\"><span style=\"font-size: small;\">PEAK DESIGN Correa de c\u00e1mara L-BL-3 Negra (Negro)<\/span><\/span><\/p>\n<p><span style=\"font-size: small;\">La correa de c\u00e1mara m\u00e1s vers\u00e1til y de conexi\u00f3n r\u00e1pida del mundo, la nueva Leash ofrece una funcionalidad y adaptabilidad infinitas en un paquete ultraport\u00e1til. Configurable como cabestrillo, cuello, hombro, correa de seguridad y m\u00e1s. Ajuste f\u00e1cilmente la longitud con los ajustadores r\u00e1pidos duales de aluminio e Hypalon, dise\u00f1ados para funcionar con solo 1 dedo. Se conecta y desmonta r\u00e1pidamente mediante el exclusivo sistema Anchor Link y cabe f\u00e1cilmente en su bolsillo, mochila o bolso.   <\/p>\n<p><object data=\"https:\/\/www.youtube.com\/v\/uQ08kc3lIcY\" type=\"application\/x-shockwave-flash\" width=\"425\" height=\"350\"><param name=\"src\" value=\"https:\/\/www.youtube.com\/v\/uQ08kc3lIcY\"><\/object> <\/p>\n<p><strong>Contenido del paquete:<\/strong><br \/>1x Correa r\u00e1pida para c\u00e1maras CSC<br \/>4x Enlaces de anclaje<br \/>1x Soporte de anclaje<br \/>1x llave hexagonal<br \/>1x Bolsa protectora<\/span><\/p>\n","protected":false},"excerpt":{"rendered":"<p>PEAK DESIGN Correa de c\u00e1mara L-BL-3 Negra (Negro) La correa de c\u00e1mara m\u00e1s vers\u00e1til y de conexi\u00f3n r\u00e1pida del mundo,<\/p>\n","protected":false},"featured_media":31011,"comment_status":"closed","ping_status":"closed","template":"","meta":{"_acf_changed":false},"product_brand":[2640],"product_cat":[903],"product_tag":[],"class_list":{"0":"post-75678","1":"product","2":"type-product","3":"status-publish","4":"has-post-thumbnail","6":"product_brand-peak-design-es","7":"product_cat-correas-y-tirantes","8":"pa_cor-negro","10":"first","11":"instock","12":"taxable","13":"shipping-taxable","14":"purchasable","15":"product-type-simple"},"bundled_by":[],"bundle_stock_status":"instock","bundle_stock_quantity":1,"bundle_virtual":false,"bundle_layout":"","bundle_add_to_cart_form_location":"","bundle_editable_in_cart":false,"bundle_sold_individually_context":"","bundle_item_grouping":"","bundle_min_size":"","bundle_max_size":"","bundle_price":[],"bundled_items":[],"bundle_sell_ids":[],"acf":[],"_links":{"self":[{"href":"https:\/\/hi-techwonder.com\/es\/wp-json\/wp\/v2\/product\/75678","targetHints":{"allow":["GET"]}}],"collection":[{"href":"https:\/\/hi-techwonder.com\/es\/wp-json\/wp\/v2\/product"}],"about":[{"href":"https:\/\/hi-techwonder.com\/es\/wp-json\/wp\/v2\/types\/product"}],"replies":[{"embeddable":true,"href":"https:\/\/hi-techwonder.com\/es\/wp-json\/wp\/v2\/comments?post=75678"}],"wp:featuredmedia":[{"embeddable":true,"href":"https:\/\/hi-techwonder.com\/es\/wp-json\/wp\/v2\/media\/31011"}],"wp:attachment":[{"href":"https:\/\/hi-techwonder.com\/es\/wp-json\/wp\/v2\/media?parent=75678"}],"wp:term":[{"taxonomy":"product_brand","embeddable":true,"href":"https:\/\/hi-techwonder.com\/es\/wp-json\/wp\/v2\/product_brand?post=75678"},{"taxonomy":"product_cat","embeddable":true,"href":"https:\/\/hi-techwonder.com\/es\/wp-json\/wp\/v2\/product_cat?post=75678"},{"taxonomy":"product_tag","embeddable":true,"href":"https:\/\/hi-techwonder.com\/es\/wp-json\/wp\/v2\/product_tag?post=75678"}],"curies":[{"name":"wp","href":"https:\/\/api.w.org\/{rel}","templated":true}]}}