{"id":75679,"date":"2025-07-28T23:57:50","date_gmt":"2025-07-28T23:57:50","guid":{"rendered":"https:\/\/fv6qoy3ls0.wpdns.site\/product\/eslabones-de-anclaje-peak-design-al-4\/"},"modified":"2026-01-31T03:18:58","modified_gmt":"2026-01-31T03:18:58","slug":"peak-design-eslabones-de-anclaje-peak-design-al-4","status":"publish","type":"product","link":"https:\/\/hi-techwonder.com\/es\/producto\/peak-design-eslabones-de-anclaje-peak-design-al-4\/","title":{"rendered":"Eslabones de anclaje PEAK DESIGN AL-4"},"content":{"rendered":"<p><span style=\"font-size: small\">El kit de enlaces de anclaje de Peak Design inclu\u00eda 4 sujetadores y 2 conectores. Estos \u00faltimos, cuando se colocan en los extremos de las correas de la c\u00e1mara, permiten transportarlos de manera segura y muy conveniente. <\/span><\/p>\n<p><span style=\"font-size: small\">&nbsp;<\/span><\/p>\n<p><strong><span style=\"font-family: verdana,geneva\"><span style=\"font-size: small\">Compatibilidad:<\/span><\/strong><\/span><\/p>\n<ul>\n<li><span style=\"font-size: small\">Compatible con cualquier correa cuyo extremo sea de hasta 1 cm.<\/span><\/li>\n<\/ul>\n<p><span style=\"font-size: small\">&nbsp;<\/span><\/p>\n<p><strong><span style=\"font-family: verdana,geneva\"><span style=\"font-size: small\">Contenido del paquete:<\/span><\/strong><\/span><\/p>\n<ul>\n<li><span style=\"font-size: small\">4 sujetadores<\/span><\/li>\n<li><span style=\"font-size: small\">2 conectores<\/span><\/li>\n<\/ul>\n<p><span style=\"font-size: small\">&nbsp;<\/span><\/p>\n<p><strong><span style=\"font-family: verdana,geneva\"><span style=\"font-size: small\">Caracter\u00edsticas t\u00e9cnicas:<\/span><\/strong><\/span><\/p>\n<ul>\n<li><span style=\"font-size: small\">Peso: 20g<\/span><\/li>\n<li><span style=\"font-size: small\">Capacidad: hasta 90kg<\/span><\/li>\n<\/ul>\n","protected":false},"excerpt":{"rendered":"<p>El kit de enlaces de anclaje de Peak Design inclu\u00eda 4 sujetadores y 2 conectores. Estos \u00faltimos, cuando se colocan<\/p>\n","protected":false},"featured_media":31004,"comment_status":"closed","ping_status":"closed","template":"","meta":{"_acf_changed":false},"product_brand":[2640],"product_cat":[903],"product_tag":[],"class_list":{"0":"post-75679","1":"product","2":"type-product","3":"status-publish","4":"has-post-thumbnail","6":"product_brand-peak-design-es","7":"product_cat-correas-y-tirantes","8":"pa_cor-negro","10":"first","11":"pre-order","12":"taxable","13":"shipping-taxable","14":"purchasable","15":"product-type-simple"},"bundled_by":[],"bundle_stock_status":"pre-order","bundle_stock_quantity":null,"bundle_virtual":false,"bundle_layout":"","bundle_add_to_cart_form_location":"","bundle_editable_in_cart":false,"bundle_sold_individually_context":"","bundle_item_grouping":"","bundle_min_size":"","bundle_max_size":"","bundle_price":[],"bundled_items":[],"bundle_sell_ids":[],"acf":[],"_links":{"self":[{"href":"https:\/\/hi-techwonder.com\/es\/wp-json\/wp\/v2\/product\/75679","targetHints":{"allow":["GET"]}}],"collection":[{"href":"https:\/\/hi-techwonder.com\/es\/wp-json\/wp\/v2\/product"}],"about":[{"href":"https:\/\/hi-techwonder.com\/es\/wp-json\/wp\/v2\/types\/product"}],"replies":[{"embeddable":true,"href":"https:\/\/hi-techwonder.com\/es\/wp-json\/wp\/v2\/comments?post=75679"}],"wp:featuredmedia":[{"embeddable":true,"href":"https:\/\/hi-techwonder.com\/es\/wp-json\/wp\/v2\/media\/31004"}],"wp:attachment":[{"href":"https:\/\/hi-techwonder.com\/es\/wp-json\/wp\/v2\/media?parent=75679"}],"wp:term":[{"taxonomy":"product_brand","embeddable":true,"href":"https:\/\/hi-techwonder.com\/es\/wp-json\/wp\/v2\/product_brand?post=75679"},{"taxonomy":"product_cat","embeddable":true,"href":"https:\/\/hi-techwonder.com\/es\/wp-json\/wp\/v2\/product_cat?post=75679"},{"taxonomy":"product_tag","embeddable":true,"href":"https:\/\/hi-techwonder.com\/es\/wp-json\/wp\/v2\/product_tag?post=75679"}],"curies":[{"name":"wp","href":"https:\/\/api.w.org\/{rel}","templated":true}]}}