{"id":75683,"date":"2025-07-28T23:58:37","date_gmt":"2025-07-28T23:58:37","guid":{"rendered":"https:\/\/fv6qoy3ls0.wpdns.site\/product\/peak-design-slide-sl-mn-3-correa-de-camara-de-medianoche-azul\/"},"modified":"2025-12-11T15:22:31","modified_gmt":"2025-12-11T15:22:31","slug":"peak-design-slide-sl-mn-3-correa-de-camara-de-medianoche-azul","status":"publish","type":"product","link":"https:\/\/hi-techwonder.com\/es\/producto\/peak-design-slide-sl-mn-3-correa-de-camara-de-medianoche-azul\/","title":{"rendered":"PEAK DESIGN Slide SL-MN-3 Correa de c\u00e1mara de medianoche (azul)"},"content":{"rendered":"<p><strong>PEAK DESIGN <\/strong><strong>Slide SL-MN-3 Correa de c\u00e1mara de medianoche (azul)<\/strong><\/p>\n<p><strong>Funciones:<\/strong><\/p>\n<ul>\n<li>\u00daselo como correa para el hombro o el cuello<\/li>\n<li>Sostiene una c\u00e1mara DSLR profesional o sin espejo<\/li>\n<li>Longitud ajustable de 99 cm a 145 cm<\/li>\n<li>Los anclajes se conectan a las manijas o placas de la c\u00e1mara<\/li>\n<li>Dise\u00f1ado para soportar hasta 90 kg de equipo<\/li>\n<li>Laterales reversibles lisos y antideslizantes<\/li>\n<li>Correa de nailon, construcci\u00f3n de cuero<\/li>\n<li>Incluye cuatro anclajes y placa de montaje<\/li>\n<\/ul>\n<p>Lleva tu equipo con comodidad y estilo con esta correa de c\u00e1mara deslizante azul medianoche de Peak Design. Bien dise\u00f1ado, tiene una estabilidad total y una conexi\u00f3n vers\u00e1til con una generosa longitud ajustable de 99 cm a 145 cm. Esta correa fuerte y segura sostiene hasta 90 kg de equipo y sostiene f\u00e1cilmente la mayor\u00eda de las DSLR y binoculares profesionales m\u00e1s pesados.  <\/p>\n<p><iframe loading=\"lazy\" style=\"min-height: 500px; width: 100%; height: auto;\" src=\"https:\/\/www.youtube.com\/embed\/O3kdwSGiqQc\" width=\"560\" height=\"314\" allowfullscreen=\"allowfullscreen\"><\/iframe><\/p>\n<p><strong>Mejora de la calidad m\u00e1xima del dise\u00f1o<\/strong><\/p>\n<p>Dise\u00f1ada para mejorar su versi\u00f3n 2018, esta correa se ha actualizado con una seguridad a\u00fan mayor, un perfil m\u00e1s bajo y materiales de alta calidad.<\/p>\n<ul>\n<li>Los conectores de anclaje reacondicionados se fijan a los ojales de su c\u00e1mara o a la placa de montaje incluida.<\/li>\n<li>Confeccionada con una correa de nailon ultrasuave con un tejido m\u00e1s firme y duradero, la Slide est\u00e1 acolchada internamente para garantizar la comodidad de uso en todo momento.<\/li>\n<\/ul>\n<p><img decoding=\"async\" src=\"https:\/\/static.bhphoto.com\/images\/rich_content\/desktop\/IMG_1754851.jpg\" alt=\"\"><\/p>\n<p><strong>3 tiras en 1<\/strong><\/p>\n<p>El Slide mide 4,6 cm de ancho y se puede configurar para funcionar como cabestrillo, correa para el hombro o para el cuello.<\/p>\n<ul>\n<li>Un lado de la correa es suave para deslizar la c\u00e1mara hacia el ojo cuando se configura como un cabestrillo y el otro lado tiene una correa de silicona efectiva para evitar que se deslice del cuello o el hombro.<\/li>\n<li>Los cuatro puntos de anclaje incluidos se unen y separan de la correa con una sola mano y se pueden dejar en los ojales para que pueda cambiar f\u00e1cilmente entre c\u00e1maras mientras dispara.<\/li>\n<\/ul>\n<p><img decoding=\"async\" src=\"https:\/\/static.bhphoto.com\/images\/rich_content\/desktop\/IMG_1754850.jpg\" alt=\"\"><\/p>\n<p><strong>Caracter\u00edsticas t\u00e9cnicas:<\/strong><\/p>\n<div class=\"group_fDXOr6EpR9\" style=\"box-sizing: inherit; margin-bottom: 2.1875rem; font-family: OpenSans, 'Segoe UI', Helvetica, Roboto, Arial, sans-serif; font-size: 16px; background-color: #ffffff;\">\n<table class=\"table_fDXOr6EpR9\" style=\"box-sizing: inherit; width: 982.5px;\" data-selenium=\"specsItemGroupTable\">\n<tbody style=\"box-sizing: inherit;\">\n<tr class=\"pair_fDXOr6EpR9\" style=\"box-sizing: inherit; border-bottom: 0.0625rem solid #e7e7e7;\" data-selenium=\"specsItemGroupTableRow\">\n<td class=\"label_fDXOr6EpR9 firstSpecWhenNoGroupName_fDXOr6EpR9\" style=\"box-sizing: inherit; border-top: none; padding: 0px 0px 1.25rem; width: 373.344px; color: #666666; font-size: 1.125rem; line-height: 1.375rem; vertical-align: baseline;\" data-selenium=\"specsItemGroupTableColumnLabel\"><span style=\"box-sizing: inherit; vertical-align: inherit;\">Longitud de la tira<\/span><\/td>\n<td class=\"value_fDXOr6EpR9 firstSpecWhenNoGroupName_fDXOr6EpR9\" style=\"box-sizing: inherit; color: #666666; font-size: 1.125rem; line-height: 1.375rem; vertical-align: baseline; padding: 0px 0px 1.25rem 2.5rem;\" data-selenium=\"specsItemGroupTableColumnValue\">De 99 a 145 cm<\/td>\n<\/tr>\n<tr class=\"pair_fDXOr6EpR9\" style=\"box-sizing: inherit; border-bottom: 0.0625rem solid #e7e7e7;\" data-selenium=\"specsItemGroupTableRow\">\n<td class=\"label_fDXOr6EpR9\" style=\"box-sizing: inherit; border-top: none; padding: 1.25rem 0px; width: 373.344px; color: #666666; font-size: 1.125rem; line-height: 1.375rem; vertical-align: baseline;\" data-selenium=\"specsItemGroupTableColumnLabel\"><span style=\"box-sizing: inherit; vertical-align: inherit;\">Ancho de<\/span><\/td>\n<p> la correa<\/p>\n<td class=\"value_fDXOr6EpR9\" style=\"box-sizing: inherit; color: #666666; font-size: 1.125rem; line-height: 1.375rem; vertical-align: baseline; padding: 1.25rem 0px 1.25rem 2.5rem;\" data-selenium=\"specsItemGroupTableColumnValue\">4,6 cm<\/td>\n<\/tr>\n<tr class=\"pair_fDXOr6EpR9\" style=\"box-sizing: inherit; border-bottom: 0.0625rem solid #e7e7e7;\" data-selenium=\"specsItemGroupTableRow\">\n<td class=\"label_fDXOr6EpR9\" style=\"box-sizing: inherit; border-top: none; padding: 1.25rem 0px; width: 373.344px; color: #666666; font-size: 1.125rem; line-height: 1.375rem; vertical-align: baseline;\" data-selenium=\"specsItemGroupTableColumnLabel\"><span style=\"box-sizing: inherit; vertical-align: inherit;\">Material<\/span><\/td>\n<td class=\"value_fDXOr6EpR9\" style=\"box-sizing: inherit; color: #666666; font-size: 1.125rem; line-height: 1.375rem; vertical-align: baseline; padding: 1.25rem 0px 1.25rem 2.5rem;\" data-selenium=\"specsItemGroupTableColumnValue\">Cuero, Nylon<\/td>\n<\/tr>\n<tr class=\"pair_fDXOr6EpR9\" style=\"box-sizing: inherit; border-bottom: 0.0625rem solid #e7e7e7;\" data-selenium=\"specsItemGroupTableRow\">\n<td class=\"label_fDXOr6EpR9\" style=\"box-sizing: inherit; border-top: none; padding: 1.25rem 0px; width: 373.344px; color: #666666; font-size: 1.125rem; line-height: 1.375rem; vertical-align: baseline;\" data-selenium=\"specsItemGroupTableColumnLabel\"><span style=\"box-sizing: inherit; vertical-align: inherit;\">Peso<\/span><\/td>\n<td class=\"value_fDXOr6EpR9\" style=\"box-sizing: inherit; color: #666666; font-size: 1.125rem; line-height: 1.375rem; vertical-align: baseline; padding: 1.25rem 0px 1.25rem 2.5rem;\" data-selenium=\"specsItemGroupTableColumnValue\">148 gramos<\/td>\n<\/tr>\n<\/tbody>\n<\/table>\n<\/div>\n<p><iframe loading=\"lazy\" style=\"min-height: 500px; width: 100%; height: auto;\" src=\"https:\/\/www.youtube.com\/embed\/ZOY03ICKvSI\" width=\"560\" height=\"314\" allowfullscreen=\"allowfullscreen\"><\/iframe><\/p>\n","protected":false},"excerpt":{"rendered":"<p>PEAK DESIGN Slide SL-MN-3 Correa de c\u00e1mara de medianoche (azul) Funciones: \u00daselo como correa para el hombro o el cuello<\/p>\n","protected":false},"featured_media":31182,"comment_status":"closed","ping_status":"closed","template":"","meta":{"_acf_changed":false},"product_brand":[2640],"product_cat":[903],"product_tag":[],"class_list":{"0":"post-75683","1":"product","2":"type-product","3":"status-publish","4":"has-post-thumbnail","6":"product_brand-peak-design-es","7":"product_cat-correas-y-tirantes","8":"pa_cor-azul-es","10":"first","11":"onbackorder","12":"taxable","13":"shipping-taxable","14":"purchasable","15":"product-type-simple"},"bundled_by":[],"bundle_stock_status":"onbackorder","bundle_stock_quantity":null,"bundle_virtual":false,"bundle_layout":"","bundle_add_to_cart_form_location":"","bundle_editable_in_cart":false,"bundle_sold_individually_context":"","bundle_item_grouping":"","bundle_min_size":"","bundle_max_size":"","bundle_price":[],"bundled_items":[],"bundle_sell_ids":[],"acf":[],"_links":{"self":[{"href":"https:\/\/hi-techwonder.com\/es\/wp-json\/wp\/v2\/product\/75683","targetHints":{"allow":["GET"]}}],"collection":[{"href":"https:\/\/hi-techwonder.com\/es\/wp-json\/wp\/v2\/product"}],"about":[{"href":"https:\/\/hi-techwonder.com\/es\/wp-json\/wp\/v2\/types\/product"}],"replies":[{"embeddable":true,"href":"https:\/\/hi-techwonder.com\/es\/wp-json\/wp\/v2\/comments?post=75683"}],"wp:featuredmedia":[{"embeddable":true,"href":"https:\/\/hi-techwonder.com\/es\/wp-json\/wp\/v2\/media\/31182"}],"wp:attachment":[{"href":"https:\/\/hi-techwonder.com\/es\/wp-json\/wp\/v2\/media?parent=75683"}],"wp:term":[{"taxonomy":"product_brand","embeddable":true,"href":"https:\/\/hi-techwonder.com\/es\/wp-json\/wp\/v2\/product_brand?post=75683"},{"taxonomy":"product_cat","embeddable":true,"href":"https:\/\/hi-techwonder.com\/es\/wp-json\/wp\/v2\/product_cat?post=75683"},{"taxonomy":"product_tag","embeddable":true,"href":"https:\/\/hi-techwonder.com\/es\/wp-json\/wp\/v2\/product_tag?post=75683"}],"curies":[{"name":"wp","href":"https:\/\/api.w.org\/{rel}","templated":true}]}}