{"id":75684,"date":"2025-07-28T23:58:23","date_gmt":"2025-07-28T23:58:23","guid":{"rendered":"https:\/\/fv6qoy3ls0.wpdns.site\/product\/peak-design-cf-sg-3-correa-de-muneca-cuff-sage-verde\/"},"modified":"2025-09-30T14:06:38","modified_gmt":"2025-09-30T14:06:38","slug":"peak-design-cf-sg-3-correa-de-muneca-cuff-sage-verde","status":"publish","type":"product","link":"https:\/\/hi-techwonder.com\/es\/producto\/peak-design-cf-sg-3-correa-de-muneca-cuff-sage-verde\/","title":{"rendered":"PEAK DESIGN CF-SG-3 Correa de mu\u00f1eca Cuff Sage (verde)"},"content":{"rendered":"<p><strong>PEAK DESIGN CF-SG-3 Correa de mu\u00f1eca Cuff Sage (verde)<\/strong><\/p>\n<p><strong>Contenido del paquete:<\/strong><\/p>\n<ul>\n<li>1 x Correa de mu\u00f1eca \/ correa<\/li>\n<li>2 x Sujetadores<\/li>\n<li>1 x Bolsa protectora<\/li>\n<\/ul>\n<p>Ofrece una forma elegante de proteger su c\u00e1mara de ca\u00eddas accidentales. Se fija de forma segura a la c\u00e1mara, binoculares u otro dispositivo a trav\u00e9s del sistema de anclaje. Los anclajes soportan hasta 90 kg, ideales para grandes c\u00e1maras profesionales. La correa se sujeta a la mu\u00f1eca para una m\u00e1xima seguridad.   <\/p>\n<p><strong>Caracter\u00edsticas t\u00e9cnicas:<\/strong><\/p>\n<ul>\n<li>Tama\u00f1o alrededor de la mu\u00f1eca: 9,7 cm de di\u00e1metro abierto<\/li>\n<li>Ancho de la correa: 19 mm<\/li>\n<li>Materiales: Correa: Nylon, aluminio anodizado, Hypalon y parte superior; Anclajes: Nylon reforzado con fibra de vidrio, acero inoxidable, tela y termopl\u00e1stico<\/li>\n<li>Resistencia: Los anclajes soportan hasta 90 kg<\/li>\n<\/ul>\n","protected":false},"excerpt":{"rendered":"<p>PEAK DESIGN CF-SG-3 Correa de mu\u00f1eca Cuff Sage (verde) Contenido del paquete: 1 x Correa de mu\u00f1eca \/ correa 2<\/p>\n","protected":false},"featured_media":31099,"comment_status":"closed","ping_status":"closed","template":"","meta":{"_acf_changed":false},"product_brand":[2640],"product_cat":[903],"product_tag":[],"class_list":{"0":"post-75684","1":"product","2":"type-product","3":"status-publish","4":"has-post-thumbnail","6":"product_brand-peak-design-es","7":"product_cat-correas-y-tirantes","8":"pa_cor-marron","9":"pa_cor-verde-es","11":"first","12":"instock","13":"taxable","14":"shipping-taxable","15":"purchasable","16":"product-type-simple"},"bundled_by":[],"bundle_stock_status":"instock","bundle_stock_quantity":1,"bundle_virtual":false,"bundle_layout":"","bundle_add_to_cart_form_location":"","bundle_editable_in_cart":false,"bundle_sold_individually_context":"","bundle_item_grouping":"","bundle_min_size":"","bundle_max_size":"","bundle_price":[],"bundled_items":[],"bundle_sell_ids":[],"acf":[],"_links":{"self":[{"href":"https:\/\/hi-techwonder.com\/es\/wp-json\/wp\/v2\/product\/75684","targetHints":{"allow":["GET"]}}],"collection":[{"href":"https:\/\/hi-techwonder.com\/es\/wp-json\/wp\/v2\/product"}],"about":[{"href":"https:\/\/hi-techwonder.com\/es\/wp-json\/wp\/v2\/types\/product"}],"replies":[{"embeddable":true,"href":"https:\/\/hi-techwonder.com\/es\/wp-json\/wp\/v2\/comments?post=75684"}],"wp:featuredmedia":[{"embeddable":true,"href":"https:\/\/hi-techwonder.com\/es\/wp-json\/wp\/v2\/media\/31099"}],"wp:attachment":[{"href":"https:\/\/hi-techwonder.com\/es\/wp-json\/wp\/v2\/media?parent=75684"}],"wp:term":[{"taxonomy":"product_brand","embeddable":true,"href":"https:\/\/hi-techwonder.com\/es\/wp-json\/wp\/v2\/product_brand?post=75684"},{"taxonomy":"product_cat","embeddable":true,"href":"https:\/\/hi-techwonder.com\/es\/wp-json\/wp\/v2\/product_cat?post=75684"},{"taxonomy":"product_tag","embeddable":true,"href":"https:\/\/hi-techwonder.com\/es\/wp-json\/wp\/v2\/product_tag?post=75684"}],"curies":[{"name":"wp","href":"https:\/\/api.w.org\/{rel}","templated":true}]}}