{"id":75690,"date":"2025-07-28T23:58:23","date_gmt":"2025-07-28T23:58:23","guid":{"rendered":"https:\/\/fv6qoy3ls0.wpdns.site\/product\/embrague-peak-design-cl-3-correa-de-seguridad\/"},"modified":"2026-01-31T03:18:25","modified_gmt":"2026-01-31T03:18:25","slug":"peak-design-embrague-peak-design-cl-3-correa-de-seguridad","status":"publish","type":"product","link":"https:\/\/hi-techwonder.com\/es\/producto\/peak-design-embrague-peak-design-cl-3-correa-de-seguridad\/","title":{"rendered":"Embrague PEAK DESIGN CL-3 &#8211; Correa de seguridad"},"content":{"rendered":"<p><strong>Embrague PEAK DESIGN CL-3 &#8211; Correa de seguridad<\/strong><\/p>\n<p>Correa de mano<\/p>\n<p>El embrague Peak Design est\u00e1 dise\u00f1ado para mantener la c\u00e1mara atada a tu mano.&nbsp;<\/p>\n<p>Construido en materiales muy resistentes y con el sistema Anchor Link que hace que este sistema sea compatible con toda la gama Peak Design.<\/p>\n<p>Ideal para mantener un contacto constante con su equipo.<\/p>\n<p><span style=\"color: #000000\"><span style=\"font-size: small\"><span style=\"color: #000000\">&nbsp;<\/span><\/span><\/span><\/p>\n<p><strong><span style=\"color: #000000\"><span style=\"font-size: small\"><span style=\"color: #000000\">Productos destacados:<\/span><\/span><\/span><\/strong><\/p>\n<ul>\n<li><span style=\"color: #000000\"><span style=\"font-size: small\"><span style=\"color: #000000\">Conexi\u00f3n r\u00e1pida<\/span><\/span><\/span><\/li>\n<li><span style=\"color: #000000\"><span style=\"font-size: small\"><span style=\"color: #000000\">Ajuste r\u00e1pido<\/span><\/span><\/span><\/li>\n<li><span style=\"color: #000000\"><span style=\"font-size: small\"><span style=\"color: #000000\">Funciona con o sin empu\u00f1aduras de bater\u00eda<\/span><\/span><\/span><\/li>\n<li><span style=\"color: #000000\"><span style=\"font-size: small\"><span style=\"color: #000000\">Placa QR compatible con tipo Arca<\/span><\/span><\/span><\/li>\n<\/ul>\n<p><span style=\"color: #000000\"><span style=\"font-size: small\"><span style=\"color: #000000\">&nbsp;<\/span><\/span><\/span><\/p>\n<h2 class=\"western\"><span style=\"font-size: small\"><span style=\"color: #000000\"><span style=\"font-size: small\"><span style=\"color: #000000\">Peak Design CL-3 Ficha Tecnica<\/span><\/span><\/span><\/span><\/h2>\n<table style=\"width: 437px\" border=\"0\" cellspacing=\"0\" cellpadding=\"2\">\n<colgroup>\n<col width=\"157\">\n<col width=\"272\"> <\/colgroup>\n<tbody>\n<tr>\n<td width=\"157\">\n<p style=\"border-top: none;border-bottom: 1px solid #e6e7e8;border-left: none;border-right: none;padding: 0cm 0cm 0.53cm 0cm\"><span style=\"color: #000000\"><span style=\"font-size: small\"><span style=\"color: #000000\">Longitud de la correa<\/span><\/span><\/span><\/p>\n<\/td>\n<td width=\"272\">\n<p style=\"border-top: none;border-bottom: 1px solid #e6e7e8;border-left: none;border-right: none;padding: 0cm 0cm 0.53cm 0cm\"><span style=\"color: #000000\"><span style=\"font-size: small\"><span style=\"color: #000000\">De 18,0 a 29,0 cm<\/span><\/span><\/span><\/p>\n<\/td>\n<\/tr>\n<tr>\n<td width=\"157\">\n<p style=\"border-top: none;border-bottom: 1px solid #e6e7e8;border-left: none;border-right: none;padding: 0cm 0cm 0.53cm 0cm\"><span style=\"color: #000000\"><span style=\"font-size: small\"><span style=\"color: #000000\">Ancho de la correa<\/span><\/span><\/span><\/p>\n<\/td>\n<td width=\"272\">\n<p style=\"border-top: none;border-bottom: 1px solid #e6e7e8;border-left: none;border-right: none;padding: 0cm 0cm 0.53cm 0cm\"><span style=\"color: #000000\"><span style=\"font-size: small\"><span style=\"color: #000000\">5,1 cm<\/span><\/span><\/span><\/p>\n<\/td>\n<\/tr>\n<tr>\n<td width=\"157\">\n<p style=\"border-top: none;border-bottom: 1px solid #e6e7e8;border-left: none;border-right: none;padding: 0cm 0cm 0.53cm 0cm\"><span style=\"color: #000000\"><span style=\"font-size: small\"><span style=\"color: #000000\">Conector de orejeta<\/span><\/span><\/span><\/p>\n<\/td>\n<td width=\"272\">\n<p style=\"border-top: none;border-bottom: 1px solid #e6e7e8;border-left: none;border-right: none;padding: 0cm 0cm 0.53cm 0cm\"><span style=\"color: #000000\"><span style=\"font-size: small\"><span style=\"color: #000000\">3\/8&#8243;<\/span><\/span><\/span><\/p>\n<\/td>\n<\/tr>\n<tr>\n<td width=\"157\">\n<p style=\"border-top: none;border-bottom: 1px solid #e6e7e8;border-left: none;border-right: none;padding: 0cm 0cm 0.53cm 0cm\"><span style=\"color: #000000\"><span style=\"font-size: small\"><span style=\"color: #000000\">Conector de tr\u00edpode<\/span><\/span><\/span><\/p>\n<\/td>\n<td width=\"272\">\n<p style=\"border-top: none;border-bottom: 1px solid #e6e7e8;border-left: none;border-right: none;padding: 0cm 0cm 0.53cm 0cm\"><span style=\"color: #000000\"><span style=\"font-size: small\"><span style=\"color: #000000\">1\/4&#8243;-20 Macho<\/span><\/span><\/span><\/p>\n<\/td>\n<\/tr>\n<tr>\n<td width=\"157\">\n<p style=\"border-top: none;border-bottom: 1px solid #e6e7e8;border-left: none;border-right: none;padding: 0cm 0cm 0.53cm 0cm\"><span style=\"color: #000000\"><span style=\"font-size: small\"><span style=\"color: #000000\">Material<\/span><\/span><\/span><\/p>\n<\/td>\n<td width=\"272\">\n<p style=\"border-top: none;border-bottom: 1px solid #e6e7e8;border-left: none;border-right: none;padding: 0cm 0cm 0.53cm 0cm\"><span style=\"color: #000000\"><span style=\"font-size: small\"><span style=\"color: #000000\">Caucho<\/span><\/span><\/span><\/p>\n<\/td>\n<\/tr>\n<\/tbody>\n<\/table>\n<p style=\"margin-bottom: 0cm\"><strong><span style=\"color: #000000\"><span style=\"font-size: small\"><span style=\"color: #000000\"><br \/>En la caja:<\/span><\/span><\/span><\/strong><\/p>\n<ul>\n<li><span style=\"color: #000000\"><span style=\"font-size: small\"><span style=\"color: #000000\">Correa de mano para c\u00e1mara de embrague Peak Design CL-3<\/span><\/span><\/span><\/li>\n<li><span style=\"color: #000000\"><span style=\"font-size: small\"><span style=\"color: #000000\">Placa est\u00e1ndar<\/span><\/span><\/span><\/li>\n<li><span style=\"color: #000000\"><span style=\"font-size: small\"><span style=\"color: #000000\">2 x Enlaces de anclaje V4<\/span><\/span><\/span><\/li>\n<\/ul>\n<p style=\"margin-bottom: 0cm\"><span style=\"color: #000000\"> <object><\/object> <\/span><\/p>\n<p style=\"margin-bottom: 0cm\"><span style=\"color: #000000\"> <object><\/object> <\/span><\/p>\n","protected":false},"excerpt":{"rendered":"<p>Embrague PEAK DESIGN CL-3 &#8211; Correa de seguridad Correa de mano El embrague Peak Design est\u00e1 dise\u00f1ado para mantener la<\/p>\n","protected":false},"featured_media":31076,"comment_status":"closed","ping_status":"closed","template":"","meta":{"_acf_changed":false},"product_brand":[2640],"product_cat":[903],"product_tag":[],"class_list":{"0":"post-75690","1":"product","2":"type-product","3":"status-publish","4":"has-post-thumbnail","6":"product_brand-peak-design-es","7":"product_cat-correas-y-tirantes","8":"pa_cor-negro","10":"first","11":"instock","12":"taxable","13":"shipping-taxable","14":"purchasable","15":"product-type-simple"},"bundled_by":[],"bundle_stock_status":"instock","bundle_stock_quantity":1,"bundle_virtual":false,"bundle_layout":"","bundle_add_to_cart_form_location":"","bundle_editable_in_cart":false,"bundle_sold_individually_context":"","bundle_item_grouping":"","bundle_min_size":"","bundle_max_size":"","bundle_price":[],"bundled_items":[],"bundle_sell_ids":[],"acf":[],"_links":{"self":[{"href":"https:\/\/hi-techwonder.com\/es\/wp-json\/wp\/v2\/product\/75690","targetHints":{"allow":["GET"]}}],"collection":[{"href":"https:\/\/hi-techwonder.com\/es\/wp-json\/wp\/v2\/product"}],"about":[{"href":"https:\/\/hi-techwonder.com\/es\/wp-json\/wp\/v2\/types\/product"}],"replies":[{"embeddable":true,"href":"https:\/\/hi-techwonder.com\/es\/wp-json\/wp\/v2\/comments?post=75690"}],"wp:featuredmedia":[{"embeddable":true,"href":"https:\/\/hi-techwonder.com\/es\/wp-json\/wp\/v2\/media\/31076"}],"wp:attachment":[{"href":"https:\/\/hi-techwonder.com\/es\/wp-json\/wp\/v2\/media?parent=75690"}],"wp:term":[{"taxonomy":"product_brand","embeddable":true,"href":"https:\/\/hi-techwonder.com\/es\/wp-json\/wp\/v2\/product_brand?post=75690"},{"taxonomy":"product_cat","embeddable":true,"href":"https:\/\/hi-techwonder.com\/es\/wp-json\/wp\/v2\/product_cat?post=75690"},{"taxonomy":"product_tag","embeddable":true,"href":"https:\/\/hi-techwonder.com\/es\/wp-json\/wp\/v2\/product_tag?post=75690"}],"curies":[{"name":"wp","href":"https:\/\/api.w.org\/{rel}","templated":true}]}}