{"id":75691,"date":"2025-07-28T23:58:23","date_gmt":"2025-07-28T23:58:23","guid":{"rendered":"https:\/\/fv6qoy3ls0.wpdns.site\/product\/peak-design-clip-de-captura-v3-con-zapata-negra\/"},"modified":"2026-01-28T10:19:32","modified_gmt":"2026-01-28T10:19:32","slug":"peak-design-clip-de-captura-v3-con-zapata-negra","status":"publish","type":"product","link":"https:\/\/hi-techwonder.com\/es\/producto\/peak-design-clip-de-captura-v3-con-zapata-negra\/","title":{"rendered":"PEAK DESIGN Clip de captura V3 con zapata negra"},"content":{"rendered":"<p>El clip CAPTURE ofrece la forma m\u00e1s segura, conveniente y asequible de transportar la c\u00e1mara.<br \/>A diferencia de una correa de c\u00e1mara, este clip mantiene la c\u00e1mara muy estable mientras anda en bicicleta o monta en un estudio. Y a diferencia de una bolsa para c\u00e1mara, este clip mantiene la c\u00e1mara accesible al instante con solo hacer clic en un bot\u00f3n.<br \/>Incluye 2 componentes: un clip met\u00e1lico que se puede usar con cualquier correa, cintur\u00f3n o bolso, y un zapato compatible con Arca-Swiss que se puede usar con una c\u00e1mara. La c\u00e1mara se bloquea en el clip, donde est\u00e1 seguro.<br \/>Mejoras con respecto a la V2: construcci\u00f3n met\u00e1lica m\u00e1s peque\u00f1a y ligera, acabado anodizado y dise\u00f1o ergon\u00f3mico c\u00f3modo.  <\/p>\n<p><strong>Especificaciones t\u00e9cnicas:<\/strong><\/p>\n<ul>\n<li><strong>Dimensiones del clip: <\/strong>8,3 x 4,0 x 2,0 cm<\/li>\n<li><strong>Dimensiones del tablero:<\/strong> 3,8 x 3,8 x 0,7 cm<\/li>\n<li><strong>Materiales:<\/strong> Aluminio CNC, acabado anodizado negro, PVC y tornillos de acero<\/li>\n<li><strong>Peso del clip:<\/strong> 70 g (incluye dos hilos con parte superior plana)<\/li>\n<li><strong>Peso del zapato:<\/strong> 14 g<\/li>\n<li><strong>Peso total:<\/strong> 84 g<\/li>\n<\/ul>\n<p><strong>Compatibilidad de correas: <\/strong><br \/>Se adapta a cualquier correa de hasta 6,4 cm de ancho y grosor de hasta 1,5 cm con roscas est\u00e1ndar o espesor de hasta 2,2 cm con soportes de montaje hexagonales.<\/p>\n<p><strong>Compatibilidad con otros accesorios: <\/strong><br \/>Se puede utilizar con todas las placas de dise\u00f1o de pico excepto DUALplate v1; Solo se puede usar con Pro Pad v2, no v1; La zapatilla incluida no se puede utilizar con los modelos Capture (v1 y v2).<br \/><strong><br \/>Resistencia: <\/strong><br \/>Soporta un peso de hasta 90 kg, ideal para c\u00e1maras profesionales grandes.<\/p>\n<p> <object data=\"https:\/\/www.youtube.com\/v\/C44nbgvXbiU\" type=\"application\/x-shockwave-flash\" width=\"425\" height=\"350\"><param name=\"src\" value=\"https:\/\/www.youtube.com\/v\/C44nbgvXbiU\"><\/object> <\/p>\n","protected":false},"excerpt":{"rendered":"<p>El clip CAPTURE ofrece la forma m\u00e1s segura, conveniente y asequible de transportar la c\u00e1mara.A diferencia de una correa de<\/p>\n","protected":false},"featured_media":31059,"comment_status":"closed","ping_status":"closed","template":"","meta":{"_acf_changed":false},"product_brand":[2640],"product_cat":[903],"product_tag":[],"class_list":{"0":"post-75691","1":"product","2":"type-product","3":"status-publish","4":"has-post-thumbnail","6":"product_brand-peak-design-es","7":"product_cat-correas-y-tirantes","8":"pa_cor-negro","10":"first","11":"onbackorder","12":"taxable","13":"shipping-taxable","14":"purchasable","15":"product-type-simple"},"bundled_by":[],"bundle_stock_status":"onbackorder","bundle_stock_quantity":null,"bundle_virtual":false,"bundle_layout":"","bundle_add_to_cart_form_location":"","bundle_editable_in_cart":false,"bundle_sold_individually_context":"","bundle_item_grouping":"","bundle_min_size":"","bundle_max_size":"","bundle_price":[],"bundled_items":[],"bundle_sell_ids":[],"acf":[],"_links":{"self":[{"href":"https:\/\/hi-techwonder.com\/es\/wp-json\/wp\/v2\/product\/75691","targetHints":{"allow":["GET"]}}],"collection":[{"href":"https:\/\/hi-techwonder.com\/es\/wp-json\/wp\/v2\/product"}],"about":[{"href":"https:\/\/hi-techwonder.com\/es\/wp-json\/wp\/v2\/types\/product"}],"replies":[{"embeddable":true,"href":"https:\/\/hi-techwonder.com\/es\/wp-json\/wp\/v2\/comments?post=75691"}],"wp:featuredmedia":[{"embeddable":true,"href":"https:\/\/hi-techwonder.com\/es\/wp-json\/wp\/v2\/media\/31059"}],"wp:attachment":[{"href":"https:\/\/hi-techwonder.com\/es\/wp-json\/wp\/v2\/media?parent=75691"}],"wp:term":[{"taxonomy":"product_brand","embeddable":true,"href":"https:\/\/hi-techwonder.com\/es\/wp-json\/wp\/v2\/product_brand?post=75691"},{"taxonomy":"product_cat","embeddable":true,"href":"https:\/\/hi-techwonder.com\/es\/wp-json\/wp\/v2\/product_cat?post=75691"},{"taxonomy":"product_tag","embeddable":true,"href":"https:\/\/hi-techwonder.com\/es\/wp-json\/wp\/v2\/product_tag?post=75691"}],"curies":[{"name":"wp","href":"https:\/\/api.w.org\/{rel}","templated":true}]}}