{"id":75692,"date":"2025-07-28T23:58:37","date_gmt":"2025-07-28T23:58:37","guid":{"rendered":"https:\/\/fv6qoy3ls0.wpdns.site\/product\/peak-design-leash-l-mn-3-correa-de-camara-de-medianoche-azul\/"},"modified":"2025-09-30T14:13:51","modified_gmt":"2025-09-30T14:13:51","slug":"peak-design-leash-l-mn-3-correa-de-camara-de-medianoche-azul","status":"publish","type":"product","link":"https:\/\/hi-techwonder.com\/es\/producto\/peak-design-leash-l-mn-3-correa-de-camara-de-medianoche-azul\/","title":{"rendered":"PEAK DESIGN Leash L-MN-3 Correa de c\u00e1mara de medianoche (azul)"},"content":{"rendered":"<p><strong>PEAK DESIGN Leash L-MN-3 Correa de c\u00e1mara de medianoche (azul)<\/strong><\/p>\n<p><strong>Contenido del paquete:<\/strong><\/p>\n<ul>\n<li>1 x Correa<\/li>\n<li>4 x Sujetadores<\/li>\n<li>2 x Anclajes<\/li>\n<li>1 x Llave hexagonal<\/li>\n<li>1 x Bolsa protectora<\/li>\n<\/ul>\n<p><iframe loading=\"lazy\" style=\"min-height: 500px; width: 100%; height: auto;\" src=\"https:\/\/www.youtube.com\/embed\/uQ08kc3lIcY?feature=emb_title\" width=\"560\" height=\"314\" allowfullscreen=\"allowfullscreen\"><\/iframe><\/p>\n<p>Se puede utilizar como correa de suspensi\u00f3n para varios dispositivos. Vers\u00e1til se puede usar como correa para el cuello, correa para el hombro y m\u00e1s. Su longitud es f\u00e1cilmente ajustable mediante ajustadores de aluminio e Hypalon, dise\u00f1ados para ser operados con un solo dedo. El sistema de anclaje permite una conexi\u00f3n y desconexi\u00f3n r\u00e1pidas. Soporta hasta 90 kg y es ideal para c\u00e1maras profesionales grandes.    <\/p>\n<p><strong>Caracter\u00edsticas t\u00e9cnicas:<\/strong><\/p>\n<ul>\n<li>Longitud de la correa: M\u00e1xima: 1450 mm; M\u00ednimo: 830 mm<\/li>\n<li>Ancho de la correa: 19 mm<\/li>\n<li>Materiales: Correa: Nylon, Aluminio anodizado, Hypalon\u00ae y Parte superior; Anclajes: nylon, acero inoxidable, tela y termopl\u00e1stico<\/li>\n<li>Peso: Sin embalaje: 86 g; Con envase: 104 g<\/li>\n<li>Tama\u00f1o de los anclajes: Di\u00e1metro de la cabeza: 17 mm; Longitud: 43 mm<\/li>\n<li>Tama\u00f1o de montaje de anclajes: 30 mm x 20 mm x 5 mm; Correas de correa: se ajustan a anclajes Peak Design de segunda generaci\u00f3n, con correas de hasta 13 mm de ancho<\/li>\n<li>Resistencia: Los anclajes con cinta de Dyneema soportan\u00ae hasta 90 kg, lo que los hace ideales para grandes c\u00e1maras profesionales<\/li>\n<\/ul>\n","protected":false},"excerpt":{"rendered":"<p>PEAK DESIGN Leash L-MN-3 Correa de c\u00e1mara de medianoche (azul) Contenido del paquete: 1 x Correa 4 x Sujetadores 2<\/p>\n","protected":false},"featured_media":31140,"comment_status":"closed","ping_status":"closed","template":"","meta":{"_acf_changed":false},"product_brand":[2640],"product_cat":[903],"product_tag":[],"class_list":{"0":"post-75692","1":"product","2":"type-product","3":"status-publish","4":"has-post-thumbnail","6":"product_brand-peak-design-es","7":"product_cat-correas-y-tirantes","8":"pa_cor-azul-es","10":"first","11":"pre-order","12":"taxable","13":"shipping-taxable","14":"purchasable","15":"product-type-simple"},"bundled_by":[],"bundle_stock_status":"pre-order","bundle_stock_quantity":null,"bundle_virtual":false,"bundle_layout":"","bundle_add_to_cart_form_location":"","bundle_editable_in_cart":false,"bundle_sold_individually_context":"","bundle_item_grouping":"","bundle_min_size":"","bundle_max_size":"","bundle_price":[],"bundled_items":[],"bundle_sell_ids":[],"acf":[],"_links":{"self":[{"href":"https:\/\/hi-techwonder.com\/es\/wp-json\/wp\/v2\/product\/75692","targetHints":{"allow":["GET"]}}],"collection":[{"href":"https:\/\/hi-techwonder.com\/es\/wp-json\/wp\/v2\/product"}],"about":[{"href":"https:\/\/hi-techwonder.com\/es\/wp-json\/wp\/v2\/types\/product"}],"replies":[{"embeddable":true,"href":"https:\/\/hi-techwonder.com\/es\/wp-json\/wp\/v2\/comments?post=75692"}],"wp:featuredmedia":[{"embeddable":true,"href":"https:\/\/hi-techwonder.com\/es\/wp-json\/wp\/v2\/media\/31140"}],"wp:attachment":[{"href":"https:\/\/hi-techwonder.com\/es\/wp-json\/wp\/v2\/media?parent=75692"}],"wp:term":[{"taxonomy":"product_brand","embeddable":true,"href":"https:\/\/hi-techwonder.com\/es\/wp-json\/wp\/v2\/product_brand?post=75692"},{"taxonomy":"product_cat","embeddable":true,"href":"https:\/\/hi-techwonder.com\/es\/wp-json\/wp\/v2\/product_cat?post=75692"},{"taxonomy":"product_tag","embeddable":true,"href":"https:\/\/hi-techwonder.com\/es\/wp-json\/wp\/v2\/product_tag?post=75692"}],"curies":[{"name":"wp","href":"https:\/\/api.w.org\/{rel}","templated":true}]}}