{"id":75693,"date":"2025-07-28T23:27:48","date_gmt":"2025-07-28T23:27:48","guid":{"rendered":"https:\/\/fv6qoy3ls0.wpdns.site\/product\/bateria-patona-en-el23-coolpix-p600-p900-1700mah\/"},"modified":"2026-01-31T03:57:05","modified_gmt":"2026-01-31T03:57:05","slug":"patona-bateria-patona-en-el23-coolpix-p600-p900-1700mah","status":"publish","type":"product","link":"https:\/\/hi-techwonder.com\/es\/producto\/patona-bateria-patona-en-el23-coolpix-p600-p900-1700mah\/","title":{"rendered":"Bater\u00eda PATONA EN-EL23 (Coolpix P600\/P900) &#8211; 1700mAh"},"content":{"rendered":"<p><strong>Bater\u00eda Patona EN-EL23 &#8211; 1700mAh<\/strong><\/p>\n<p><strong>Caracter\u00edsticas t\u00e9cnicas:<\/strong><\/p>\n<ul>\n<li>Tipo: Li-ion<\/li>\n<li>Capacidad: 1700mAh<\/li>\n<li>Salida: 6,5 Wh<\/li>\n<li>Voltaje: 3.8V<\/li>\n<\/ul>\n<p><strong>C\u00e1maras compatibles:<\/strong><\/p>\n<ul>\n<li>Nikon Coolpix S810C<\/li>\n<li>Nikon Coolpix P600<\/li>\n<li>Nikon Coolpix P900<\/li>\n<\/ul>\n<p><strong>Contenido del paquete:<\/strong><br \/>1 x Bater\u00eda Patona<\/p>\n","protected":false},"excerpt":{"rendered":"<p>Bater\u00eda Patona EN-EL23 &#8211; 1700mAh Caracter\u00edsticas t\u00e9cnicas: Tipo: Li-ion Capacidad: 1700mAh Salida: 6,5 Wh Voltaje: 3.8V C\u00e1maras compatibles: Nikon Coolpix<\/p>\n","protected":false},"featured_media":22162,"comment_status":"closed","ping_status":"closed","template":"","meta":{"_acf_changed":false},"product_brand":[2564],"product_cat":[859],"product_tag":[],"class_list":{"0":"post-75693","1":"product","2":"type-product","3":"status-publish","4":"has-post-thumbnail","6":"product_brand-patona-es","7":"product_cat-nikon-es","9":"first","10":"instock","11":"taxable","12":"shipping-taxable","13":"purchasable","14":"product-type-simple"},"bundled_by":[],"bundle_stock_status":"instock","bundle_stock_quantity":1,"bundle_virtual":false,"bundle_layout":"","bundle_add_to_cart_form_location":"","bundle_editable_in_cart":false,"bundle_sold_individually_context":"","bundle_item_grouping":"","bundle_min_size":"","bundle_max_size":"","bundle_price":[],"bundled_items":[],"bundle_sell_ids":[],"acf":[],"_links":{"self":[{"href":"https:\/\/hi-techwonder.com\/es\/wp-json\/wp\/v2\/product\/75693","targetHints":{"allow":["GET"]}}],"collection":[{"href":"https:\/\/hi-techwonder.com\/es\/wp-json\/wp\/v2\/product"}],"about":[{"href":"https:\/\/hi-techwonder.com\/es\/wp-json\/wp\/v2\/types\/product"}],"replies":[{"embeddable":true,"href":"https:\/\/hi-techwonder.com\/es\/wp-json\/wp\/v2\/comments?post=75693"}],"wp:featuredmedia":[{"embeddable":true,"href":"https:\/\/hi-techwonder.com\/es\/wp-json\/wp\/v2\/media\/22162"}],"wp:attachment":[{"href":"https:\/\/hi-techwonder.com\/es\/wp-json\/wp\/v2\/media?parent=75693"}],"wp:term":[{"taxonomy":"product_brand","embeddable":true,"href":"https:\/\/hi-techwonder.com\/es\/wp-json\/wp\/v2\/product_brand?post=75693"},{"taxonomy":"product_cat","embeddable":true,"href":"https:\/\/hi-techwonder.com\/es\/wp-json\/wp\/v2\/product_cat?post=75693"},{"taxonomy":"product_tag","embeddable":true,"href":"https:\/\/hi-techwonder.com\/es\/wp-json\/wp\/v2\/product_tag?post=75693"}],"curies":[{"name":"wp","href":"https:\/\/api.w.org\/{rel}","templated":true}]}}