{"id":75694,"date":"2025-07-28T23:28:58","date_gmt":"2025-07-28T23:28:58","guid":{"rendered":"https:\/\/fv6qoy3ls0.wpdns.site\/product\/patona-similar-sony-ac-pw20-alimentador-con-maniqui-np-fw50\/"},"modified":"2025-11-21T16:55:12","modified_gmt":"2025-11-21T16:55:12","slug":"patona-similar-sony-ac-pw20-alimentador-con-maniqui-np-fw50","status":"publish","type":"product","link":"https:\/\/hi-techwonder.com\/es\/producto\/patona-similar-sony-ac-pw20-alimentador-con-maniqui-np-fw50\/","title":{"rendered":"PATONA Similar Sony AC-PW20 Alimentador con maniqu\u00ed NP-FW50"},"content":{"rendered":"<p><strong>Alimentador PATONA similar a Sony AC-PW20 (NP-FW50)<\/strong><\/p>\n<p>Fuente de alimentaci\u00f3n para c\u00e1maras que utilizan NP-FW50 o bater\u00edas compatibles.<\/p>\n<p><strong>Contenido del paquete:<\/strong><br \/>1 x Fuentes de alimentaci\u00f3n similares a Sony AC-PW20<\/p>\n<p><strong>Este set incluye:<\/strong><br \/>Fuente de alimentaci\u00f3n similar a la Sony AC-PW20, incluye el adaptador de CC para el compartimento de la bater\u00eda NP-FW50.<\/p>\n<p><strong>Caracter\u00edsticas t\u00e9cnicas:<\/strong><br \/>Entrada: 100V &#8211; 240V<br \/>Salida: 7,6 V, 2 A<br \/>Longitud total: unos 2m<br \/>Peso: 321 g<\/p>\n","protected":false},"excerpt":{"rendered":"<p>Alimentador PATONA similar a Sony AC-PW20 (NP-FW50) Fuente de alimentaci\u00f3n para c\u00e1maras que utilizan NP-FW50 o bater\u00edas compatibles. Contenido del<\/p>\n","protected":false},"featured_media":22535,"comment_status":"closed","ping_status":"closed","template":"","meta":{"_acf_changed":false},"product_brand":[2564],"product_cat":[864],"product_tag":[],"class_list":{"0":"post-75694","1":"product","2":"type-product","3":"status-publish","4":"has-post-thumbnail","6":"product_brand-patona-es","7":"product_cat-sony-es","9":"first","10":"pre-order","11":"taxable","12":"shipping-taxable","13":"purchasable","14":"product-type-simple"},"bundled_by":[],"bundle_stock_status":"pre-order","bundle_stock_quantity":null,"bundle_virtual":false,"bundle_layout":"","bundle_add_to_cart_form_location":"","bundle_editable_in_cart":false,"bundle_sold_individually_context":"","bundle_item_grouping":"","bundle_min_size":"","bundle_max_size":"","bundle_price":[],"bundled_items":[],"bundle_sell_ids":[],"acf":[],"_links":{"self":[{"href":"https:\/\/hi-techwonder.com\/es\/wp-json\/wp\/v2\/product\/75694","targetHints":{"allow":["GET"]}}],"collection":[{"href":"https:\/\/hi-techwonder.com\/es\/wp-json\/wp\/v2\/product"}],"about":[{"href":"https:\/\/hi-techwonder.com\/es\/wp-json\/wp\/v2\/types\/product"}],"replies":[{"embeddable":true,"href":"https:\/\/hi-techwonder.com\/es\/wp-json\/wp\/v2\/comments?post=75694"}],"wp:featuredmedia":[{"embeddable":true,"href":"https:\/\/hi-techwonder.com\/es\/wp-json\/wp\/v2\/media\/22535"}],"wp:attachment":[{"href":"https:\/\/hi-techwonder.com\/es\/wp-json\/wp\/v2\/media?parent=75694"}],"wp:term":[{"taxonomy":"product_brand","embeddable":true,"href":"https:\/\/hi-techwonder.com\/es\/wp-json\/wp\/v2\/product_brand?post=75694"},{"taxonomy":"product_cat","embeddable":true,"href":"https:\/\/hi-techwonder.com\/es\/wp-json\/wp\/v2\/product_cat?post=75694"},{"taxonomy":"product_tag","embeddable":true,"href":"https:\/\/hi-techwonder.com\/es\/wp-json\/wp\/v2\/product_tag?post=75694"}],"curies":[{"name":"wp","href":"https:\/\/api.w.org\/{rel}","templated":true}]}}