{"id":75700,"date":"2025-07-28T23:28:58","date_gmt":"2025-07-28T23:28:58","guid":{"rendered":"https:\/\/fv6qoy3ls0.wpdns.site\/product\/acoplador-de-cc-patona-similar-a-sony-ac-pw20-np-fw50\/"},"modified":"2026-02-13T12:46:25","modified_gmt":"2026-02-13T12:46:25","slug":"patona-acoplador-de-cc-patona-similar-a-sony-ac-pw20-np-fw50","status":"publish","type":"product","link":"https:\/\/hi-techwonder.com\/es\/producto\/patona-acoplador-de-cc-patona-similar-a-sony-ac-pw20-np-fw50\/","title":{"rendered":"Acoplador de CC PATONA similar a Sony AC-PW20 (NP-FW50)"},"content":{"rendered":"<p><strong>Acoplador de CC PATONA similar a Sony AC-PW20 (NP-FW50)<\/strong><\/p>\n<p>Este acoplador de CC le permite utilizar su c\u00e1mara con un suministro constante de energ\u00eda de la red el\u00e9ctrica. El adaptador de bater\u00eda se coloca en el compartimiento de la bater\u00eda en lugar de la bater\u00eda y se conecta a la red el\u00e9ctrica. Esto significa que hay un suministro constante de electricidad. Las bater\u00edas falsas son esenciales para el trabajo de estudio y son \u00fatiles para tomas de lapso de tiempo.   <\/p>\n<p><strong>Contenido del paquete:<\/strong><br \/>1 x Acoplador de CC similar a Sony AC-PW20 &#8211; Dummy NP-FW50<\/p>\n<p><strong>Datos t\u00e9cnicos:<\/strong><br \/>Adaptador compatible: Sony AC-PW20<br \/>Modelos de bater\u00eda: Sony NP-FW50<br \/>Acoplador compatible: Sony AC-PW20<\/p>\n","protected":false},"excerpt":{"rendered":"<p>Acoplador de CC PATONA similar a Sony AC-PW20 (NP-FW50) Este acoplador de CC le permite utilizar su c\u00e1mara con un<\/p>\n","protected":false},"featured_media":22538,"comment_status":"closed","ping_status":"closed","template":"","meta":{"_acf_changed":false},"product_brand":[2564],"product_cat":[864],"product_tag":[],"class_list":{"0":"post-75700","1":"product","2":"type-product","3":"status-publish","4":"has-post-thumbnail","6":"product_brand-patona-es","7":"product_cat-sony-es","9":"first","10":"instock","11":"taxable","12":"shipping-taxable","13":"purchasable","14":"product-type-simple"},"bundled_by":[],"bundle_stock_status":"instock","bundle_stock_quantity":1,"bundle_virtual":false,"bundle_layout":"","bundle_add_to_cart_form_location":"","bundle_editable_in_cart":false,"bundle_sold_individually_context":"","bundle_item_grouping":"","bundle_min_size":"","bundle_max_size":"","bundle_price":[],"bundled_items":[],"bundle_sell_ids":[],"acf":[],"_links":{"self":[{"href":"https:\/\/hi-techwonder.com\/es\/wp-json\/wp\/v2\/product\/75700","targetHints":{"allow":["GET"]}}],"collection":[{"href":"https:\/\/hi-techwonder.com\/es\/wp-json\/wp\/v2\/product"}],"about":[{"href":"https:\/\/hi-techwonder.com\/es\/wp-json\/wp\/v2\/types\/product"}],"replies":[{"embeddable":true,"href":"https:\/\/hi-techwonder.com\/es\/wp-json\/wp\/v2\/comments?post=75700"}],"wp:featuredmedia":[{"embeddable":true,"href":"https:\/\/hi-techwonder.com\/es\/wp-json\/wp\/v2\/media\/22538"}],"wp:attachment":[{"href":"https:\/\/hi-techwonder.com\/es\/wp-json\/wp\/v2\/media?parent=75700"}],"wp:term":[{"taxonomy":"product_brand","embeddable":true,"href":"https:\/\/hi-techwonder.com\/es\/wp-json\/wp\/v2\/product_brand?post=75700"},{"taxonomy":"product_cat","embeddable":true,"href":"https:\/\/hi-techwonder.com\/es\/wp-json\/wp\/v2\/product_cat?post=75700"},{"taxonomy":"product_tag","embeddable":true,"href":"https:\/\/hi-techwonder.com\/es\/wp-json\/wp\/v2\/product_tag?post=75700"}],"curies":[{"name":"wp","href":"https:\/\/api.w.org\/{rel}","templated":true}]}}