{"id":75701,"date":"2025-07-28T23:29:57","date_gmt":"2025-07-28T23:29:57","guid":{"rendered":"https:\/\/fv6qoy3ls0.wpdns.site\/product\/bateria-recargable-usb-c-smallrig-4906-dmw-blk22-4906\/"},"modified":"2026-01-31T03:53:24","modified_gmt":"2026-01-31T03:53:24","slug":"smallrig-bateria-recargable-usb-c-smallrig-4906-dmw-blk22-4906","status":"publish","type":"product","link":"https:\/\/hi-techwonder.com\/es\/producto\/smallrig-bateria-recargable-usb-c-smallrig-4906-dmw-blk22-4906\/","title":{"rendered":"Bater\u00eda recargable USB-C SMALLRIG 4906 DMW-BLK22\/4906"},"content":{"rendered":"<h3><strong>T\u00edtulo:<\/strong> Bater\u00eda plegable USB-C SmallRig DMW-BLK22 4906<\/h3>\n<hr>\n<h3><strong>Descripci\u00f3n general:<\/strong><\/h3>\n<p>La <strong>bater\u00eda recargable para c\u00e1mara SmallRig DMW-BLK22 USB-C 4906<\/strong> es la soluci\u00f3n ideal para aquellos que buscan rendimiento y practicidad. Esta bater\u00eda recargable, compatible con una variedad de c\u00e1maras LUMIX, est\u00e1 dise\u00f1ada para una <strong>mayor vida \u00fatil<\/strong>, <strong>carga r\u00e1pida<\/strong> y amplia compatibilidad. Su capacidad nominal de <strong>2520 mAh<\/strong> garantiza un mayor tiempo de uso entre cargas, mientras que el puerto USB-C admite m\u00faltiples opciones de carga, incluidos <strong>bancos de energ\u00eda<\/strong>, <strong>cargadores de autom\u00f3viles<\/strong> y <strong>regletas de enchufes<\/strong>.  <\/p>\n<p>Con un dise\u00f1o compacto y el mismo tama\u00f1o que las bater\u00edas originales, esta bater\u00eda ofrece un ajuste perfecto sin problemas de compatibilidad. Fabricado con materiales de alta calidad como ABS y <strong>PC<\/strong> <strong>resistentes al fuego<\/strong>, es seguro, duradero y est\u00e1 equipado con certificaciones internacionales, incluidas FCC, CE y RoHS. <\/p>\n<hr>\n<h3><strong>Caracter\u00edsticas principales:<\/strong><\/h3>\n<ol>\n<li><strong>Conveniente carga USB-C:<\/strong> Admite la carga mediante bancos de energ\u00eda, regletas, cargadores de autom\u00f3viles y otros cargadores especializados.<\/li>\n<li><strong>Carga r\u00e1pida:<\/strong> Tecnolog\u00eda pionera de alta corriente (5V\/2A) que permite una carga completa en solo <strong>2,5 horas<\/strong>.<\/li>\n<li><strong>Mayor capacidad:<\/strong> <strong>2520 mAh<\/strong> para un mayor tiempo de uso durante grabaciones y sesiones de fotos.<\/li>\n<li><strong>Dise\u00f1o distintivo:<\/strong> Color visualmente llamativo y construcci\u00f3n compacta.<\/li>\n<li><strong>Compatibilidad total:<\/strong> Bater\u00eda decodificada sin ventanas emergentes de error, compatible con varios modelos LUMIX.<\/li>\n<li><strong>Durabilidad y seguridad:<\/strong> Circuito confiable para salida estable de voltaje y corriente, protecci\u00f3n contra sobredescarga y corte autom\u00e1tico de voltaje.<\/li>\n<\/ol>\n<hr>\n<h3><strong>Especificaciones t\u00e9cnicas:<\/strong><\/h3>\n<ul>\n<li><strong>Qu\u00edmica de la bater\u00eda:<\/strong> Iones de litio<\/li>\n<li><strong>Capacidad nominal:<\/strong> 2520mAh<\/li>\n<li><strong>Voltaje nominal:<\/strong> 7.2V<\/li>\n<li><strong>Energ\u00eda total:<\/strong> 18,15 Wh<\/li>\n<li><strong>Entrada m\u00e1xima:<\/strong> 8,4 V, 5 V\/2 A (a trav\u00e9s de USB-C)<\/li>\n<li><strong>Corriente de entrada:<\/strong>\n<ul>\n<li>Carga lenta: 480 mA (0,2 C)<\/li>\n<li>Carga r\u00e1pida: 1680 mA (0,7 C)<\/li>\n<\/ul>\n<\/li>\n<li><strong>Salida m\u00e1xima:<\/strong> 5A<\/li>\n<li><strong>Protecci\u00f3n contra descargas:<\/strong> 4.5 ~ 7.5A<\/li>\n<li><strong>Corte de voltaje:<\/strong> 5.0V<\/li>\n<li><strong>Temperatura de funcionamiento:<\/strong> 0? \u00bfA los 45? <\/li>\n<li><strong>Dimensiones del producto:<\/strong> 56,6 x 39,2 x 20,8 mm<\/li>\n<li><strong>Peso de la bater\u00eda:<\/strong> 81 \u00b1 5 g<\/li>\n<\/ul>\n<hr>\n<h3><strong>Compatibilidad:<\/strong><\/h3>\n<p>Modelos LUMIX, que incluyen:<\/p>\n<ul>\n<li>GH7, GH6, GH5 II<\/li>\n<li>S9, G9 II, S5 IIX, S5 II, S5<\/li>\n<\/ul>\n<p><em>(Consulte la especificaci\u00f3n del tipo de bater\u00eda para conocer modelos adicionales).<\/em><\/p>\n<hr>\n<h3><strong>Contenido del paquete:<\/strong><\/h3>\n<ul>\n<li><strong>1x Bater\u00eda de c\u00e1mara recargable SmallRig DMW-BLK22 USB-C<\/strong><\/li>\n<li><strong>1x Cable de carga USB-A a USB-C (0,6 m)<\/strong><\/li>\n<li><strong>1x Manual de usuario<\/strong><\/li>\n<li><strong>1x Gu\u00eda de operaci\u00f3n<\/strong><\/li>\n<\/ul>\n<hr>\n<h3><strong>Dimensiones y peso:<\/strong><\/h3>\n<ul>\n<li><strong>Peso total del producto:<\/strong> 100,4 \u00b1 5 g<\/li>\n<li><strong>Peso del paquete:<\/strong> 126 \u00b1 5g<\/li>\n<li><strong>Dimensiones del paquete:<\/strong> 103 x 70 x 29 mm<\/li>\n<\/ul>\n<hr>\n<h3><strong>Informaci\u00f3n adicional:<\/strong><\/h3>\n<p>Nota: Im\u00e1genes ilustrativas. Equipo adicional no incluido. Consulte el contenido y las especificaciones del paquete para obtener m\u00e1s detalles.  <\/p>\n","protected":false},"excerpt":{"rendered":"<p>T\u00edtulo: Bater\u00eda plegable USB-C SmallRig DMW-BLK22 4906 Descripci\u00f3n general: La bater\u00eda recargable para c\u00e1mara SmallRig DMW-BLK22 USB-C 4906 es la<\/p>\n","protected":false},"featured_media":22893,"comment_status":"closed","ping_status":"closed","template":"","meta":{"_acf_changed":false},"product_brand":[2550],"product_cat":[862],"product_tag":[],"class_list":{"0":"post-75701","1":"product","2":"type-product","3":"status-publish","4":"has-post-thumbnail","6":"product_brand-smallrig-es","7":"product_cat-panasonic-es","9":"first","10":"instock","11":"taxable","12":"shipping-taxable","13":"purchasable","14":"product-type-simple"},"bundled_by":[],"bundle_stock_status":"instock","bundle_stock_quantity":2,"bundle_virtual":false,"bundle_layout":"","bundle_add_to_cart_form_location":"","bundle_editable_in_cart":false,"bundle_sold_individually_context":"","bundle_item_grouping":"","bundle_min_size":"","bundle_max_size":"","bundle_price":[],"bundled_items":[],"bundle_sell_ids":[],"acf":[],"_links":{"self":[{"href":"https:\/\/hi-techwonder.com\/es\/wp-json\/wp\/v2\/product\/75701","targetHints":{"allow":["GET"]}}],"collection":[{"href":"https:\/\/hi-techwonder.com\/es\/wp-json\/wp\/v2\/product"}],"about":[{"href":"https:\/\/hi-techwonder.com\/es\/wp-json\/wp\/v2\/types\/product"}],"replies":[{"embeddable":true,"href":"https:\/\/hi-techwonder.com\/es\/wp-json\/wp\/v2\/comments?post=75701"}],"wp:featuredmedia":[{"embeddable":true,"href":"https:\/\/hi-techwonder.com\/es\/wp-json\/wp\/v2\/media\/22893"}],"wp:attachment":[{"href":"https:\/\/hi-techwonder.com\/es\/wp-json\/wp\/v2\/media?parent=75701"}],"wp:term":[{"taxonomy":"product_brand","embeddable":true,"href":"https:\/\/hi-techwonder.com\/es\/wp-json\/wp\/v2\/product_brand?post=75701"},{"taxonomy":"product_cat","embeddable":true,"href":"https:\/\/hi-techwonder.com\/es\/wp-json\/wp\/v2\/product_cat?post=75701"},{"taxonomy":"product_tag","embeddable":true,"href":"https:\/\/hi-techwonder.com\/es\/wp-json\/wp\/v2\/product_tag?post=75701"}],"curies":[{"name":"wp","href":"https:\/\/api.w.org\/{rel}","templated":true}]}}