{"id":75702,"date":"2025-07-28T23:29:57","date_gmt":"2025-07-28T23:29:57","guid":{"rendered":"https:\/\/fv6qoy3ls0.wpdns.site\/product\/patona-dmw-blk22-acoplador-ficticio-con-d-tap\/"},"modified":"2026-04-16T17:24:08","modified_gmt":"2026-04-16T16:24:08","slug":"patona-dmw-blk22-acoplador-ficticio-con-d-tap","status":"publish","type":"product","link":"https:\/\/hi-techwonder.com\/es\/producto\/patona-dmw-blk22-acoplador-ficticio-con-d-tap\/","title":{"rendered":"PATONA DMW-BLK22 Acoplador ficticio con D-Tap"},"content":{"rendered":"<p><strong>PATONA DMW-BLK22 Acoplador ficticio con D-Tap<\/strong><\/p>\n<p><strong>Contenido del paquete:<\/strong><\/p>\n<ul>\n<li>1 x Acoplador ficticio Patona con D-Tap<\/li>\n<\/ul>\n<p>Estos acopladores han sido desarrollados para aumentar el tiempo de uso de la c\u00e1mara. Esto le permite operar su c\u00e1mara convencional con una fuente de salida D-TAP independientemente de una fuente de alimentaci\u00f3n fija. Las bater\u00edas adecuadas con salida D-TAP son, por ejemplo, las bater\u00edas V-Mount, Goldmount o Sony BP-A65, BP-U50, BP-U68 o BP-U100 y muchas otras. Los adaptadores tambi\u00e9n se pueden utilizar en monitores LED y luces en las que se utiliza una bater\u00eda compatible.   <\/p>\n<p><strong>C\u00e1maras compatibles:<\/strong><\/p>\n<ul>\n<li>Panasonic Lumix S9<\/li>\n<li>Panasonic Lumix S5<\/li>\n<li>Panasonic Lumix S5 II<\/li>\n<li>Panasonic Lumix S5 IIx<\/li>\n<li>Panasonic Lumix G9 II<\/li>\n<li>Panasonic Lumix GH5 II<\/li>\n<li>Panasonic GH5<\/li>\n<li>Panasonic GH5S<\/li>\n<li>Panasonic GH6<\/li>\n<\/ul>\n<p><strong>Bater\u00edas\/adaptadores compatibles:<\/strong><\/p>\n<ul>\n<li>Panasonic DMW-DCC12<\/li>\n<li>Panasonic DMW-DCC17<\/li>\n<li>Panasonic DMW-BLK22<\/li>\n<\/ul>\n<p><strong>Caracter\u00edsticas t\u00e9cnicas:<\/strong><\/p>\n<ul>\n<li>Entrada: D-TAP 14,8 V<\/li>\n<li>Salida: 7,4 V<\/li>\n<li>Longitud del cable: 40 cm<\/li>\n<\/ul>\n","protected":false},"excerpt":{"rendered":"<p>PATONA DMW-BLK22 Acoplador ficticio con D-Tap Contenido del paquete: 1 x Acoplador ficticio Patona con D-Tap Estos acopladores han sido<\/p>\n","protected":false},"featured_media":22855,"comment_status":"closed","ping_status":"closed","template":"","meta":{"_acf_changed":false},"product_brand":[2564],"product_cat":[862],"product_tag":[],"class_list":{"0":"post-75702","1":"product","2":"type-product","3":"status-publish","4":"has-post-thumbnail","6":"product_brand-patona-es","7":"product_cat-panasonic-es","9":"first","10":"instock","11":"taxable","12":"shipping-taxable","13":"purchasable","14":"product-type-simple"},"bundled_by":[],"bundle_stock_status":"instock","bundle_stock_quantity":1,"bundle_virtual":false,"bundle_layout":"","bundle_add_to_cart_form_location":"","bundle_editable_in_cart":false,"bundle_sold_individually_context":"","bundle_item_grouping":"","bundle_min_size":"","bundle_max_size":"","bundle_price":[],"bundled_items":[],"bundle_sell_ids":[],"acf":[],"_links":{"self":[{"href":"https:\/\/hi-techwonder.com\/es\/wp-json\/wp\/v2\/product\/75702","targetHints":{"allow":["GET"]}}],"collection":[{"href":"https:\/\/hi-techwonder.com\/es\/wp-json\/wp\/v2\/product"}],"about":[{"href":"https:\/\/hi-techwonder.com\/es\/wp-json\/wp\/v2\/types\/product"}],"replies":[{"embeddable":true,"href":"https:\/\/hi-techwonder.com\/es\/wp-json\/wp\/v2\/comments?post=75702"}],"wp:featuredmedia":[{"embeddable":true,"href":"https:\/\/hi-techwonder.com\/es\/wp-json\/wp\/v2\/media\/22855"}],"wp:attachment":[{"href":"https:\/\/hi-techwonder.com\/es\/wp-json\/wp\/v2\/media?parent=75702"}],"wp:term":[{"taxonomy":"product_brand","embeddable":true,"href":"https:\/\/hi-techwonder.com\/es\/wp-json\/wp\/v2\/product_brand?post=75702"},{"taxonomy":"product_cat","embeddable":true,"href":"https:\/\/hi-techwonder.com\/es\/wp-json\/wp\/v2\/product_cat?post=75702"},{"taxonomy":"product_tag","embeddable":true,"href":"https:\/\/hi-techwonder.com\/es\/wp-json\/wp\/v2\/product_tag?post=75702"}],"curies":[{"name":"wp","href":"https:\/\/api.w.org\/{rel}","templated":true}]}}