{"id":75707,"date":"2025-07-28T23:33:43","date_gmt":"2025-07-28T23:33:43","guid":{"rendered":"https:\/\/fv6qoy3ls0.wpdns.site\/product\/adaptador-de-bateria-de-montaje-smallrig-3202-v-con-abrazadera\/"},"modified":"2026-01-31T03:48:51","modified_gmt":"2026-01-31T03:48:51","slug":"smallrig-adaptador-de-bateria-de-montaje-smallrig-3202-v-con-abrazadera","status":"publish","type":"product","link":"https:\/\/hi-techwonder.com\/es\/producto\/smallrig-adaptador-de-bateria-de-montaje-smallrig-3202-v-con-abrazadera\/","title":{"rendered":"Adaptador de bater\u00eda de montaje SMALLRIG 3202 V con abrazadera"},"content":{"rendered":"<p>Alimenta tu c\u00e1mara y una variedad de accesorios con una sola bater\u00eda V-Mount de alta capacidad con la placa adaptadora de bater\u00eda V-Mount con abrazadera SmallRig. La placa adaptadora contiene una salida D-Tap de 14,8 V, una salida USB de 5 V \/ 2 A, una salida de cilindro de 8 V CC y dos salidas de cilindro de 12 V CC en los lados. <\/p>\n<p>La placa de aluminio duradera cuenta con m\u00faltiples roscas de 1\/4&#8243;-20 en la parte posterior para montarla en una variedad de brazos, jaulas, abrazaderas, toboganes o plataformas. La abrazadera en forma de cangrejo adjunta le permite sujetar la placa a varillas de 15 a 30 mm de di\u00e1metro. La placa tambi\u00e9n tiene un bot\u00f3n de encendido en el lateral, por lo que puede cortar r\u00e1pidamente la energ\u00eda de la bater\u00eda.  <\/p>\n<p><strong>Compatibilidad<\/strong><\/p>\n<p>Una bater\u00eda V-Mount (excepto las bater\u00edas V-Mount de la serie PAGlink y la bater\u00eda Patona Premium para BP-190WS)<\/p>\n<p>Varilla o tubo de 15 a 30 mm de di\u00e1metro<\/p>\n<h2 class=\"western\" style=\"font-weight: normal\"><strong><span style=\"font-family: OpenSans, Segoe UI, Helvetica, Roboto, Arial, sans-serif\"><span style=\"font-size: medium\">Especificaciones de SmallRig 3202<\/span><\/span><\/strong><\/h2>\n<p style=\"margin-bottom: 0cm;border-top: none;border-bottom: 1pt solid #cdcdcd;border-left: none;border-right: none;padding: 0cm 0cm 0.05cm;line-height: 200%\"><strong> <span style=\"font-family: OpenSans, Segoe UI, Helvetica, Roboto, Arial, sans-serif\">Poder<\/span><\/strong><\/p>\n<table border=\"0\" width=\"283\" cellspacing=\"0\" cellpadding=\"2\">\n<colgroup>\n<col width=\"93\">\n<col width=\"183\"> <\/colgroup>\n<tbody>\n<tr>\n<td width=\"93\">\n<p style=\"border: none;padding: 0cm\" align=\"LEFT\">Potencia de salida<\/p>\n<\/td>\n<td width=\"183\">\n<p style=\"border: none;padding: 0cm\">Toma D: 14,8 V CC<br \/>USB tipo A: 5 V CC a 2 A<br \/>Conector de CC: 8 VCC<br \/>Conector de CC: 12 V CC<\/p>\n<\/td>\n<\/tr>\n<\/tbody>\n<\/table>\n<p style=\"margin-bottom: 0cm;border-top: none;border-bottom: 1pt solid #cdcdcd;border-left: none;border-right: none;padding: 0cm 0cm 0.05cm;line-height: 200%\"><strong> <span style=\"font-family: OpenSans, Segoe UI, Helvetica, Roboto, Arial, sans-serif\">General<\/span><\/strong><\/p>\n<table border=\"0\" width=\"437\" cellspacing=\"0\" cellpadding=\"2\">\n<colgroup>\n<col width=\"179\">\n<col width=\"250\"> <\/colgroup>\n<tbody>\n<tr>\n<td width=\"179\">\n<p style=\"border: none;padding: 0cm\" align=\"LEFT\">M\u00e9todo de alimentaci\u00f3n de la c\u00e1mara<\/p>\n<\/td>\n<td width=\"250\">\n<p style=\"border: none;padding: 0cm\">Conector<\/p>\n<\/td>\n<\/tr>\n<tr>\n<td width=\"179\">\n<p style=\"border: none;padding: 0cm\" align=\"LEFT\">Conectores<\/p>\n<\/td>\n<td width=\"250\">\n<p style=\"border: none;padding: 0cm\">1 x D-Tap<br \/>1 x USB tipo A<br \/>3 x conector de CC<\/p>\n<\/td>\n<\/tr>\n<tr>\n<td width=\"179\">\n<p style=\"border: none;padding: 0cm\" align=\"LEFT\">Placa frontal \/ soporte de bater\u00eda<\/p>\n<\/td>\n<td width=\"250\">\n<p style=\"border: none;padding: 0cm\">Montura en V<\/p>\n<\/td>\n<\/tr>\n<tr>\n<td width=\"179\">\n<p style=\"border: none;padding: 0cm\" align=\"LEFT\">Placa de montaje trasero<\/p>\n<\/td>\n<td width=\"250\">\n<p style=\"border: none;padding: 0cm\">1\/4&#8243;-20 Hembra<\/p>\n<\/td>\n<\/tr>\n<tr>\n<td width=\"179\">\n<p style=\"border: none;padding: 0cm\" align=\"LEFT\">N\u00famero de bah\u00edas de bater\u00eda<\/p>\n<\/td>\n<td width=\"250\">\n<p style=\"border: none;padding: 0cm\">1<\/p>\n<\/td>\n<\/tr>\n<tr>\n<td width=\"179\">\n<p style=\"border: none;padding: 0cm\" align=\"LEFT\">Montaje de accesorios<\/p>\n<\/td>\n<td width=\"250\">\n<p style=\"border: none;padding: 0cm\">1\/4&#8243;-20 Hembra<\/p>\n<\/td>\n<\/tr>\n<tr>\n<td width=\"179\">\n<p style=\"border: none;padding: 0cm\" align=\"LEFT\">Material de construcci\u00f3n<\/p>\n<\/td>\n<td width=\"250\">\n<p style=\"border: none;padding: 0cm\">Aluminio<\/p>\n<\/td>\n<\/tr>\n<tr>\n<td width=\"179\">\n<p style=\"border: none;padding: 0cm\" align=\"LEFT\">Dimensiones<\/p>\n<\/td>\n<td width=\"250\">\n<p style=\"border: none;padding: 0cm\">5,6 x 3,64 x 3,3&#8243; \/ 14,2 x 9,25 x 8,5 cm<\/p>\n<\/td>\n<\/tr>\n<tr>\n<td width=\"179\">\n<p style=\"border: none;padding: 0cm\" align=\"LEFT\">Peso<\/p>\n<\/td>\n<td width=\"250\">\n<p style=\"border: none;padding: 0cm\">12.8 oz \/ 362 g<\/p>\n<\/td>\n<\/tr>\n<\/tbody>\n<\/table>\n","protected":false},"excerpt":{"rendered":"<p>Alimenta tu c\u00e1mara y una variedad de accesorios con una sola bater\u00eda V-Mount de alta capacidad con la placa adaptadora<\/p>\n","protected":false},"featured_media":23929,"comment_status":"closed","ping_status":"open","template":"","meta":{"_acf_changed":false},"product_brand":[2550],"product_cat":[876],"product_tag":[],"class_list":{"0":"post-75707","1":"product","2":"type-product","3":"status-publish","4":"has-post-thumbnail","6":"product_brand-smallrig-es","7":"product_cat-cables-adaptadores","9":"first","10":"onbackorder","11":"taxable","12":"shipping-taxable","13":"purchasable","14":"product-type-simple"},"bundled_by":[],"bundle_stock_status":"onbackorder","bundle_stock_quantity":null,"bundle_virtual":false,"bundle_layout":"","bundle_add_to_cart_form_location":"","bundle_editable_in_cart":false,"bundle_sold_individually_context":"","bundle_item_grouping":"","bundle_min_size":"","bundle_max_size":"","bundle_price":[],"bundled_items":[],"bundle_sell_ids":[],"acf":[],"_links":{"self":[{"href":"https:\/\/hi-techwonder.com\/es\/wp-json\/wp\/v2\/product\/75707","targetHints":{"allow":["GET"]}}],"collection":[{"href":"https:\/\/hi-techwonder.com\/es\/wp-json\/wp\/v2\/product"}],"about":[{"href":"https:\/\/hi-techwonder.com\/es\/wp-json\/wp\/v2\/types\/product"}],"replies":[{"embeddable":true,"href":"https:\/\/hi-techwonder.com\/es\/wp-json\/wp\/v2\/comments?post=75707"}],"wp:featuredmedia":[{"embeddable":true,"href":"https:\/\/hi-techwonder.com\/es\/wp-json\/wp\/v2\/media\/23929"}],"wp:attachment":[{"href":"https:\/\/hi-techwonder.com\/es\/wp-json\/wp\/v2\/media?parent=75707"}],"wp:term":[{"taxonomy":"product_brand","embeddable":true,"href":"https:\/\/hi-techwonder.com\/es\/wp-json\/wp\/v2\/product_brand?post=75707"},{"taxonomy":"product_cat","embeddable":true,"href":"https:\/\/hi-techwonder.com\/es\/wp-json\/wp\/v2\/product_cat?post=75707"},{"taxonomy":"product_tag","embeddable":true,"href":"https:\/\/hi-techwonder.com\/es\/wp-json\/wp\/v2\/product_tag?post=75707"}],"curies":[{"name":"wp","href":"https:\/\/api.w.org\/{rel}","templated":true}]}}