{"id":75713,"date":"2025-07-28T23:42:32","date_gmt":"2025-07-28T23:42:32","guid":{"rendered":"https:\/\/fv6qoy3ls0.wpdns.site\/product\/tripode-de-estudio-walimex-air-jumbo-730cm\/"},"modified":"2026-01-31T03:37:05","modified_gmt":"2026-01-31T03:37:05","slug":"walimex-tripode-de-estudio-walimex-air-jumbo-730cm","status":"publish","type":"product","link":"https:\/\/hi-techwonder.com\/es\/producto\/walimex-tripode-de-estudio-walimex-air-jumbo-730cm\/","title":{"rendered":"Tr\u00edpode de estudio WALIMEX Air Jumbo 730cm"},"content":{"rendered":"<p><span style=\"font-size: small\"><strong>RES\u00daMENES<\/strong><\/span><\/p>\n<ul>\n<li><span style=\"font-size: small\">Extensible de 162 cm a 730 cm<br \/><\/span><\/li>\n<li><span style=\"font-size: small\">Ideal para iluminaci\u00f3n a grandes alturas<br \/><\/span><\/li>\n<li><span style=\"font-size: small\">Tambi\u00e9n se puede utilizar como soporte para banderas o pancartas<br \/><\/span><\/li>\n<li><span style=\"font-size: small\">Muy resistente y estable<br \/><\/span><\/li>\n<li><span style=\"font-size: small\">Amortiguaci\u00f3n de aire en cada una de las 5 secciones<br \/><\/span><\/li>\n<li><span style=\"font-size: small\">Tija de sill\u00edn de 5\/8&#8221; con rosca de 1\/4&#8221;<br \/><\/span><\/li>\n<li><span style=\"font-size: small\">Incluye bolsa de transporte<\/span><\/li>\n<\/ul>\n<p><span style=\"font-size: small\"><br \/><\/span><\/p>\n<p><span style=\"font-size: small\">El tr\u00edpode Air Jumbo Studio con una altura m\u00e1xima de 730 cm es el soporte ideal para grandes alturas.<br \/>Si los tr\u00edpodes ordinarios no son suficientes, porque le gustar\u00eda iluminar, por ejemplo, muebles o autom\u00f3viles desde arriba, puede extender el tr\u00edpode una y otra vez en sus 5 secciones.<br \/>Puede utilizar flashes de estudio o reflectores de hasta un peso aproximado de 15 kg. Pero tambi\u00e9n es el soporte ideal para pancartas, banderas, etc.<br \/>La amortiguaci\u00f3n de aire proporciona la fiabilidad necesaria al bajar los elementos individuales del tr\u00edpode. Con la conexi\u00f3n de punta est\u00e1ndar de 5\/8&#8221;, el tr\u00edpode es adecuado para todas las luces y flashes de estudio habituales.<br \/>Importante: A partir de 3 metros de altura, utilice pesas de tr\u00edpode, sacos de arena o similares para estabilizar y proteger el tr\u00edpode de ca\u00eddas y vibraciones.  <\/p>\n<p><strong>Caracter\u00edsticas t\u00e9cnicas:<\/strong><br \/><\/span><\/p>\n<ul>\n<li><span style=\"font-size: small\">Altura m\u00ednima &#8211; 162cm<\/span><\/li>\n<li><span style=\"font-size: small\">Altura m\u00e1xima &#8211; 730cm<\/span><\/li>\n<li><span style=\"font-size: small\">Tama\u00f1o cerrado &#8211; 160cm<\/span><\/li>\n<li><span style=\"font-size: small\">Capacidad de carga &#8211; Extensi\u00f3n m\u00e1xima 2,2 kg \/ Extensi\u00f3n m\u00ednima 15 kg<br \/><\/span><\/li>\n<\/ul>\n<p><span style=\"font-size: small\"><br \/><strong>Contenido del paquete:<\/strong><br \/><\/span><\/p>\n<ul>\n<li><span style=\"font-size: small\">1x Tr\u00edpode de estudio Walimex Air Jumbo &#8211; 730cm<\/span><\/li>\n<li><span style=\"font-size: small\">1x bolsa de transporte<\/span><\/li>\n<\/ul>\n<p><span style=\"font-size: small\"><br \/><\/span><\/p>\n<table id=\"product-attribute-specs-table\" style=\"border-collapse: collapse;border-spacing: 0px;max-width: 100%;background: #ffffff none repeat scroll 0% 0%;margin: 0px;padding: 0px;border: 0px none;font-size: 12px;width: 907px;color: #666666;font-style: normal;font-weight: normal;letter-spacing: normal;text-align: start;text-indent: 0px;text-transform: none;white-space: normal\" border=\"0\" cellspacing=\"0\">\n<tbody style=\"margin: 0px;padding: 0px;border: 0px;font-size: 12px;background: transparent\">\n<tr style=\"margin: 0px;padding: 0px;border: 1px solid #e9e9e9;font-size: 12px;background: transparent\">\n<td style=\"margin: 0px;padding: 10px;border: 1px solid #e9e9e9;background: transparent none repeat scroll 0% 0%;vertical-align: middle\"><span style=\"font-size: small\">Marca<\/span><\/td>\n<td style=\"margin: 0px;padding: 10px;border: 1px solid #e9e9e9;background: transparent none repeat scroll 0% 0%;vertical-align: middle\"><span style=\"font-size: small\">Walimex<\/span><\/td>\n<\/tr>\n<tr style=\"margin: 0px;padding: 0px;border: 1px solid #e9e9e9;font-size: 12px;background: transparent\">\n<td style=\"margin: 0px;padding: 10px;border: 1px solid #e9e9e9;background: transparent none repeat scroll 0% 0%;vertical-align: middle\"><span style=\"font-size: small\">Altura<\/span><\/td>\n<p> m\u00e1xima<\/p>\n<td style=\"margin: 0px;padding: 10px;border: 1px solid #e9e9e9;background: transparent none repeat scroll 0% 0%;vertical-align: middle\"><span style=\"font-size: small\">730cm<\/span><\/td>\n<\/tr>\n<tr style=\"margin: 0px;padding: 0px;border: 1px solid #e9e9e9;font-size: 12px;background: transparent\">\n<td style=\"margin: 0px;padding: 10px;border: 1px solid #e9e9e9;background: transparent none repeat scroll 0% 0%;vertical-align: middle\"><span style=\"font-size: small\">Altura<\/span><\/td>\n<p> m\u00ednima<\/p>\n<td style=\"margin: 0px;padding: 10px;border: 1px solid #e9e9e9;background: transparent none repeat scroll 0% 0%;vertical-align: middle\"><span style=\"font-size: small\">162cm<\/span><\/td>\n<\/tr>\n<tr style=\"margin: 0px;padding: 0px;border: 1px solid #e9e9e9;font-size: 12px;background: transparent\">\n<td style=\"margin: 0px;padding: 10px;border: 1px solid #e9e9e9;background: transparent none repeat scroll 0% 0%;vertical-align: middle\"><span style=\"font-size: small\">Tama\u00f1o cerrado<\/span><\/td>\n<td style=\"margin: 0px;padding: 10px;border: 1px solid #e9e9e9;background: transparent none repeat scroll 0% 0%;vertical-align: middle\"><span style=\"font-size: small\">160cm<\/span><\/td>\n<\/tr>\n<tr style=\"margin: 0px;padding: 0px;border: 1px solid #e9e9e9;font-size: 12px;background: transparent\">\n<td style=\"margin: 0px;padding: 10px;border: 1px solid #e9e9e9;background: transparent none repeat scroll 0% 0%;vertical-align: middle\"><span style=\"font-size: small\">Capacidad de carga<\/span><\/td>\n<td style=\"margin: 0px;padding: 10px;border: 1px solid #e9e9e9;background: transparent none repeat scroll 0% 0%;vertical-align: middle\"><span style=\"font-size: small\">Extensi\u00f3n m\u00e1xima 2,2 kg \/ Extensi\u00f3n m\u00ednima 15 kg<br \/><\/span><\/td>\n<\/tr>\n<tr style=\"margin: 0px;padding: 0px;border: 1px solid #e9e9e9;font-size: 12px;background: transparent\">\nConexi\u00f3n de <\/p>\n<td style=\"margin: 0px;padding: 10px;border: 1px solid #e9e9e9;background: transparent none repeat scroll 0% 0%;vertical-align: middle\"><span style=\"font-size: small\">tr\u00edpode<\/span><\/td>\n<td style=\"margin: 0px;padding: 10px;border: 1px solid #e9e9e9;background: transparent none repeat scroll 0% 0%;vertical-align: middle\"><span style=\"font-size: small\">1\/4&#8221;, 5\/8&#8243;<\/span><\/td>\n<\/tr>\n<tr style=\"margin: 0px;padding: 0px;border: 1px solid #e9e9e9;font-size: 12px;background: transparent\">\n<td style=\"margin: 0px;padding: 10px;border: 1px solid #e9e9e9;background: transparent none repeat scroll 0% 0%;vertical-align: middle\"><span style=\"font-size: small\">Construcci\u00f3n<\/span><\/td>\n<p> de materiales<\/p>\n<td style=\"margin: 0px;padding: 10px;border: 1px solid #e9e9e9;background: transparent none repeat scroll 0% 0%;vertical-align: middle\"><span style=\"font-size: small\">Aluminio<\/span><\/td>\n<\/tr>\n<\/tbody>\n<\/table>\n","protected":false},"excerpt":{"rendered":"<p>RES\u00daMENES Extensible de 162 cm a 730 cm Ideal para iluminaci\u00f3n a grandes alturas Tambi\u00e9n se puede utilizar como soporte<\/p>\n","protected":false},"featured_media":26605,"comment_status":"closed","ping_status":"open","template":"","meta":{"_acf_changed":false},"product_brand":[2553],"product_cat":[971],"product_tag":[],"class_list":{"0":"post-75713","1":"product","2":"type-product","3":"status-publish","4":"has-post-thumbnail","6":"product_brand-walimex-es","7":"product_cat-pies-foco","9":"first","10":"onbackorder","11":"taxable","12":"shipping-taxable","13":"purchasable","14":"product-type-simple"},"bundled_by":[],"bundle_stock_status":"onbackorder","bundle_stock_quantity":null,"bundle_virtual":false,"bundle_layout":"","bundle_add_to_cart_form_location":"","bundle_editable_in_cart":false,"bundle_sold_individually_context":"","bundle_item_grouping":"","bundle_min_size":"","bundle_max_size":"","bundle_price":[],"bundled_items":[],"bundle_sell_ids":[],"acf":[],"_links":{"self":[{"href":"https:\/\/hi-techwonder.com\/es\/wp-json\/wp\/v2\/product\/75713","targetHints":{"allow":["GET"]}}],"collection":[{"href":"https:\/\/hi-techwonder.com\/es\/wp-json\/wp\/v2\/product"}],"about":[{"href":"https:\/\/hi-techwonder.com\/es\/wp-json\/wp\/v2\/types\/product"}],"replies":[{"embeddable":true,"href":"https:\/\/hi-techwonder.com\/es\/wp-json\/wp\/v2\/comments?post=75713"}],"wp:featuredmedia":[{"embeddable":true,"href":"https:\/\/hi-techwonder.com\/es\/wp-json\/wp\/v2\/media\/26605"}],"wp:attachment":[{"href":"https:\/\/hi-techwonder.com\/es\/wp-json\/wp\/v2\/media?parent=75713"}],"wp:term":[{"taxonomy":"product_brand","embeddable":true,"href":"https:\/\/hi-techwonder.com\/es\/wp-json\/wp\/v2\/product_brand?post=75713"},{"taxonomy":"product_cat","embeddable":true,"href":"https:\/\/hi-techwonder.com\/es\/wp-json\/wp\/v2\/product_cat?post=75713"},{"taxonomy":"product_tag","embeddable":true,"href":"https:\/\/hi-techwonder.com\/es\/wp-json\/wp\/v2\/product_tag?post=75713"}],"curies":[{"name":"wp","href":"https:\/\/api.w.org\/{rel}","templated":true}]}}