{"id":75720,"date":"2025-07-28T23:26:24","date_gmt":"2025-07-28T23:26:24","guid":{"rendered":"https:\/\/fv6qoy3ls0.wpdns.site\/product\/taller-fotografia-y-videografia-aerea-con-alexandre-balas\/"},"modified":"2026-01-31T03:59:06","modified_gmt":"2026-01-31T03:59:06","slug":"workshop-taller-fotografia-y-videografia-aerea-con-alexandre-balas","status":"publish","type":"product","link":"https:\/\/hi-techwonder.com\/es\/producto\/workshop-taller-fotografia-y-videografia-aerea-con-alexandre-balas\/","title":{"rendered":"TALLER Fotograf\u00eda y Videograf\u00eda A\u00e9rea con Alexandre Balas"},"content":{"rendered":"","protected":false},"excerpt":{"rendered":"","protected":false},"featured_media":82015,"comment_status":"closed","ping_status":"closed","template":"","meta":{"_acf_changed":false},"product_brand":[2556],"product_cat":[1121],"product_tag":[],"class_list":{"0":"post-75720","1":"product","2":"type-product","3":"status-publish","4":"has-post-thumbnail","6":"product_brand-workshop-es","7":"product_cat-talleres","9":"first","10":"outofstock","11":"taxable","12":"shipping-taxable","13":"purchasable","14":"product-type-simple"},"bundled_by":[],"bundle_stock_status":"outofstock","bundle_stock_quantity":null,"bundle_virtual":false,"bundle_layout":"","bundle_add_to_cart_form_location":"","bundle_editable_in_cart":false,"bundle_sold_individually_context":"","bundle_item_grouping":"","bundle_min_size":"","bundle_max_size":"","bundle_price":[],"bundled_items":[],"bundle_sell_ids":[],"acf":[],"_links":{"self":[{"href":"https:\/\/hi-techwonder.com\/es\/wp-json\/wp\/v2\/product\/75720","targetHints":{"allow":["GET"]}}],"collection":[{"href":"https:\/\/hi-techwonder.com\/es\/wp-json\/wp\/v2\/product"}],"about":[{"href":"https:\/\/hi-techwonder.com\/es\/wp-json\/wp\/v2\/types\/product"}],"replies":[{"embeddable":true,"href":"https:\/\/hi-techwonder.com\/es\/wp-json\/wp\/v2\/comments?post=75720"}],"wp:featuredmedia":[{"embeddable":true,"href":"https:\/\/hi-techwonder.com\/es\/wp-json\/wp\/v2\/media\/82015"}],"wp:attachment":[{"href":"https:\/\/hi-techwonder.com\/es\/wp-json\/wp\/v2\/media?parent=75720"}],"wp:term":[{"taxonomy":"product_brand","embeddable":true,"href":"https:\/\/hi-techwonder.com\/es\/wp-json\/wp\/v2\/product_brand?post=75720"},{"taxonomy":"product_cat","embeddable":true,"href":"https:\/\/hi-techwonder.com\/es\/wp-json\/wp\/v2\/product_cat?post=75720"},{"taxonomy":"product_tag","embeddable":true,"href":"https:\/\/hi-techwonder.com\/es\/wp-json\/wp\/v2\/product_tag?post=75720"}],"curies":[{"name":"wp","href":"https:\/\/api.w.org\/{rel}","templated":true}]}}