{"id":75721,"date":"2025-07-28T23:25:59","date_gmt":"2025-07-28T23:25:59","guid":{"rendered":"https:\/\/fv6qoy3ls0.wpdns.site\/product\/smallrig-4889-kit-de-funda-de-cuero-para-sony-zv-e10-ii\/"},"modified":"2025-09-04T10:04:26","modified_gmt":"2025-09-04T10:04:26","slug":"smallrig-4889-kit-de-funda-de-cuero-para-sony-zv-e10-ii","status":"publish","type":"product","link":"https:\/\/hi-techwonder.com\/es\/producto\/smallrig-4889-kit-de-funda-de-cuero-para-sony-zv-e10-ii\/","title":{"rendered":"SMALLRIG 4889 Kit de funda de cuero para Sony ZV-E10 II"},"content":{"rendered":"<p><b>Kit de funda de cuero Smallrig 4889 Sony ZV-E10 II (marr\u00f3n)<\/b><\/p>\n<p><b><br \/><\/b><\/p>\n<p>Estuche fabricado en piel de primera calidad, duradero y transpirable, que proporciona una protecci\u00f3n integral para el cuerpo de la c\u00e1mara a la vez que mejora su textura.<\/p>\n<p><\/p>\n<p>Tiene un agarre de espuma integrado para mayor seguridad.&nbsp;<\/p>\n<p><\/p>\n<p>El orificio roscado integrado de 1\/4&#8243;-20 en la parte inferior permite el montaje directo del tr\u00edpode sin quitar la funda de cuero.<\/p>\n<p><\/p>\n<p>El kit incluye una correa de mu\u00f1eca de cuero genuino para un transporte c\u00f3modo y seguro de la c\u00e1mara.<\/p>\n<p><\/p>\n<p>Dimensiones: 118,8 x 61,8 x 67,2 mm&nbsp;<\/p>\n<p><\/p>\n<p><b>Nota: Dado que la caja y la correa de cuero est\u00e1n hechas de cuero genuino, pueden ocurrir ligeras variaciones de color.<\/b><\/p>\n<p><b><br \/><\/b><\/p>\n<p><b><br \/><\/b><\/p>\n<p><b><br \/><\/b><\/p>\n","protected":false},"excerpt":{"rendered":"<p>Kit de funda de cuero Smallrig 4889 Sony ZV-E10 II (marr\u00f3n) Estuche fabricado en piel de primera calidad, duradero y<\/p>\n","protected":false},"featured_media":21580,"comment_status":"closed","ping_status":"open","template":"","meta":{"_acf_changed":false},"product_brand":[2550],"product_cat":[906],"product_tag":[],"class_list":{"0":"post-75721","1":"product","2":"type-product","3":"status-publish","4":"has-post-thumbnail","6":"product_brand-smallrig-es","7":"product_cat-de-hombro","9":"first","10":"onbackorder","11":"taxable","12":"shipping-taxable","13":"purchasable","14":"product-type-simple"},"bundled_by":[],"bundle_stock_status":"onbackorder","bundle_stock_quantity":null,"bundle_virtual":false,"bundle_layout":"","bundle_add_to_cart_form_location":"","bundle_editable_in_cart":false,"bundle_sold_individually_context":"","bundle_item_grouping":"","bundle_min_size":"","bundle_max_size":"","bundle_price":[],"bundled_items":[],"bundle_sell_ids":[],"acf":[],"_links":{"self":[{"href":"https:\/\/hi-techwonder.com\/es\/wp-json\/wp\/v2\/product\/75721","targetHints":{"allow":["GET"]}}],"collection":[{"href":"https:\/\/hi-techwonder.com\/es\/wp-json\/wp\/v2\/product"}],"about":[{"href":"https:\/\/hi-techwonder.com\/es\/wp-json\/wp\/v2\/types\/product"}],"replies":[{"embeddable":true,"href":"https:\/\/hi-techwonder.com\/es\/wp-json\/wp\/v2\/comments?post=75721"}],"wp:featuredmedia":[{"embeddable":true,"href":"https:\/\/hi-techwonder.com\/es\/wp-json\/wp\/v2\/media\/21580"}],"wp:attachment":[{"href":"https:\/\/hi-techwonder.com\/es\/wp-json\/wp\/v2\/media?parent=75721"}],"wp:term":[{"taxonomy":"product_brand","embeddable":true,"href":"https:\/\/hi-techwonder.com\/es\/wp-json\/wp\/v2\/product_brand?post=75721"},{"taxonomy":"product_cat","embeddable":true,"href":"https:\/\/hi-techwonder.com\/es\/wp-json\/wp\/v2\/product_cat?post=75721"},{"taxonomy":"product_tag","embeddable":true,"href":"https:\/\/hi-techwonder.com\/es\/wp-json\/wp\/v2\/product_tag?post=75721"}],"curies":[{"name":"wp","href":"https:\/\/api.w.org\/{rel}","templated":true}]}}