{"id":75726,"date":"2025-07-28T23:27:15","date_gmt":"2025-07-28T23:27:15","guid":{"rendered":"https:\/\/fv6qoy3ls0.wpdns.site\/product\/alimentador-patona-similar-a-ack-e6-con-maniqui-lp-e6\/"},"modified":"2026-02-24T14:48:47","modified_gmt":"2026-02-24T14:48:47","slug":"patona-alimentador-patona-similar-a-ack-e6-con-maniqui-lp-e6","status":"publish","type":"product","link":"https:\/\/hi-techwonder.com\/es\/producto\/patona-alimentador-patona-similar-a-ack-e6-con-maniqui-lp-e6\/","title":{"rendered":"Alimentador PATONA similar a ACK-E6 con maniqu\u00ed (LP-E6)"},"content":{"rendered":"<p><strong>Alimentador PATONA similar a Canon ACK-E6<\/strong><\/p>\n<p>Fuente de alimentaci\u00f3n para c\u00e1maras que utilizan LP-E6 o bater\u00edas compatibles.<\/p>\n<p><strong>Contenido del paquete:<\/strong><br \/>\n1 x Alimentador similar a Canon ACK-E6<\/p>\n<p><strong>Este set incluye:<\/strong><br \/>\nAlimentador similar a ACK-E6 y adaptador similar a DR-E6.<\/p>\n<p><strong>Caracter\u00edsticas t\u00e9cnicas:<\/strong><br \/>\nEntrada: 100V &#8211; 240V<br \/>\nSalida: 8.1V, 2.0A<br \/>\nLongitud total: unos 2m<br \/>\nPeso: 209 g<\/p>\n","protected":false},"excerpt":{"rendered":"<p>Alimentador PATONA similar a Canon ACK-E6 Fuente de alimentaci\u00f3n para c\u00e1maras que utilizan LP-E6 o bater\u00edas compatibles. Contenido del paquete:<\/p>\n","protected":false},"featured_media":21944,"comment_status":"closed","ping_status":"closed","template":"","meta":{"_acf_changed":false},"product_brand":[2564],"product_cat":[856],"product_tag":[],"class_list":{"0":"post-75726","1":"product","2":"type-product","3":"status-publish","4":"has-post-thumbnail","6":"product_brand-patona-es","7":"product_cat-canon-es","9":"first","10":"instock","11":"taxable","12":"shipping-taxable","13":"purchasable","14":"product-type-simple"},"bundled_by":[],"bundle_stock_status":"instock","bundle_stock_quantity":1,"bundle_virtual":false,"bundle_layout":"","bundle_add_to_cart_form_location":"","bundle_editable_in_cart":false,"bundle_sold_individually_context":"","bundle_item_grouping":"","bundle_min_size":"","bundle_max_size":"","bundle_price":[],"bundled_items":[],"bundle_sell_ids":[],"acf":[],"_links":{"self":[{"href":"https:\/\/hi-techwonder.com\/es\/wp-json\/wp\/v2\/product\/75726","targetHints":{"allow":["GET"]}}],"collection":[{"href":"https:\/\/hi-techwonder.com\/es\/wp-json\/wp\/v2\/product"}],"about":[{"href":"https:\/\/hi-techwonder.com\/es\/wp-json\/wp\/v2\/types\/product"}],"replies":[{"embeddable":true,"href":"https:\/\/hi-techwonder.com\/es\/wp-json\/wp\/v2\/comments?post=75726"}],"wp:featuredmedia":[{"embeddable":true,"href":"https:\/\/hi-techwonder.com\/es\/wp-json\/wp\/v2\/media\/21944"}],"wp:attachment":[{"href":"https:\/\/hi-techwonder.com\/es\/wp-json\/wp\/v2\/media?parent=75726"}],"wp:term":[{"taxonomy":"product_brand","embeddable":true,"href":"https:\/\/hi-techwonder.com\/es\/wp-json\/wp\/v2\/product_brand?post=75726"},{"taxonomy":"product_cat","embeddable":true,"href":"https:\/\/hi-techwonder.com\/es\/wp-json\/wp\/v2\/product_cat?post=75726"},{"taxonomy":"product_tag","embeddable":true,"href":"https:\/\/hi-techwonder.com\/es\/wp-json\/wp\/v2\/product_tag?post=75726"}],"curies":[{"name":"wp","href":"https:\/\/api.w.org\/{rel}","templated":true}]}}