{"id":75727,"date":"2025-07-28T23:59:30","date_gmt":"2025-07-28T23:59:30","guid":{"rendered":"https:\/\/fv6qoy3ls0.wpdns.site\/product\/peak-design-zapato-de-sujecion-de-correa\/"},"modified":"2025-09-30T14:15:57","modified_gmt":"2025-09-30T14:15:57","slug":"peak-design-zapato-de-sujecion-de-correa","status":"publish","type":"product","link":"https:\/\/hi-techwonder.com\/es\/producto\/peak-design-zapato-de-sujecion-de-correa\/","title":{"rendered":"PEAK DESIGN Zapato de sujeci\u00f3n de correa"},"content":{"rendered":"<p><strong>PEAK DESIGN Zapato de sujeci\u00f3n de correa<\/strong><\/p>\n<p>Coloca la correa Peak Design (o cualquier correa est\u00e1ndar OEM para la mano o el cuello) directamente en la parte inferior de la c\u00e1mara de la forma m\u00e1s discreta posible. A diferencia de una placa de tr\u00edpode, el soporte de anclaje es tan peque\u00f1o y delgado que no se interpone en el acceso a los compartimentos de la bater\u00eda o las pantallas invertidas. Adem\u00e1s, cuando coloca un extremo de su correa en la montura de anclaje, su c\u00e1mara cuelga con la lente hacia abajo, lo que le brinda mucha m\u00e1s estabilidad y comodidad al usar lentes m\u00e1s largos. Construcci\u00f3n de aluminio mecanizado\/anodizado ultra fuerte. Tenga en cuenta que el soporte de anclaje <strong>no es compatible con el tr\u00edpode o Capture<\/strong>.    <\/p>\n<p><strong>Especificaciones principales:<\/strong><\/p>\n<ul>\n<li>Coloque anclajes PD para aumentar sus opciones de transporte con cualquiera de nuestras asas. Compatible con todas las versiones de nuestros anclajes y correas. <\/li>\n<li>Coloque cualquier correa est\u00e1ndar para el cuello o la correa de la c\u00e1mara. Funciona con mangos de hasta 11 mm de ancho. <\/li>\n<li>Unidad hexagonal ultrasegura de 4 mm con almohadilla antitorsi\u00f3n.<\/li>\n<li>Se atornilla en cualquier enchufe de tr\u00edpode est\u00e1ndar de 1\/4&#8243;&#8221;-20.<\/li>\n<li>Construcci\u00f3n robusta de aluminio mecanizado\/anodizado resistente a la intemperie.<\/li>\n<\/ul>\n<p><strong>Qu\u00e9 hay en la caja:<\/strong><\/p>\n<p>1x Zapata de fijaci\u00f3n<\/p>\n<p>1 x Llave hexagonal<\/p>\n","protected":false},"excerpt":{"rendered":"<p>PEAK DESIGN Zapato de sujeci\u00f3n de correa Coloca la correa Peak Design (o cualquier correa est\u00e1ndar OEM para la mano<\/p>\n","protected":false},"featured_media":31188,"comment_status":"closed","ping_status":"closed","template":"","meta":{"_acf_changed":false},"product_brand":[2640],"product_cat":[903],"product_tag":[],"class_list":{"0":"post-75727","1":"product","2":"type-product","3":"status-publish","4":"has-post-thumbnail","6":"product_brand-peak-design-es","7":"product_cat-correas-y-tirantes","8":"pa_cor-negro","10":"first","11":"outofstock","12":"taxable","13":"shipping-taxable","14":"purchasable","15":"product-type-simple"},"bundled_by":[],"bundle_stock_status":"outofstock","bundle_stock_quantity":null,"bundle_virtual":false,"bundle_layout":"","bundle_add_to_cart_form_location":"","bundle_editable_in_cart":false,"bundle_sold_individually_context":"","bundle_item_grouping":"","bundle_min_size":"","bundle_max_size":"","bundle_price":[],"bundled_items":[],"bundle_sell_ids":[],"acf":[],"_links":{"self":[{"href":"https:\/\/hi-techwonder.com\/es\/wp-json\/wp\/v2\/product\/75727","targetHints":{"allow":["GET"]}}],"collection":[{"href":"https:\/\/hi-techwonder.com\/es\/wp-json\/wp\/v2\/product"}],"about":[{"href":"https:\/\/hi-techwonder.com\/es\/wp-json\/wp\/v2\/types\/product"}],"replies":[{"embeddable":true,"href":"https:\/\/hi-techwonder.com\/es\/wp-json\/wp\/v2\/comments?post=75727"}],"wp:featuredmedia":[{"embeddable":true,"href":"https:\/\/hi-techwonder.com\/es\/wp-json\/wp\/v2\/media\/31188"}],"wp:attachment":[{"href":"https:\/\/hi-techwonder.com\/es\/wp-json\/wp\/v2\/media?parent=75727"}],"wp:term":[{"taxonomy":"product_brand","embeddable":true,"href":"https:\/\/hi-techwonder.com\/es\/wp-json\/wp\/v2\/product_brand?post=75727"},{"taxonomy":"product_cat","embeddable":true,"href":"https:\/\/hi-techwonder.com\/es\/wp-json\/wp\/v2\/product_cat?post=75727"},{"taxonomy":"product_tag","embeddable":true,"href":"https:\/\/hi-techwonder.com\/es\/wp-json\/wp\/v2\/product_tag?post=75727"}],"curies":[{"name":"wp","href":"https:\/\/api.w.org\/{rel}","templated":true}]}}