{"id":75730,"date":"2025-07-28T23:27:20","date_gmt":"2025-07-28T23:27:20","guid":{"rendered":"https:\/\/fv6qoy3ls0.wpdns.site\/product\/bateria-patona-protect-lp-e12-850mah\/"},"modified":"2026-01-31T03:57:35","modified_gmt":"2026-01-31T03:57:35","slug":"patona-bateria-patona-protect-lp-e12-850mah","status":"publish","type":"product","link":"https:\/\/hi-techwonder.com\/es\/producto\/patona-bateria-patona-protect-lp-e12-850mah\/","title":{"rendered":"Bater\u00eda PATONA PROTECT LP-E12 &#8211; 850mAh"},"content":{"rendered":"<p><strong>Bater\u00eda PATONA PROTECT LP-E12 &#8211; 850mAh<\/strong><\/p>\n<p>Las bater\u00edas de la serie Protect son nuevas y exclusivas. Estos se caracterizan por una carcasa extremadamente resistente al calor y al fuego. Fue especialmente desarrollado para un uso continuo extremo. La caja de la bater\u00eda hecha de material ign\u00edfugo V1 garantiza temperaturas de la caja de hasta 90 \u00b0 C, sin deformaciones. Adem\u00e1s, solo se utilizan celdas de alto rendimiento seleccionadas para esta bater\u00eda.<\/p>\n<p>La serie Protect es la nueva revoluci\u00f3n en el mercado de las bater\u00edas, que combina una seguridad y un rendimiento extremadamente altos con durabilidad. Al igual que con la bater\u00eda original, las resistencias NTC (coeficiente de temperatura negativo) est\u00e1n conectadas a la placa de circuito de la bater\u00eda, que maneja el control de temperatura y se apaga autom\u00e1ticamente en caso de sobrecalentamiento.<\/p>\n<p><strong>Contenido:<\/strong><\/p>\n<ul>\n<li>1 x Bater\u00eda PATONA PROTECT LP-E12 &#8211; 850mAh<\/li>\n<\/ul>\n<p><strong>C\u00e1maras compatibles:<\/strong><\/p>\n<ul>\n<li>Canon EOS M<\/li>\n<li>Canon EOS-M50<\/li>\n<\/ul>\n<p><strong>Funciones:<\/strong><\/p>\n<ul>\n<li>Capacidad: 850 mAh \/ 6,29 Wh<\/li>\n<li>Voltaje: 7,4 V<\/li>\n<li>Tipo: Litio (Li-Ion)<\/li>\n<\/ul>\n","protected":false},"excerpt":{"rendered":"<p>Bater\u00eda PATONA PROTECT LP-E12 &#8211; 850mAh Las bater\u00edas de la serie Protect son nuevas y exclusivas. Estos se caracterizan por<\/p>\n","protected":false},"featured_media":21972,"comment_status":"closed","ping_status":"closed","template":"","meta":{"_acf_changed":false},"product_brand":[2564],"product_cat":[856],"product_tag":[],"class_list":{"0":"post-75730","1":"product","2":"type-product","3":"status-publish","4":"has-post-thumbnail","6":"product_brand-patona-es","7":"product_cat-canon-es","9":"first","10":"instock","11":"taxable","12":"shipping-taxable","13":"purchasable","14":"product-type-simple"},"bundled_by":[],"bundle_stock_status":"instock","bundle_stock_quantity":1,"bundle_virtual":false,"bundle_layout":"","bundle_add_to_cart_form_location":"","bundle_editable_in_cart":false,"bundle_sold_individually_context":"","bundle_item_grouping":"","bundle_min_size":"","bundle_max_size":"","bundle_price":[],"bundled_items":[],"bundle_sell_ids":[],"acf":[],"_links":{"self":[{"href":"https:\/\/hi-techwonder.com\/es\/wp-json\/wp\/v2\/product\/75730","targetHints":{"allow":["GET"]}}],"collection":[{"href":"https:\/\/hi-techwonder.com\/es\/wp-json\/wp\/v2\/product"}],"about":[{"href":"https:\/\/hi-techwonder.com\/es\/wp-json\/wp\/v2\/types\/product"}],"replies":[{"embeddable":true,"href":"https:\/\/hi-techwonder.com\/es\/wp-json\/wp\/v2\/comments?post=75730"}],"wp:featuredmedia":[{"embeddable":true,"href":"https:\/\/hi-techwonder.com\/es\/wp-json\/wp\/v2\/media\/21972"}],"wp:attachment":[{"href":"https:\/\/hi-techwonder.com\/es\/wp-json\/wp\/v2\/media?parent=75730"}],"wp:term":[{"taxonomy":"product_brand","embeddable":true,"href":"https:\/\/hi-techwonder.com\/es\/wp-json\/wp\/v2\/product_brand?post=75730"},{"taxonomy":"product_cat","embeddable":true,"href":"https:\/\/hi-techwonder.com\/es\/wp-json\/wp\/v2\/product_cat?post=75730"},{"taxonomy":"product_tag","embeddable":true,"href":"https:\/\/hi-techwonder.com\/es\/wp-json\/wp\/v2\/product_tag?post=75730"}],"curies":[{"name":"wp","href":"https:\/\/api.w.org\/{rel}","templated":true}]}}