{"id":75748,"date":"2025-07-29T00:02:23","date_gmt":"2025-07-29T00:02:23","guid":{"rendered":"https:\/\/fv6qoy3ls0.wpdns.site\/product\/think-tank-speedtop-crossbody-10-grafito\/"},"modified":"2025-09-04T07:54:12","modified_gmt":"2025-09-04T07:54:12","slug":"think-tank-speedtop-crossbody-10-grafito","status":"publish","type":"product","link":"https:\/\/hi-techwonder.com\/es\/producto\/think-tank-speedtop-crossbody-10-grafito\/","title":{"rendered":"THINK TANK SpeedTop Crossbody 10 &#8211; Grafito"},"content":{"rendered":"<p><strong>BOLSO BANDOLERA THINK TANK SPEEDTOP 10 GRAFITO<\/strong><\/p>\n<p><strong>Descripci\u00f3n:<\/strong><\/p>\n<p>Las bolsas de la serie SpeedTop\u2122 cuentan con una ingeniosa tapa magn\u00e9tica para un acceso r\u00e1pido y silencioso a los engranajes. La tapa requiere solo una mano para abrirse y cerrarse de forma segura sin necesidad de cerrarla. &nbsp;<\/p>\n<p>Sea cual sea tu estilo de grabaci\u00f3n, los bolsos bandolera SpeedTop son f\u00e1ciles de transportar, ofrecen un acceso r\u00e1pido y tienen el tama\u00f1o adecuado para adaptarse a los sistemas de c\u00e1mara actuales.<\/p>\n<p><strong>CARACTER\u00cdSTICAS PRINCIPALES:<\/strong><\/p>\n<p>La cubierta magn\u00e9tica permite un acceso silencioso con una sola mano a la c\u00e1mara.<\/p>\n<p>La cubierta superior incluye un pestillo retr\u00e1ctil para mayor seguridad.<\/p>\n<p>La correa de ajuste r\u00e1pido y el lazo para el cintur\u00f3n brindan opciones de transporte vers\u00e1tiles.<\/p>\n<p><strong>Especificaciones t\u00e9cnicas:<\/strong><\/p>\n<p><strong>Dimensiones externas:<\/strong><\/p>\n<p>25 x 22,5 x 14 cm<\/p>\n<p><strong>Dimensiones internas:<\/strong><\/p>\n<p>21,5 x 18,5 x 10 cm<\/p>\n<p><strong>Peso:<\/strong><\/p>\n<p>0,6 kg (incluidos divisores y cubierta para la lluvia)<\/p>\n","protected":false},"excerpt":{"rendered":"<p>BOLSO BANDOLERA THINK TANK SPEEDTOP 10 GRAFITO Descripci\u00f3n: Las bolsas de la serie SpeedTop\u2122 cuentan con una ingeniosa tapa magn\u00e9tica<\/p>\n","protected":false},"featured_media":32228,"comment_status":"closed","ping_status":"open","template":"","meta":{"_acf_changed":false},"product_brand":[2645],"product_cat":[906],"product_tag":[],"class_list":{"0":"post-75748","1":"product","2":"type-product","3":"status-publish","4":"has-post-thumbnail","6":"product_brand-think-tank-es","7":"product_cat-de-hombro","9":"first","10":"onbackorder","11":"taxable","12":"shipping-taxable","13":"purchasable","14":"product-type-simple"},"bundled_by":[],"bundle_stock_status":"onbackorder","bundle_stock_quantity":null,"bundle_virtual":false,"bundle_layout":"","bundle_add_to_cart_form_location":"","bundle_editable_in_cart":false,"bundle_sold_individually_context":"","bundle_item_grouping":"","bundle_min_size":"","bundle_max_size":"","bundle_price":[],"bundled_items":[],"bundle_sell_ids":[],"acf":[],"_links":{"self":[{"href":"https:\/\/hi-techwonder.com\/es\/wp-json\/wp\/v2\/product\/75748","targetHints":{"allow":["GET"]}}],"collection":[{"href":"https:\/\/hi-techwonder.com\/es\/wp-json\/wp\/v2\/product"}],"about":[{"href":"https:\/\/hi-techwonder.com\/es\/wp-json\/wp\/v2\/types\/product"}],"replies":[{"embeddable":true,"href":"https:\/\/hi-techwonder.com\/es\/wp-json\/wp\/v2\/comments?post=75748"}],"wp:featuredmedia":[{"embeddable":true,"href":"https:\/\/hi-techwonder.com\/es\/wp-json\/wp\/v2\/media\/32228"}],"wp:attachment":[{"href":"https:\/\/hi-techwonder.com\/es\/wp-json\/wp\/v2\/media?parent=75748"}],"wp:term":[{"taxonomy":"product_brand","embeddable":true,"href":"https:\/\/hi-techwonder.com\/es\/wp-json\/wp\/v2\/product_brand?post=75748"},{"taxonomy":"product_cat","embeddable":true,"href":"https:\/\/hi-techwonder.com\/es\/wp-json\/wp\/v2\/product_cat?post=75748"},{"taxonomy":"product_tag","embeddable":true,"href":"https:\/\/hi-techwonder.com\/es\/wp-json\/wp\/v2\/product_tag?post=75748"}],"curies":[{"name":"wp","href":"https:\/\/api.w.org\/{rel}","templated":true}]}}