{"id":75757,"date":"2025-07-29T00:02:38","date_gmt":"2025-07-29T00:02:38","guid":{"rendered":"https:\/\/fv6qoy3ls0.wpdns.site\/product\/think-tank-retrospectiva-4-v2-piedra-de-pino\/"},"modified":"2025-12-09T12:53:35","modified_gmt":"2025-12-09T12:53:35","slug":"think-tank-retrospectiva-4-v2-piedra-de-pino","status":"publish","type":"product","link":"https:\/\/hi-techwonder.com\/es\/producto\/think-tank-retrospectiva-4-v2-piedra-de-pino\/","title":{"rendered":"THINK TANK Retrospectiva 4 V2 Piedra de pino"},"content":{"rendered":"<p><strong>THINK TANK Retrospectiva 4 V2 Piedra de pino<\/strong><\/p>\n<p>Con su aspecto cl\u00e1sico de lona, este bolso suave y bien ajustado ofrece las caracter\u00edsticas esenciales de Retrospective V2.0, incluidos silenciadores, una correa acolchada para el hombro, divisores personalizables (con bolsillo para tel\u00e9fono inteligente) y herrajes met\u00e1licos. Es adecuado para cuerpos DSLR compactos. <\/p>\n<p>Los fot\u00f3grafos de viajes y callejeros apreciar\u00e1n Retrospective 4 por su tama\u00f1o compacto, apariencia discreta y calidad inconfundible.<\/p>\n<p><strong>CARACTER\u00cdSTICAS PRINCIPALES :<\/strong><\/p>\n<p>Exterior minimalista, en lona 100% algod\u00f3n tratada con DWR, con herrajes met\u00e1licos. Los &#8220;silenciadores&#8221; de velcro proporcionan la discreci\u00f3n necesaria. <\/p>\n<p><strong>Dimensiones interiores:<\/strong> 21,5 x 17 x 11 cm<\/p>\n<p><strong>Dimensiones externas:<\/strong> 23 x 19 x 13 cm<\/p>\n<p><strong>Peso:<\/strong> 0,5 kg<\/p>\n","protected":false},"excerpt":{"rendered":"<p>THINK TANK Retrospectiva 4 V2 Piedra de pino Con su aspecto cl\u00e1sico de lona, este bolso suave y bien ajustado<\/p>\n","protected":false},"featured_media":32259,"comment_status":"closed","ping_status":"open","template":"","meta":{"_acf_changed":false},"product_brand":[2645],"product_cat":[906],"product_tag":[],"class_list":{"0":"post-75757","1":"product","2":"type-product","3":"status-publish","4":"has-post-thumbnail","6":"product_brand-think-tank-es","7":"product_cat-de-hombro","9":"first","10":"pre-order","11":"taxable","12":"shipping-taxable","13":"purchasable","14":"product-type-simple"},"bundled_by":[],"bundle_stock_status":"pre-order","bundle_stock_quantity":null,"bundle_virtual":false,"bundle_layout":"","bundle_add_to_cart_form_location":"","bundle_editable_in_cart":false,"bundle_sold_individually_context":"","bundle_item_grouping":"","bundle_min_size":"","bundle_max_size":"","bundle_price":[],"bundled_items":[],"bundle_sell_ids":[],"acf":[],"_links":{"self":[{"href":"https:\/\/hi-techwonder.com\/es\/wp-json\/wp\/v2\/product\/75757","targetHints":{"allow":["GET"]}}],"collection":[{"href":"https:\/\/hi-techwonder.com\/es\/wp-json\/wp\/v2\/product"}],"about":[{"href":"https:\/\/hi-techwonder.com\/es\/wp-json\/wp\/v2\/types\/product"}],"replies":[{"embeddable":true,"href":"https:\/\/hi-techwonder.com\/es\/wp-json\/wp\/v2\/comments?post=75757"}],"wp:featuredmedia":[{"embeddable":true,"href":"https:\/\/hi-techwonder.com\/es\/wp-json\/wp\/v2\/media\/32259"}],"wp:attachment":[{"href":"https:\/\/hi-techwonder.com\/es\/wp-json\/wp\/v2\/media?parent=75757"}],"wp:term":[{"taxonomy":"product_brand","embeddable":true,"href":"https:\/\/hi-techwonder.com\/es\/wp-json\/wp\/v2\/product_brand?post=75757"},{"taxonomy":"product_cat","embeddable":true,"href":"https:\/\/hi-techwonder.com\/es\/wp-json\/wp\/v2\/product_cat?post=75757"},{"taxonomy":"product_tag","embeddable":true,"href":"https:\/\/hi-techwonder.com\/es\/wp-json\/wp\/v2\/product_tag?post=75757"}],"curies":[{"name":"wp","href":"https:\/\/api.w.org\/{rel}","templated":true}]}}