{"id":75760,"date":"2025-07-29T00:02:38","date_gmt":"2025-07-29T00:02:38","guid":{"rendered":"https:\/\/fv6qoy3ls0.wpdns.site\/product\/think-tank-mirrorless-mover30i-gris\/"},"modified":"2025-09-04T07:54:01","modified_gmt":"2025-09-04T07:54:01","slug":"think-tank-mirrorless-mover30i-gris","status":"publish","type":"product","link":"https:\/\/hi-techwonder.com\/es\/producto\/think-tank-mirrorless-mover30i-gris\/","title":{"rendered":"THINK TANK Mirrorless Mover30i (Gris)"},"content":{"rendered":"<p><span style=\"font-size: 12pt;\"><strong>Think Tank Photo Mirrorless Mover 30i (Gris)<\/strong><br \/><\/span><\/p>\n<p>Fabricado con materiales de alta calidad: Nylon bal\u00edstico recubierto con capa resistente al agua (DWR \/ repelente al agua duradero), Nylon 1680D, cierre YKK, hebilla de metal niquelado. El compartimento cuenta con dos divisores de nylex extra\u00edbles y un bolsillo acolchado para guardar una tableta estilo iPad. <\/p>\n<p>El gran bolsillo frontal con cremallera ofrece un almacenamiento ideal para todos los accesorios (tarjetas de memoria, cables peque\u00f1os, bater\u00edas, etc.). Una solapa con cierre magn\u00e9tico proporciona protecci\u00f3n adicional. Las c\u00e1maras sin espejo se pueden usar sobre el hombro o en el cintur\u00f3n. Cubierta de lluvia incluida.  <\/p>\n<p><strong>Capacidad&nbsp;<\/strong><\/p>\n<p>\u2022 Una c\u00e1mara h\u00edbrida mediana con 2\/3 lentes (tipo: Fuji X\u2013Pro 1, Leica-M &#8230;)<\/p>\n<p>O<\/p>\n<p>\u2022 Una peque\u00f1a c\u00e1mara r\u00e9flex r\u00e9flex DSLR con peque\u00f1os objetivos 1\/3 (Canon D600\/D700, Nikon D5200\/D3200, Panasonic GH3&#8230;)<\/p>\n<p>\u2022 iPad<\/p>\n<h2>Funciones:<\/h2>\n<p>Dimensiones exteriores: 28 x 22,5 x 14,5 cm<\/p>\n<p>Dimensiones interiores. : 27 x 20,5 x 10 cm <\/p>\n<p>Dimensiones del bolsillo del iPad: 25 x 20,5 x 2,3 cm<\/p>\n<p>Dimensiones del bolsillo del smartphone: 7 x 12,7 x 1,6 cm<\/p>\n<p>Peso: 0,6 kg<\/p>\n<p>Volumen: 5L<\/p>\n","protected":false},"excerpt":{"rendered":"<p>Think Tank Photo Mirrorless Mover 30i (Gris) Fabricado con materiales de alta calidad: Nylon bal\u00edstico recubierto con capa resistente al<\/p>\n","protected":false},"featured_media":32242,"comment_status":"closed","ping_status":"open","template":"","meta":{"_acf_changed":false},"product_brand":[2645],"product_cat":[906],"product_tag":[],"class_list":{"0":"post-75760","1":"product","2":"type-product","3":"status-publish","4":"has-post-thumbnail","6":"product_brand-think-tank-es","7":"product_cat-de-hombro","9":"first","10":"onbackorder","11":"taxable","12":"shipping-taxable","13":"purchasable","14":"product-type-simple"},"bundled_by":[],"bundle_stock_status":"onbackorder","bundle_stock_quantity":null,"bundle_virtual":false,"bundle_layout":"","bundle_add_to_cart_form_location":"","bundle_editable_in_cart":false,"bundle_sold_individually_context":"","bundle_item_grouping":"","bundle_min_size":"","bundle_max_size":"","bundle_price":[],"bundled_items":[],"bundle_sell_ids":[],"acf":[],"_links":{"self":[{"href":"https:\/\/hi-techwonder.com\/es\/wp-json\/wp\/v2\/product\/75760","targetHints":{"allow":["GET"]}}],"collection":[{"href":"https:\/\/hi-techwonder.com\/es\/wp-json\/wp\/v2\/product"}],"about":[{"href":"https:\/\/hi-techwonder.com\/es\/wp-json\/wp\/v2\/types\/product"}],"replies":[{"embeddable":true,"href":"https:\/\/hi-techwonder.com\/es\/wp-json\/wp\/v2\/comments?post=75760"}],"wp:featuredmedia":[{"embeddable":true,"href":"https:\/\/hi-techwonder.com\/es\/wp-json\/wp\/v2\/media\/32242"}],"wp:attachment":[{"href":"https:\/\/hi-techwonder.com\/es\/wp-json\/wp\/v2\/media?parent=75760"}],"wp:term":[{"taxonomy":"product_brand","embeddable":true,"href":"https:\/\/hi-techwonder.com\/es\/wp-json\/wp\/v2\/product_brand?post=75760"},{"taxonomy":"product_cat","embeddable":true,"href":"https:\/\/hi-techwonder.com\/es\/wp-json\/wp\/v2\/product_cat?post=75760"},{"taxonomy":"product_tag","embeddable":true,"href":"https:\/\/hi-techwonder.com\/es\/wp-json\/wp\/v2\/product_tag?post=75760"}],"curies":[{"name":"wp","href":"https:\/\/api.w.org\/{rel}","templated":true}]}}