{"id":75766,"date":"2025-07-29T10:37:25","date_gmt":"2025-07-29T10:37:25","guid":{"rendered":"https:\/\/fv6qoy3ls0.wpdns.site\/product\/tripode-sirui-traveler-7a-con-monopie-cabeza-de-varilla\/"},"modified":"2026-02-02T15:38:42","modified_gmt":"2026-02-02T15:38:42","slug":"sirui-tripode-sirui-traveler-7a-con-monopie-cabeza-de-varilla","status":"publish","type":"product","link":"https:\/\/hi-techwonder.com\/es\/producto\/sirui-tripode-sirui-traveler-7a-con-monopie-cabeza-de-varilla\/","title":{"rendered":"Tr\u00edpode SIRUI Traveler 7A (con monopie) + cabeza de varilla"},"content":{"rendered":"<p><strong>Tr\u00edpode de aluminio<\/strong> <strong>SIRUI <\/strong><strong>Traveler 7A <\/strong><strong> (con monopie) +<\/strong><strong> cabezal de r\u00f3tula E-10<\/strong><\/p>\n<p><strong>Funciones:<\/strong><\/p>\n<ul>\n<li>Capacidad de carga: 12 Kg&nbsp;<\/li>\n<li>Peso: 1,63 kg<\/li>\n<li>Aluminio de alta calidad en 4 secciones&nbsp;<\/li>\n<li>Tornillo reversible de 1\/4&#8243; y 3\/8&#8243; para cabezales de tr\u00edpode o c\u00e1maras<\/li>\n<li>Cabezal compatible con el sistema Arca Swiss<\/li>\n<\/ul>\n<p><strong>Contenido del paquete:<\/strong><\/p>\n<ul>\n<li>1 x Tr\u00edpode de aluminio SIRUI Traveler 7A (con monopie)<\/li>\n<li>1 x Cabezal de r\u00f3tula SIRUI E-10<\/li>\n<li>1 x Zapata SIRUI TY-50E<\/li>\n<li>3 x P\u00faa de metal<\/li>\n<li>1 x Bolsa de almacenamiento<\/li>\n<\/ul>\n<p>Cualquiera que busque un tr\u00edpode compacto y todo en uno estar\u00e1 contento con el SIRUI Traveler 7.&nbsp;<\/p>\n<p>Con su potente r\u00f3tula esf\u00e9rica y su monopie integrado, el peque\u00f1o tr\u00edpode ofrece todo lo que necesita un fot\u00f3grafo.&nbsp;<\/p>\n<p>Ya sea en la bulliciosa ciudad, explorando paisajes emocionantes, mientras viaja o en el estudio de su casa, el Traveler 7 est\u00e1 a su lado.&nbsp;<\/p>\n<p>Y el tama\u00f1o del paquete de 46,5 cm se transforma en un tr\u00edpode de 171 cm de altura.<\/p>\n<p>Una pata del tr\u00edpode se puede quitar y usar como un monopi\u00e9 independiente.&nbsp;<\/p>\n<p>Esta funci\u00f3n convierte al Traveler 7 en un tr\u00edpode 2 en 1, con el que est\u00e1s preparado para todas las situaciones.&nbsp;<\/p>\n<p>Si eso no es suficiente, la pierna se puede extender con la columna central hasta una incre\u00edble altura de trabajo de 174,5 cm (con la cabeza).<\/p>\n<p>Si prefiere los graves, puede montar el altavoz central al rev\u00e9s. \u00a1Tu c\u00e1mara nunca ha estado tan cerca del suelo! <\/p>\n<p>Con sus pies de goma antideslizantes y puntas de metal incluidas, el tr\u00edpode es seguro en cualquier superficie. Para mayor estabilidad, el gancho de carga de la columna central se puede estabilizar con una mochila. Gracias a las empu\u00f1aduras de goma espuma suave, siempre tendr\u00e1s tu tr\u00edpode bajo control. En invierno, tambi\u00e9n sirven como protecci\u00f3n contra el fr\u00edo.   <\/p>\n<p>La probada funci\u00f3n de rotaci\u00f3n de 180\u00b0 de las patas tambi\u00e9n hace que este tr\u00edpode SIRUI sea un verdadero milagro en el paquete. El Traveler 7 mide solo 46,5 cm cuando est\u00e1 empacado. &nbsp;<\/p>\n<p>Incluye r\u00f3tula esf\u00e9rica en color negro, equipada con el sistema de bloqueo de seguridad para evitar que la placa de liberaci\u00f3n r\u00e1pida se deslice accidentalmente. Tambi\u00e9n tiene una burbuja nivelada y una escala panor\u00e1mica de 360\u00b0. Es compatible con el sistema Arca Swiss.  <\/p>\n<p><strong>Caracter\u00edsticas t\u00e9cnicas:<\/strong><\/p>\n<p><strong>Tr\u00edpode de aluminio SIRUI Traveler 7A<\/strong><\/p>\n<table border=\"0\" width=\"100%\" cellspacing=\"0\" cellpadding=\"2\">\n<colgroup>\n<col width=\"120*\">\n<col width=\"136*\"> <\/colgroup>\n<tbody>\n<tr>\n<td width=\"47%\">Marca:<\/td>\n<td width=\"53%\">SIRUI<\/td>\n<\/tr>\n<tr>\n<td width=\"47%\">Modelo:<\/td>\n<td width=\"53%\">Viajero 7A<\/td>\n<\/tr>\n<tr>\n<td width=\"47%\">Material:<\/td>\n<td width=\"53%\">Aluminio<\/td>\n<\/tr>\n<tr>\n<td width=\"47%\">Secciones:<\/td>\n<td width=\"53%\">4<\/td>\n<\/tr>\n<tr>\n<td width=\"47%\">Di\u00e1metro del tubo:<\/td>\n<td width=\"53%\">15 mm \u2013 25,8 mm<\/td>\n<\/tr>\n<tr>\n<td width=\"47%\">Altura m\u00e1xima:<\/td>\n<td width=\"53%\">162 cm<\/td>\n<\/tr>\n<tr>\n<td width=\"47%\">Altura m\u00ednima:<\/td>\n<td width=\"53%\">41 cm<\/td>\n<\/tr>\n<tr>\n<td width=\"47%\">Altura retra\u00edda:<\/td>\n<td width=\"53%\">53 cm<\/td>\n<\/tr>\n<tr>\n<td width=\"47%\">Cerrado:<\/td>\n<td width=\"53%\">46,5 cm<\/td>\n<\/tr>\n<tr>\n<td width=\"47%\">Altura del monopie:<\/td>\n<td width=\"53%\">42,0 cm &#8211; 165,5 cm<\/td>\n<\/tr>\n<tr>\n<td width=\"47%\">Capacidad:<\/td>\n<td width=\"53%\">12 Kg<\/td>\n<\/tr>\n<tr>\n<td width=\"47%\" height=\"17\">Peso:<\/td>\n<td width=\"53%\">1,63 kg<\/td>\n<\/tr>\n<\/tbody>\n<\/table>\n<p><strong>SIRUI E-10 Cabeza de varilla<\/strong><\/p>\n<table border=\"0\" width=\"100%\" cellspacing=\"0\" cellpadding=\"2\">\n<colgroup>\n<col width=\"120*\">\n<col width=\"136*\"><\/colgroup>\n<tbody>\n<tr>\n<td>Marca:<\/td>\n<td>SIRUI<\/td>\n<\/tr>\n<tr>\n<td width=\"47%\">Altura:<\/td>\n<td width=\"53%\">9 cm<\/td>\n<\/tr>\n<tr>\n<td width=\"47%\">Di\u00e1metro:<\/td>\n<td width=\"53%\">2,9 cm<\/td>\n<\/tr>\n<tr>\n<td width=\"47%\">Capacidad:<\/td>\n<td width=\"53%\">8 kg<\/td>\n<\/tr>\n<tr>\n<td width=\"47%\" height=\"17\">Peso:<\/td>\n<td width=\"53%\">0,3 kg<\/td>\n<\/tr>\n<\/tbody>\n<\/table>\n","protected":false},"excerpt":{"rendered":"<p>Tr\u00edpode de aluminio SIRUI Traveler 7A (con monopie) + cabezal de r\u00f3tula E-10 Funciones: Capacidad de carga: 12 Kg&nbsp; Peso:<\/p>\n","protected":false},"featured_media":65304,"comment_status":"closed","ping_status":"open","template":"","meta":{"_acf_changed":false},"product_brand":[2597],"product_cat":[1092],"product_tag":[],"class_list":{"0":"post-75766","1":"product","2":"type-product","3":"status-publish","4":"has-post-thumbnail","6":"product_brand-sirui-es","7":"product_cat-kits-foto-es","9":"first","10":"instock","11":"taxable","12":"shipping-taxable","13":"purchasable","14":"product-type-simple"},"bundled_by":[],"bundle_stock_status":"instock","bundle_stock_quantity":1,"bundle_virtual":false,"bundle_layout":"","bundle_add_to_cart_form_location":"","bundle_editable_in_cart":false,"bundle_sold_individually_context":"","bundle_item_grouping":"","bundle_min_size":"","bundle_max_size":"","bundle_price":[],"bundled_items":[],"bundle_sell_ids":[],"acf":[],"_links":{"self":[{"href":"https:\/\/hi-techwonder.com\/es\/wp-json\/wp\/v2\/product\/75766","targetHints":{"allow":["GET"]}}],"collection":[{"href":"https:\/\/hi-techwonder.com\/es\/wp-json\/wp\/v2\/product"}],"about":[{"href":"https:\/\/hi-techwonder.com\/es\/wp-json\/wp\/v2\/types\/product"}],"replies":[{"embeddable":true,"href":"https:\/\/hi-techwonder.com\/es\/wp-json\/wp\/v2\/comments?post=75766"}],"wp:featuredmedia":[{"embeddable":true,"href":"https:\/\/hi-techwonder.com\/es\/wp-json\/wp\/v2\/media\/65304"}],"wp:attachment":[{"href":"https:\/\/hi-techwonder.com\/es\/wp-json\/wp\/v2\/media?parent=75766"}],"wp:term":[{"taxonomy":"product_brand","embeddable":true,"href":"https:\/\/hi-techwonder.com\/es\/wp-json\/wp\/v2\/product_brand?post=75766"},{"taxonomy":"product_cat","embeddable":true,"href":"https:\/\/hi-techwonder.com\/es\/wp-json\/wp\/v2\/product_cat?post=75766"},{"taxonomy":"product_tag","embeddable":true,"href":"https:\/\/hi-techwonder.com\/es\/wp-json\/wp\/v2\/product_tag?post=75766"}],"curies":[{"name":"wp","href":"https:\/\/api.w.org\/{rel}","templated":true}]}}