{"id":75771,"date":"2025-07-29T10:27:34","date_gmt":"2025-07-29T10:27:34","guid":{"rendered":"https:\/\/fv6qoy3ls0.wpdns.site\/product\/placa-estandar-peak-design-v3\/"},"modified":"2026-04-14T11:42:06","modified_gmt":"2026-04-14T10:42:06","slug":"peak-design-placa-estandar-peak-design-v3","status":"publish","type":"product","link":"https:\/\/hi-techwonder.com\/es\/producto\/peak-design-placa-estandar-peak-design-v3\/","title":{"rendered":"Placa est\u00e1ndar PEAK DESIGN V3"},"content":{"rendered":"<p><strong>Caracter\u00edsticas<\/strong>:<\/p>\n<ul>\n<li>Funciona con la mayor\u00eda de las cabezas de tr\u00edpode estilo Ark.<\/li>\n<li>Se adapta a cualquier c\u00e1mara con un soporte de tr\u00edpode est\u00e1ndar de 1\/4&#8243;-20<\/li>\n<li>\n<div>La ranura del tornillo de conexi\u00f3n le permite colocar la tarjeta para evitar interferencias con lentes, pantallas y compartimentos de bater\u00edas<\/div>\n<\/li>\n<li>\n<div>La almohadilla resistente a la torsi\u00f3n proporciona un mejor agarre.<\/div>\n<\/li>\n<\/ul>\n<p>Para obtener m\u00e1s informaci\u00f3n, consulte el sitio web del fabricante <a href=\"https:\/\/support.peakdesign.com\/hc\/en-us\/articles\/201291333-What-kinds-of-tripods-does-Capture-work-with-\" target=\"_blank\" rel=\"noopener\">aqu\u00ed<\/a>.&nbsp;<\/p>\n","protected":false},"excerpt":{"rendered":"<p>Caracter\u00edsticas: Funciona con la mayor\u00eda de las cabezas de tr\u00edpode estilo Ark. Se adapta a cualquier c\u00e1mara con un soporte<\/p>\n","protected":false},"featured_media":63624,"comment_status":"closed","ping_status":"open","template":"","meta":{"_acf_changed":false},"product_brand":[2640],"product_cat":[1087],"product_tag":[],"class_list":{"0":"post-75771","1":"product","2":"type-product","3":"status-publish","4":"has-post-thumbnail","6":"product_brand-peak-design-es","7":"product_cat-zapatas-y-tornillos","9":"first","10":"instock","11":"taxable","12":"shipping-taxable","13":"purchasable","14":"product-type-simple"},"bundled_by":[],"bundle_stock_status":"instock","bundle_stock_quantity":1,"bundle_virtual":false,"bundle_layout":"","bundle_add_to_cart_form_location":"","bundle_editable_in_cart":false,"bundle_sold_individually_context":"","bundle_item_grouping":"","bundle_min_size":"","bundle_max_size":"","bundle_price":[],"bundled_items":[],"bundle_sell_ids":[],"acf":[],"_links":{"self":[{"href":"https:\/\/hi-techwonder.com\/es\/wp-json\/wp\/v2\/product\/75771","targetHints":{"allow":["GET"]}}],"collection":[{"href":"https:\/\/hi-techwonder.com\/es\/wp-json\/wp\/v2\/product"}],"about":[{"href":"https:\/\/hi-techwonder.com\/es\/wp-json\/wp\/v2\/types\/product"}],"replies":[{"embeddable":true,"href":"https:\/\/hi-techwonder.com\/es\/wp-json\/wp\/v2\/comments?post=75771"}],"wp:featuredmedia":[{"embeddable":true,"href":"https:\/\/hi-techwonder.com\/es\/wp-json\/wp\/v2\/media\/63624"}],"wp:attachment":[{"href":"https:\/\/hi-techwonder.com\/es\/wp-json\/wp\/v2\/media?parent=75771"}],"wp:term":[{"taxonomy":"product_brand","embeddable":true,"href":"https:\/\/hi-techwonder.com\/es\/wp-json\/wp\/v2\/product_brand?post=75771"},{"taxonomy":"product_cat","embeddable":true,"href":"https:\/\/hi-techwonder.com\/es\/wp-json\/wp\/v2\/product_cat?post=75771"},{"taxonomy":"product_tag","embeddable":true,"href":"https:\/\/hi-techwonder.com\/es\/wp-json\/wp\/v2\/product_tag?post=75771"}],"curies":[{"name":"wp","href":"https:\/\/api.w.org\/{rel}","templated":true}]}}