{"id":75773,"date":"2025-07-29T10:28:30","date_gmt":"2025-07-29T10:28:30","guid":{"rendered":"https:\/\/fv6qoy3ls0.wpdns.site\/product\/walimex-wt-628-brazo-horizontal\/"},"modified":"2025-10-01T14:58:29","modified_gmt":"2025-10-01T14:58:29","slug":"walimex-wt-628-brazo-horizontal","status":"publish","type":"product","link":"https:\/\/hi-techwonder.com\/es\/producto\/walimex-wt-628-brazo-horizontal\/","title":{"rendered":"WALIMEX WT-628 Brazo Horizontal"},"content":{"rendered":"<p><b>Brazo Horizontal Walimex WT-628<\/b><\/p>\n<p><\/p>\n<p><b>Funciones:<\/b><\/p>\n<ul>\n<li>Se pueden conectar hasta 4 c\u00e1maras<\/li>\n<li>2 carros m\u00f3viles con rosca de 3\/8&#8243; que le permite colocar cabezales<\/li>\n<li>2 sujetadores laterales a trav\u00e9s de rosca de 1\/4&#8243;&nbsp;<\/li>\n<li>Ideal para trabajos de fotograf\u00eda y reproducci\u00f3n<\/li>\n<li>Conexi\u00f3n de tr\u00edpode variable para 1\/4&#8243; y 3\/8&#8243;<\/li>\n<li>Con bolsa de transporte y almacenamiento<\/li>\n<li>Brazo muy s\u00f3lido para la fijaci\u00f3n horizontal al tr\u00edpode<\/li>\n<\/ul>\n<p><\/p>\n<p>El brazo de extensi\u00f3n de alta resistencia se puede montar en cualquier tr\u00edpode com\u00fan y se puede ajustar hasta 375 mm seg\u00fan los requisitos. En su longitud total de 600 mm, puede incluso montar hasta 4 c\u00e1maras. &nbsp;  2 horizontalmente y 2 en los extremos del brazo de extensi\u00f3n. Ambas alternativas de sujeci\u00f3n horizontal se pueden fijar horizontalmente y en la pendiente. <\/p>\n<p><\/p>\n<p><b>Caracter\u00edsticas t\u00e9cnicas:<\/b><\/p>\n<ul>\n<li>Longitud: aprox. 60cm <\/li>\n<li>Di\u00e1metro del tubo: aprox. 3 cm <\/li>\n<li>Capacidad de carga: aprox. 10 kg <\/li>\n<li>Peso: aprox. 1610 g <\/li>\n<li>Conexiones horizontales: cada una con rosca de 3\/8&#8243;&nbsp;<\/li>\n<li>Conexiones laterales: cada una con rosca de 1\/4&#8243;  <\/li>\n<li>Conexiones de tr\u00edpode: Variable para 3\/8&#8243; y 1\/4&#8243;<\/li>\n<li>Material: Metal<\/li>\n<\/ul>\n","protected":false},"excerpt":{"rendered":"<p>Brazo Horizontal Walimex WT-628 Funciones: Se pueden conectar hasta 4 c\u00e1maras 2 carros m\u00f3viles con rosca de 3\/8&#8243; que le<\/p>\n","protected":false},"featured_media":63838,"comment_status":"closed","ping_status":"open","template":"","meta":{"_acf_changed":false},"product_brand":[2553],"product_cat":[1082],"product_tag":[],"class_list":{"0":"post-75773","1":"product","2":"type-product","3":"status-publish","4":"has-post-thumbnail","6":"product_brand-walimex-es","7":"product_cat-columnas-horizontales","9":"first","10":"instock","11":"taxable","12":"shipping-taxable","13":"purchasable","14":"product-type-simple"},"bundled_by":[],"bundle_stock_status":"instock","bundle_stock_quantity":1,"bundle_virtual":false,"bundle_layout":"","bundle_add_to_cart_form_location":"","bundle_editable_in_cart":false,"bundle_sold_individually_context":"","bundle_item_grouping":"","bundle_min_size":"","bundle_max_size":"","bundle_price":[],"bundled_items":[],"bundle_sell_ids":[],"acf":[],"_links":{"self":[{"href":"https:\/\/hi-techwonder.com\/es\/wp-json\/wp\/v2\/product\/75773","targetHints":{"allow":["GET"]}}],"collection":[{"href":"https:\/\/hi-techwonder.com\/es\/wp-json\/wp\/v2\/product"}],"about":[{"href":"https:\/\/hi-techwonder.com\/es\/wp-json\/wp\/v2\/types\/product"}],"replies":[{"embeddable":true,"href":"https:\/\/hi-techwonder.com\/es\/wp-json\/wp\/v2\/comments?post=75773"}],"wp:featuredmedia":[{"embeddable":true,"href":"https:\/\/hi-techwonder.com\/es\/wp-json\/wp\/v2\/media\/63838"}],"wp:attachment":[{"href":"https:\/\/hi-techwonder.com\/es\/wp-json\/wp\/v2\/media?parent=75773"}],"wp:term":[{"taxonomy":"product_brand","embeddable":true,"href":"https:\/\/hi-techwonder.com\/es\/wp-json\/wp\/v2\/product_brand?post=75773"},{"taxonomy":"product_cat","embeddable":true,"href":"https:\/\/hi-techwonder.com\/es\/wp-json\/wp\/v2\/product_cat?post=75773"},{"taxonomy":"product_tag","embeddable":true,"href":"https:\/\/hi-techwonder.com\/es\/wp-json\/wp\/v2\/product_tag?post=75773"}],"curies":[{"name":"wp","href":"https:\/\/api.w.org\/{rel}","templated":true}]}}