{"id":75775,"date":"2025-07-29T10:29:40","date_gmt":"2025-07-29T10:29:40","guid":{"rendered":"https:\/\/fv6qoy3ls0.wpdns.site\/product\/smallrig-3384b-kit-vlogger-p-smartphone\/"},"modified":"2025-12-04T16:05:49","modified_gmt":"2025-12-04T16:05:49","slug":"smallrig-3384b-kit-vlogger-p-smartphone","status":"publish","type":"product","link":"https:\/\/hi-techwonder.com\/es\/producto\/smallrig-3384b-kit-vlogger-p-smartphone\/","title":{"rendered":"SMALLRIG 3384B Kit Vlogger p\/ Smartphone"},"content":{"rendered":"<p>El kit SmallRig 3384B est\u00e1 especialmente dise\u00f1ado para vlogs y transmisi\u00f3n en vivo. El kit incluye un armaz\u00f3n universal para tel\u00e9fono, dos agarres laterales, un tr\u00edpode de mesa que sirve como agarre, un mini panel LED y un micr\u00f3fono. Te permite sujetar tanto con las empu\u00f1aduras como con el tr\u00edpode, para un disparo m\u00e1s estable. Proporciona m\u00faltiples roscas de 1\/4&#8243;-20 y soportes de zapata para m\u00e1s opciones de montaje.   <\/p>\n<p><strong>Funciones<\/strong><\/p>\n<ul>\n<li>La soluci\u00f3n adecuada para vlogs telef\u00f3nicos y transmisi\u00f3n en vivo.<\/li>\n<li>Se puede apoyar tanto a mano como en el tr\u00edpode.<\/li>\n<li>Incluye un mini panel LED y un micr\u00f3fono profesional.<\/li>\n<li>Soporte para conectar un banco de energ\u00eda para grabaciones a largo plazo.<\/li>\n<li>M\u00faltiples roscas de 1\/4&#8243;-20 y soportes para zapatas fr\u00edas para m\u00e1s opciones de montaje.<\/li>\n<\/ul>\n<p><strong>Compatibilidad<\/strong><\/p>\n<ul>\n<li>La funda para tel\u00e9fono es compatible con tel\u00e9fonos con un ancho entre 62 mm y 86 mm.<\/li>\n<li>El soporte del banco de energ\u00eda es compatible con bancos de energ\u00eda de 53 mm a 81 mm de ancho.<\/li>\n<li>El micr\u00f3fono ser\u00e1 compatible con la serie iPhone, Xiaomi 6\/8\/8se\/9\/MIX2\/NOTE3\/10, HUAWEI Mate 10 series\/P20 series\/Mate 20 series\/Mate 20X(5G)\/P30 series\/Mate 30 series\/P40 series, Honor 20 series\/Magic2\/V20\/V30\/9X series\/30, Google Pixel 2\/3\/4, Sony XZ2\/XZ3, Nokia 8 series,  OnePlus serie 6T \/ 7 Pro \/ 8, OPPO FINDX2 \/ Reno4 \/ ACE2 VIVO, IQOOO3 \/ X50 Pro \/ Y50, Samsung A8S \/ A80 \/ A90 \/ NOTE10 \/ S20 series \/ A71, etc., y otros.<\/li>\n<li>Algunos tel\u00e9fonos inteligentes deben encender OTG si desea usar el micr\u00f3fono, por ejemplo, OPPO, VIVO y OnePlus<\/li>\n<\/ul>\n<p><strong>Contenido del paquete<\/strong><\/p>\n<ul>\n<li>1 x jaula universal para tel\u00e9fono<\/li>\n<li>1 x Tr\u00edpode de mesa<\/li>\n<li>1 x Soporte de banco de energ\u00eda<\/li>\n<li>2 x Asa lateral<\/li>\n<li>1 x Soporte para zapata<\/li>\n<li>1 x luz LED<\/li>\n<li>1 x Micr\u00f3fono<\/li>\n<li>4 x Llave Allen<\/li>\n<li>2 x bridas para cables<\/li>\n<li>2 x Tornillos<\/li>\n<li>1 x cable de carga USB tipo C<\/li>\n<li>1 x Soporte de choque<\/li>\n<li>1 x Esponja a prueba de viento<\/li>\n<li>1 x Parabrisas de piel<\/li>\n<li>1 cable de c\u00e1mara de 3,5 mm<\/li>\n<li>1 cable de smartphone de 3,5 mm<\/li>\n<\/ul>\n","protected":false},"excerpt":{"rendered":"<p>El kit SmallRig 3384B est\u00e1 especialmente dise\u00f1ado para vlogs y transmisi\u00f3n en vivo. El kit incluye un armaz\u00f3n universal para<\/p>\n","protected":false},"featured_media":64068,"comment_status":"closed","ping_status":"open","template":"","meta":{"_acf_changed":false},"product_brand":[2550],"product_cat":[1085],"product_tag":[],"class_list":{"0":"post-75775","1":"product","2":"type-product","3":"status-publish","4":"has-post-thumbnail","6":"product_brand-smallrig-es","7":"product_cat-para-smartphones-es","9":"first","10":"pre-order","11":"taxable","12":"shipping-taxable","13":"purchasable","14":"product-type-simple"},"bundled_by":[],"bundle_stock_status":"pre-order","bundle_stock_quantity":null,"bundle_virtual":false,"bundle_layout":"","bundle_add_to_cart_form_location":"","bundle_editable_in_cart":false,"bundle_sold_individually_context":"","bundle_item_grouping":"","bundle_min_size":"","bundle_max_size":"","bundle_price":[],"bundled_items":[],"bundle_sell_ids":[],"acf":[],"_links":{"self":[{"href":"https:\/\/hi-techwonder.com\/es\/wp-json\/wp\/v2\/product\/75775","targetHints":{"allow":["GET"]}}],"collection":[{"href":"https:\/\/hi-techwonder.com\/es\/wp-json\/wp\/v2\/product"}],"about":[{"href":"https:\/\/hi-techwonder.com\/es\/wp-json\/wp\/v2\/types\/product"}],"replies":[{"embeddable":true,"href":"https:\/\/hi-techwonder.com\/es\/wp-json\/wp\/v2\/comments?post=75775"}],"wp:featuredmedia":[{"embeddable":true,"href":"https:\/\/hi-techwonder.com\/es\/wp-json\/wp\/v2\/media\/64068"}],"wp:attachment":[{"href":"https:\/\/hi-techwonder.com\/es\/wp-json\/wp\/v2\/media?parent=75775"}],"wp:term":[{"taxonomy":"product_brand","embeddable":true,"href":"https:\/\/hi-techwonder.com\/es\/wp-json\/wp\/v2\/product_brand?post=75775"},{"taxonomy":"product_cat","embeddable":true,"href":"https:\/\/hi-techwonder.com\/es\/wp-json\/wp\/v2\/product_cat?post=75775"},{"taxonomy":"product_tag","embeddable":true,"href":"https:\/\/hi-techwonder.com\/es\/wp-json\/wp\/v2\/product_tag?post=75775"}],"curies":[{"name":"wp","href":"https:\/\/api.w.org\/{rel}","templated":true}]}}