{"id":79585,"date":"2025-07-29T10:53:48","date_gmt":"2025-07-29T10:53:48","guid":{"rendered":"https:\/\/hi-techwonder.com\/product\/focus-pro-all-in-one-combo\/"},"modified":"2026-04-23T23:15:41","modified_gmt":"2026-04-23T22:15:41","slug":"dji-focus-pro-all-in-one-combo","status":"publish","type":"product","link":"https:\/\/hi-techwonder.com\/es\/producto\/dji-focus-pro-all-in-one-combo\/","title":{"rendered":"DJI Focus Pro All-In-One Combo"},"content":{"rendered":"\n<h2 class=\"wp-block-heading\">DJI Focus Pro All-In-One Combo<\/h2>\n\n\n\n<div id=\"wd-a82d4533\" class=\"wp-block-wd-video wd-el-video wd-action-without wd-video-external wd-with-aspect-ratio wd-custom-width\"><iframe allowfullscreen allow=\"accelerometer; autoplay; encrypted-media; gyroscope; picture-in-picture\" width=\"100%\" height=\"100%\" loading=\"lazy\" src=\"https:\/\/www.youtube.com\/embed\/wT-5cE2bHQQ?feature=oembed&amp;controls=1\"><\/iframe><\/div>\n\n\n\n<div id=\"wd-fad18b00\" class=\"wp-block-wd-container wd-dir-col\">\n<p id=\"wd-cf359654\" class=\"wp-block-wd-paragraph\">El <strong>DJI Focus Pro All-In-One Combo<\/strong> revoluciona el control de enfoque cinematogr\u00e1fico con una soluci\u00f3n avanzada, potente y todo en uno. Es el primer sistema AMF (enfoque autom\u00e1tico manual) independiente de DJI, combinando una unidad LiDAR de alta precisi\u00f3n, un motor potente, un grip t\u00e1ctil inteligente y una unidad manual con feedback h\u00e1ptico.<\/p>\n\n\n\n<p id=\"wd-71ccd3fe\" class=\"wp-block-wd-paragraph\">La unidad <strong>LiDAR<\/strong> ofrece hasta <strong>76.800 puntos de detecci\u00f3n<\/strong> y un rango de hasta <strong>20 metros<\/strong>, proporcionando un enfoque suave, r\u00e1pido y confiable, incluso en lentes gran angular o telefoto. Activando el <strong>ActiveTrack Pro<\/strong>, el sistema reconoce y sigue sujetos con precisi\u00f3n mejorada, incluso cuando desaparecen brevemente del encuadre.<\/p>\n\n\n\n<p id=\"wd-289b72da\" class=\"wp-block-wd-paragraph\">El <strong>Grip<\/strong> con pantalla t\u00e1ctil a color de 1,8\u201d y bater\u00eda integrada de 2,5 horas permite ajustar par\u00e1metros en tiempo real, gestionar configuraciones v\u00eda Bluetooth y controlar el motor o la c\u00e1mara con solo tocar un bot\u00f3n. La compatibilidad total con gimbals RS y c\u00e1maras mirrorless lo convierte en el centro de control del set.<\/p>\n\n\n\n<p id=\"wd-8ff07970\" class=\"wp-block-wd-paragraph\">El <strong>Motor Focus Pro<\/strong>, con 0,6 Nm de torque y una velocidad de 300 rpm, garantiza un control de foco, iris o zoom preciso, silencioso y eficiente, con respuesta en solo 10 ms. Con\u00e9ctalo por USB-C y obt\u00e9n resultados cinematogr\u00e1ficos impecables.<\/p>\n\n\n\n<p id=\"wd-37b66ea8\" class=\"wp-block-wd-paragraph\">La <strong>unidad manual<\/strong> FIZ, equipada con una pantalla t\u00e1ctil de 1,09\u201d, control h\u00e1ptico AB, y distancia de operaci\u00f3n de hasta 150 m, permite un trabajo colaborativo perfecto entre operador y foquista.<\/p>\n\n\n\n<p>Todo esto se integra perfectamente en un malet\u00edn de transporte robusto, ideal para producciones en movimiento.<\/p>\n<\/div>\n\n\n\n<div class=\"wp-block-media-text has-media-on-the-right is-stacked-on-mobile\"><div class=\"wp-block-media-text__content\">\n<p>El DJI Focus Pro All-In-One Combo est\u00e1 dise\u00f1ado para <strong>cineastas profesionales, operadores de c\u00e1mara independientes y equipos de producci\u00f3n cinematogr\u00e1fica<\/strong> que buscan un sistema FIZ completo, robusto y de alta precisi\u00f3n. Ideal para producciones donde el enfoque autom\u00e1tico colaborativo y la movilidad del set son esenciales.<\/p>\n<\/div><figure class=\"wp-block-media-text__media\"><img loading=\"lazy\" decoding=\"async\" width=\"1024\" height=\"1024\" src=\"https:\/\/hi-techwonder.com\/wp-content\/themes\/woodmart\/images\/lazy.svg\" data-src=\"https:\/\/hi-techwonder.com\/wp-content\/uploads\/2025\/07\/ca5f31f32733be522a2ef59f7118a533@origin-1024x1024.jpg\" alt=\"\" class=\"wp-image-79593 size-full\" srcset=\"\" data-srcset=\"https:\/\/hi-techwonder.com\/wp-content\/uploads\/2025\/07\/ca5f31f32733be522a2ef59f7118a533@origin-1024x1024.jpg 1024w, https:\/\/hi-techwonder.com\/wp-content\/uploads\/2025\/07\/ca5f31f32733be522a2ef59f7118a533@origin-300x300.jpg 300w, https:\/\/hi-techwonder.com\/wp-content\/uploads\/2025\/07\/ca5f31f32733be522a2ef59f7118a533@origin-150x150.jpg 150w, https:\/\/hi-techwonder.com\/wp-content\/uploads\/2025\/07\/ca5f31f32733be522a2ef59f7118a533@origin-768x768.jpg 768w, https:\/\/hi-techwonder.com\/wp-content\/uploads\/2025\/07\/ca5f31f32733be522a2ef59f7118a533@origin-600x600.jpg 600w, https:\/\/hi-techwonder.com\/wp-content\/uploads\/2025\/07\/ca5f31f32733be522a2ef59f7118a533@origin-1200x1200.jpg 1200w, https:\/\/hi-techwonder.com\/wp-content\/uploads\/2025\/07\/ca5f31f32733be522a2ef59f7118a533@origin.jpg 1500w\" sizes=\"auto, (max-width: 1024px) 100vw, 1024px\" \/><\/figure><\/div>\n\n\n\n<div class=\"wp-block-media-text is-stacked-on-mobile\"><figure class=\"wp-block-media-text__media\"><img loading=\"lazy\" decoding=\"async\" width=\"1024\" height=\"1024\" src=\"https:\/\/hi-techwonder.com\/wp-content\/themes\/woodmart\/images\/lazy.svg\" data-src=\"https:\/\/hi-techwonder.com\/wp-content\/uploads\/2025\/07\/b1c7a33a1e68dac48a075d3bc9ea7991@origin-1024x1024.jpg\" alt=\"\" class=\"wp-image-79595 size-full\" srcset=\"\" data-srcset=\"https:\/\/hi-techwonder.com\/wp-content\/uploads\/2025\/07\/b1c7a33a1e68dac48a075d3bc9ea7991@origin-1024x1024.jpg 1024w, https:\/\/hi-techwonder.com\/wp-content\/uploads\/2025\/07\/b1c7a33a1e68dac48a075d3bc9ea7991@origin-300x300.jpg 300w, https:\/\/hi-techwonder.com\/wp-content\/uploads\/2025\/07\/b1c7a33a1e68dac48a075d3bc9ea7991@origin-150x150.jpg 150w, https:\/\/hi-techwonder.com\/wp-content\/uploads\/2025\/07\/b1c7a33a1e68dac48a075d3bc9ea7991@origin-768x768.jpg 768w, https:\/\/hi-techwonder.com\/wp-content\/uploads\/2025\/07\/b1c7a33a1e68dac48a075d3bc9ea7991@origin-600x600.jpg 600w, https:\/\/hi-techwonder.com\/wp-content\/uploads\/2025\/07\/b1c7a33a1e68dac48a075d3bc9ea7991@origin-1200x1200.jpg 1200w, https:\/\/hi-techwonder.com\/wp-content\/uploads\/2025\/07\/b1c7a33a1e68dac48a075d3bc9ea7991@origin.jpg 1500w\" sizes=\"auto, (max-width: 1024px) 100vw, 1024px\" \/><\/figure><div class=\"wp-block-media-text__content\">\n<h4 class=\"wp-block-heading\"><strong>Caracter\u00edsticas principales<\/strong><\/h4>\n\n\n\n<ul class=\"wp-block-list\">\n<li><strong>Capacidad de comunicaci\u00f3n hasta 160 metros<\/strong>, manteniendo el control en cualquier entorno de grabaci\u00f3n.<\/li>\n\n\n\n<li><strong>Enfoque automatizado con precisi\u00f3n cinematogr\u00e1fica<\/strong> gracias al sistema AMF y la unidad LiDAR integrada.<\/li>\n\n\n\n<li><strong>Compatibilidad total con gimbals DJI RS 3 Pro y RS 4 Pro<\/strong>, permitiendo integraci\u00f3n profesional.<\/li>\n\n\n\n<li><strong>Seguimiento inteligente de sujetos con ActiveTrack Pro<\/strong>, incluso en escenas complejas o a distancia.<\/li>\n\n\n\n<li><strong>Unidad manual FIZ profesional<\/strong> con anillo t\u00e1ctil, pantalla y puntos AB para enfoque t\u00e1ctil preciso.<\/li>\n\n\n\n<li><strong>Grip con pantalla t\u00e1ctil y ajuste de par\u00e1metros en tiempo real<\/strong>, conexi\u00f3n v\u00eda Bluetooth y 2,4 GHz.<\/li>\n\n\n\n<li><strong>Motor de enfoque ultrarr\u00e1pido y silencioso<\/strong>, con torque mejorado y latencia ultra baja.<\/li>\n\n\n\n<li><strong>Dise\u00f1o modular y port\u00e1til<\/strong>, ideal para rodajes independientes o equipos de filmaci\u00f3n colaborativos.<\/li>\n<\/ul>\n<\/div><\/div>\n\n\n\n<div class=\"wp-block-media-text has-media-on-the-right is-stacked-on-mobile\"><div class=\"wp-block-media-text__content\">\n<h4 class=\"wp-block-heading\">Contenido del paquete<\/h4>\n\n\n\n<div id=\"wd-ec40df3f\" class=\"wp-block-wd-container wd-dir-col\">\n<div id=\"wd-027d9ca1\" class=\"wp-block-wd-container wd-dir-col\">\n<ul class=\"wp-block-list\">\n<li>DJI Focus Pro LiDAR<\/li>\n\n\n\n<li>DJI Focus Pro Motor<\/li>\n\n\n\n<li>DJI Focus Pro Grip<\/li>\n\n\n\n<li>Unidad manual DJI Focus Pro<\/li>\n\n\n\n<li>2x Cables de control USB-C multic\u00e1mara (30 cm)<\/li>\n\n\n\n<li>Cable de alimentaci\u00f3n D-Tap a USB-C (50 cm)<\/li>\n\n\n\n<li>Cable de carga USB-C (40 cm)<\/li>\n\n\n\n<li>Anillo de marca de enfoque<\/li>\n\n\n\n<li>Adaptador de montaje NATO<\/li>\n\n\n\n<li>Adaptador de tubo lateral<\/li>\n\n\n\n<li>Adaptador de tubo horizontal<\/li>\n\n\n\n<li>Tubo de 15 mm<\/li>\n\n\n\n<li>Kit de montaje en tubo<\/li>\n\n\n\n<li>Banda de engranaje de enfoque<\/li>\n\n\n\n<li>Tornillo M4<\/li>\n\n\n\n<li>2x Tornillos 1\/4&#8243;-20<\/li>\n\n\n\n<li>Adhesivo FIZ<\/li>\n\n\n\n<li>Estuche de almacenamiento r\u00edgido<\/li>\n<\/ul>\n<\/div>\n<\/div>\n<\/div><figure class=\"wp-block-media-text__media\"><img loading=\"lazy\" decoding=\"async\" width=\"1024\" height=\"1024\" src=\"https:\/\/hi-techwonder.com\/wp-content\/themes\/woodmart\/images\/lazy.svg\" data-src=\"https:\/\/hi-techwonder.com\/wp-content\/uploads\/2025\/07\/61fd59331763a8e77fa74bb4ccdd5d00@origin-1024x1024.jpg\" alt=\"\" class=\"wp-image-79597 size-full\" srcset=\"\" data-srcset=\"https:\/\/hi-techwonder.com\/wp-content\/uploads\/2025\/07\/61fd59331763a8e77fa74bb4ccdd5d00@origin-1024x1024.jpg 1024w, https:\/\/hi-techwonder.com\/wp-content\/uploads\/2025\/07\/61fd59331763a8e77fa74bb4ccdd5d00@origin-300x300.jpg 300w, https:\/\/hi-techwonder.com\/wp-content\/uploads\/2025\/07\/61fd59331763a8e77fa74bb4ccdd5d00@origin-150x150.jpg 150w, https:\/\/hi-techwonder.com\/wp-content\/uploads\/2025\/07\/61fd59331763a8e77fa74bb4ccdd5d00@origin-768x768.jpg 768w, https:\/\/hi-techwonder.com\/wp-content\/uploads\/2025\/07\/61fd59331763a8e77fa74bb4ccdd5d00@origin-600x600.jpg 600w, https:\/\/hi-techwonder.com\/wp-content\/uploads\/2025\/07\/61fd59331763a8e77fa74bb4ccdd5d00@origin-1200x1200.jpg 1200w, https:\/\/hi-techwonder.com\/wp-content\/uploads\/2025\/07\/61fd59331763a8e77fa74bb4ccdd5d00@origin.jpg 1500w\" sizes=\"auto, (max-width: 1024px) 100vw, 1024px\" \/><\/figure><\/div>\n\n\n\n<figure class=\"wp-block-table\"><table class=\"has-fixed-layout\"><thead><tr><th>Especificaci\u00f3n<\/th><th>Detalle<\/th><\/tr><\/thead><tbody><tr><td>Compatibilidad<\/td><td>RS 3 Pro \/ RS 4 Pro \/ Focus Pro Grip<\/td><\/tr><tr><td>Resoluci\u00f3n<\/td><td>1920 x 1440<\/td><\/tr><tr><td>FPS<\/td><td>30 fps<\/td><\/tr><tr><td>Campo de visi\u00f3n (FOV)<\/td><td>57,4\u00b0 (H) \/ 44,6\u00b0 (V)<\/td><\/tr><tr><td>Rango de detecci\u00f3n<\/td><td>0,5 \u2013 20 m<\/td><\/tr><tr><td>Conectividad<\/td><td>2x USB-C<\/td><\/tr><tr><td>Potencia<\/td><td>6,3W (t\u00edpico), 6,8W (m\u00e1ximo)<\/td><\/tr><tr><td>Temperatura operativa<\/td><td>-20\u00b0C a 45\u00b0C<\/td><\/tr><tr><td>Dimensiones<\/td><td>68 x 57 x 25 mm<\/td><\/tr><tr><td>Peso<\/td><td>140 g<\/td><\/tr><\/tbody><\/table><\/figure>\n\n\n\n<figure class=\"wp-block-table\"><table class=\"has-fixed-layout\"><thead><tr><th>Especificaci\u00f3n<\/th><th>Detalle<\/th><\/tr><\/thead><tbody><tr><td>Compatibilidad<\/td><td>RS 3 \/ RS 4 \/ RS 3 Pro \/ RS 4 Pro \/ Ronin 4D Flex<\/td><\/tr><tr><td>Torque<\/td><td>0,6 Nm<\/td><\/tr><tr><td>Velocidad<\/td><td>Hasta 300 rpm<\/td><\/tr><tr><td>Precisi\u00f3n<\/td><td>Latencia 10 ms<\/td><\/tr><tr><td>Dientes<\/td><td>30 (0.8 MOD)<\/td><\/tr><tr><td>Conectividad<\/td><td>USB-C \/ 2,4GHz<\/td><\/tr><tr><td>Montaje<\/td><td>Tubo de 15mm \/ tornillo 1\/4&#8243;-20<\/td><\/tr><tr><td>Dimensiones<\/td><td>100 x 61 x 34 mm<\/td><\/tr><tr><td>Peso<\/td><td>123 g<\/td><\/tr><\/tbody><\/table><\/figure>\n\n\n\n<figure class=\"wp-block-table\"><table class=\"has-fixed-layout\"><thead><tr><th>Especificaci\u00f3n<\/th><th>Detalle<\/th><\/tr><\/thead><tbody><tr><td>Compatibilidad<\/td><td>RS 4 Pro \/ RS 3 Pro<\/td><\/tr><tr><td>Pantalla<\/td><td>1,09&#8243; t\u00e1ctil<\/td><\/tr><tr><td>Alcance de transmisi\u00f3n<\/td><td>100\u2013150 m<\/td><\/tr><tr><td>Conectividad<\/td><td>2,4GHz \/ Bluetooth<\/td><\/tr><tr><td>Fuente de energ\u00eda<\/td><td>Bater\u00eda Sony Serie L (NP-F550)<\/td><\/tr><tr><td>Dimensiones<\/td><td>128 x 87 x 87 mm<\/td><\/tr><tr><td>Peso<\/td><td>555 g<\/td><\/tr><\/tbody><\/table><\/figure>\n","protected":false},"excerpt":{"rendered":"<ul>\n<li data-start=\"269\" data-end=\"323\">\n<p data-start=\"271\" data-end=\"323\">Combo todo en uno con control FIZ (Foco, Iris, Zoom)<\/p>\n<\/li>\n<li data-start=\"324\" data-end=\"379\">\n<p data-start=\"326\" data-end=\"379\">Compatible con DJI RS 3 Pro, RS 4 Pro y Ronin 4D Flex<\/p>\n<\/li>\n<li data-start=\"380\" data-end=\"441\">\n<p data-start=\"382\" data-end=\"441\">Incluye unidad LiDAR, motor Focus Pro, Grip y unidad manual<\/p>\n<\/li>\n<li data-start=\"442\" data-end=\"500\">\n<p data-start=\"444\" data-end=\"500\">Seguimiento autom\u00e1tico con ActiveTrack Pro y enfoque AMF<\/p>\n<\/li>\n<li data-start=\"501\" data-end=\"558\">\n<p data-start=\"503\" data-end=\"558\">Control t\u00e1ctil y h\u00e1ptico de largo alcance (hasta 160 m)<\/p>\n<\/li>\n<li data-start=\"559\" data-end=\"625\">\n<p data-start=\"561\" data-end=\"625\">Operaci\u00f3n inal\u00e1mbrica por Bluetooth y radiofrecuencia de 2,4 GHz<\/p>\n<\/li>\n<li data-start=\"626\" data-end=\"689\">\n<p data-start=\"628\" data-end=\"689\">Alimentaci\u00f3n continua con bater\u00eda integrada y carga r\u00e1pida PD<\/p>\n<\/li>\n<li data-start=\"690\" data-end=\"755\">\n<p data-start=\"692\" data-end=\"755\">Malet\u00edn de transporte robusto incluido para filmaciones m\u00f3viles<\/p>\n<\/li>\n<\/ul>\n","protected":false},"featured_media":68968,"comment_status":"closed","ping_status":"closed","template":"","meta":{"_acf_changed":false},"product_brand":[2542],"product_cat":[1111],"product_tag":[],"class_list":{"0":"post-79585","1":"product","2":"type-product","3":"status-publish","4":"has-post-thumbnail","6":"product_brand-dji-es","7":"product_cat-follow-focus-es","9":"first","10":"instock","11":"taxable","12":"shipping-taxable","13":"purchasable","14":"product-type-simple"},"bundled_by":[],"bundle_stock_status":"instock","bundle_stock_quantity":2,"bundle_virtual":false,"bundle_layout":"","bundle_add_to_cart_form_location":"","bundle_editable_in_cart":false,"bundle_sold_individually_context":"","bundle_item_grouping":"","bundle_min_size":"","bundle_max_size":"","bundle_price":[],"bundled_items":[],"bundle_sell_ids":[],"acf":[],"_links":{"self":[{"href":"https:\/\/hi-techwonder.com\/es\/wp-json\/wp\/v2\/product\/79585","targetHints":{"allow":["GET"]}}],"collection":[{"href":"https:\/\/hi-techwonder.com\/es\/wp-json\/wp\/v2\/product"}],"about":[{"href":"https:\/\/hi-techwonder.com\/es\/wp-json\/wp\/v2\/types\/product"}],"replies":[{"embeddable":true,"href":"https:\/\/hi-techwonder.com\/es\/wp-json\/wp\/v2\/comments?post=79585"}],"wp:featuredmedia":[{"embeddable":true,"href":"https:\/\/hi-techwonder.com\/es\/wp-json\/wp\/v2\/media\/68968"}],"wp:attachment":[{"href":"https:\/\/hi-techwonder.com\/es\/wp-json\/wp\/v2\/media?parent=79585"}],"wp:term":[{"taxonomy":"product_brand","embeddable":true,"href":"https:\/\/hi-techwonder.com\/es\/wp-json\/wp\/v2\/product_brand?post=79585"},{"taxonomy":"product_cat","embeddable":true,"href":"https:\/\/hi-techwonder.com\/es\/wp-json\/wp\/v2\/product_cat?post=79585"},{"taxonomy":"product_tag","embeddable":true,"href":"https:\/\/hi-techwonder.com\/es\/wp-json\/wp\/v2\/product_tag?post=79585"}],"curies":[{"name":"wp","href":"https:\/\/api.w.org\/{rel}","templated":true}]}}