{"id":79627,"date":"2025-07-29T09:34:41","date_gmt":"2025-07-29T09:34:41","guid":{"rendered":"https:\/\/hi-techwonder.com\/product\/nikon-nikkor-z-180-600mm-f-5-6-6-3-vr\/"},"modified":"2026-04-08T12:29:06","modified_gmt":"2026-04-08T11:29:06","slug":"nikon-nikkor-z-180-600mm-f-5-6-6-3-vr","status":"publish","type":"product","link":"https:\/\/hi-techwonder.com\/es\/producto\/nikon-nikkor-z-180-600mm-f-5-6-6-3-vr\/","title":{"rendered":"NIKON NIKKOR Z 180-600MM F\/5.6-6.3 VR"},"content":{"rendered":"<p>Lente NIKON NIKKOR Z 180-600MM F\/5.6-6.3 VR para Nikon Z<\/p>\n<p>Funciones<\/p>\n<p>Fotograma completo | Lente de zoom f\/5.6-6.3 a f\/32-36<br \/>\n, Super Telephoto<br \/>\n5.5 Stop VR Estabilizaci\u00f3n<br \/>\nde imagen Anillo de control programable<br \/>\nBotones de funci\u00f3n personalizables<br \/>\nMecanismo de diafragma electromagn\u00e9tico<br \/>\nDiafragma redondeado<br \/>\nde 9 hojas Compatible con teleconvertidores de la serie<br \/>\nZ Incluye pie de tr\u00edpode de liberaci\u00f3n r\u00e1pida<\/p>\n<p>Contenido del paquete<\/p>\n<p>Lente NIKKOR Z 180-600MM F\/5.6-6.3 VR<br \/>\nNikon NIKKOR Z 180-600mm f\/5.6-6.3 VR Lens (Nikon Z)<br \/>\nNikon LC-95B<br \/>\n95mm Clip-on Front Cap Nikon LF-N1<br \/>\nTapa trasera de la lente Nikon HB-109 Tapa de lente para NIKKOR Z TM 180-600mm f\/5.6-6.3<br \/>\nVR Case Nikon CL-L6 Caja de lente Nikon CL-L6<\/p>\n<p>Descripci\u00f3n general de Nikon NIKKOR Z 180-600mm f\/5.6-6.3 VR<\/p>\n<p>Un lente de zoom s\u00faper teleobjetivo sin precedentes para c\u00e1maras sin espejo de la serie Z, el lente NIKKOR Z 180-600mm f\/5.6-6.3 VR de Nikon ofrece una nitidez excepcional en todo el rango de zoom. Creado para las exigentes necesidades de los fot\u00f3grafos de deportes y naturaleza, este objetivo cubre una amplia gama de teleobjetivos que le permite capturar fotos y v\u00eddeos emocionantes en un dise\u00f1o relativamente compacto y ligero. <\/p>\n<p>Dise\u00f1o \u00f3ptico Incluye seis elementos de vidrio ED (dispersi\u00f3n ultrabaja) para aumentar la transmisi\u00f3n de luz y disminuir la dispersi\u00f3n de la luz, eliminando eficazmente las aberraciones crom\u00e1ticas y las franjas de color en todo el rango del zoom para una claridad y precisi\u00f3n de color notables.<\/p>\n<p>Utiliza un solo elemento de vidrio asf\u00e9rico para minimizar la distorsi\u00f3n y el coma en aberturas amplias. El elemento asf\u00e9rico tambi\u00e9n permite un tama\u00f1o m\u00e1s ligero y compacto, lo que es particularmente \u00fatil para lentes zoom s\u00faper teleobjetivo. <\/p>\n<p>Un recubrimiento de fl\u00faor FLC repele eficazmente el polvo, las gotas de agua, la grasa y la suciedad, lo que garantiza una f\u00e1cil eliminaci\u00f3n incluso cuando se adhieren a la superficie de la lente. Este recubrimiento admite una alta frecuencia de limpieza de la superficie de la lente y su efecto antirreflectante tambi\u00e9n contribuye a la captura de im\u00e1genes n\u00edtidas. <\/p>\n<p>Motor paso a paso STM con enfoque autom\u00e1tico y reducci\u00f3n de vibraciones para un enfoque autom\u00e1tico r\u00e1pido, preciso, suave y silencioso con bajo parpadeo.<\/p>\n<p>Este sistema de accionamiento tambi\u00e9n ofrece un rendimiento de enfoque autom\u00e1tico impresionantemente suave y silencioso que es adecuado tanto para aplicaciones fotogr\u00e1ficas como de v\u00eddeo.<\/p>\n<p>El modo A\/M, que significa Modo Manual de Prioridad Autom\u00e1tica, permite una f\u00e1cil transici\u00f3n del enfoque autom\u00e1tico al enfoque manual durante la operaci\u00f3n AF.<\/p>\n<p>El dise\u00f1o de la lente de enfoque interno mantiene la lente del mismo tama\u00f1o durante la operaci\u00f3n de zoom y enfoque autom\u00e1tico. Esto tambi\u00e9n permite un factor de forma compacto capaz de acercar distancias de enfoque. <\/p>\n<p>Proporciona una distancia m\u00ednima de enfoque de 4,3&#8242;, junto con un aumento m\u00e1ximo de 0,25x en la posici\u00f3n de zoom de 180 mm para capturar detalles y sujetos en primer plano.<\/p>\n<p>El sistema \u00f3ptico de reducci\u00f3n de la vibraci\u00f3n (VR) incorporado mejora la estabilidad de la imagen al compensar autom\u00e1ticamente el movimiento de la c\u00e1mara. Esta tecnolog\u00eda en el objetivo proporciona un efecto de estabilizaci\u00f3n equivalente a una velocidad de obturaci\u00f3n 5,5 pasos m\u00e1s r\u00e1pida, lo que reduce el desenfoque de la c\u00e1mara al realizar un barrido para seguir a sujetos que se mueven r\u00e1pidamente. <\/p>\n<p>Manejo y dise\u00f1o En su definici\u00f3n m\u00e1s amplia, este objetivo es ideal para localizar al sujeto. El anillo de control personalizable y los botones de funci\u00f3n proporcionan puntos de control intuitivos para cambiar r\u00e1pidamente la configuraci\u00f3n de exposici\u00f3n y otras funciones. <\/p>\n<p>El cuerpo de la lente duradero y resistente a la intemperie, junto con un revestimiento frontal de fl\u00faor para su uso en condiciones adversas.<\/p>\n<p>Compatible con los teleconvertidores de la serie Z de Nikon, el objetivo le permite aumentar la distancia focal efectiva a 840 mm con el teleconvertidor de 1,4x y hasta 1200 mm con el teleconvertidor de 2x.<\/p>\n<p>Nikon NIKKOR Z 180-600mm F\/5.6-6.3 VR Especificaciones<\/p>\n<p>Principal<br \/>\nDistancia focal<br \/>\nDe 180 a 600 mm<br \/>\nApertura m\u00e1xima<br \/>\nf\/5.6 a 6.3<br \/>\nMontura de lente<br \/>\nNikon Z<br \/>\nCobertura de la forma de la lente<br \/>\nImagen completa<br \/>\nTipo de enfoque<br \/>\nEnfoque autom\u00e1tico<br \/>\nEstabilizaci\u00f3n de imagen<br \/>\nS\u00ed<br \/>\nTama\u00f1o del filtro<br \/>\n95 mm (delantero)<br \/>\nApertura m\u00e1xima<br \/>\nf\/5.6 a 6.3<br \/>\nApertura m\u00ednima<br \/>\nf\/32 a 36<br \/>\nMontura de lente<br \/>\nNikon Z<br \/>\nCobertura de la forma de la lente<br \/>\nImagen completa<br \/>\n\u00c1ngulo<br \/>\n13\u00b0 40&#8242; hasta 4\u00b0 10&#8242;<br \/>\nDistancia m\u00ednima de enfoque<br \/>\n1,3 m<br \/>\nAumento m\u00e1ximo<br \/>\n0,25 veces<br \/>\nTasa de reproducci\u00f3n macro<br \/>\n1:4<br \/>\nDise\u00f1o \u00f3ptico<br \/>\n25 elementos en 17 grupos<br \/>\nHojas de diafragma<br \/>\n9, redondeado<br \/>\nTipo de enfoque<br \/>\nEnfoque autom\u00e1tico<br \/>\nEstabilizaci\u00f3n de imagen<br \/>\nS\u00ed<br \/>\nCollar de tr\u00edpode<br \/>\nDesmontable y giratorio<br \/>\nTama\u00f1o del filtro<br \/>\n95 mm (delantero)<br \/>\nDimensiones (\u00f8 x L)<br \/>\n110 x 315,5 mil\u00edmetros<br \/>\nPeso<br \/>\n1,95 kg<br \/>\nInformaci\u00f3n de embalaje<br \/>\nPeso del paquete<br \/>\n2957,4 gramos<br \/>\nDimensiones de la caja (LxAxA)<br \/>\n48,3 x 20,3 x 18,8 cm<\/p>\n<p>Informaci\u00f3n adicional 1 Basado en los est\u00e1ndares CIPA; en modo NORMAL; Este valor se obtiene cuando el objetivo se acopla a una c\u00e1mara sin espejo equipada con un sensor de imagen de tama\u00f1o de pel\u00edcula de 35 mm.<br \/>\n2 No se garantiza que la lente sea resistente al polvo y a las salpicaduras en todas las situaciones o circunstancias.<\/p>\n<p>3 Im\u00e1genes ilustrativas. Vea lo que hay en la caja para confirmar lo que se incluye en esta referencia de producto <\/p>\n","protected":false},"excerpt":{"rendered":"<p>Lente NIKON NIKKOR Z 180-600MM F\/5.6-6.3 VR para Nikon Z Funciones Fotograma completo | Lente de zoom f\/5.6-6.3 a f\/32-36<\/p>\n","protected":false},"featured_media":50969,"comment_status":"closed","ping_status":"closed","template":"","meta":{"_acf_changed":false},"product_brand":[2541],"product_cat":[1062],"product_tag":[],"class_list":{"0":"post-79627","1":"product","2":"type-product","3":"status-publish","4":"has-post-thumbnail","6":"product_brand-nikon-es","7":"product_cat-mirrorless-objectivos","8":"pa_abertura-maxima-f-5-6-6-3-es","9":"pa_cor-negro","10":"pa_estabilizacao-de-imagem-si","11":"pa_montagem-da-objetiva-nikon-z-es","12":"pa_sensor-fotograma-completo","13":"pa_tipo-de-foco-enfoque-automatico","14":"pa_tipo-de-objetiva-ultra-teleobjetivo","15":"pa_zoom-fixa-zoom-interno-es","17":"first","18":"onbackorder","19":"taxable","20":"shipping-taxable","21":"purchasable","22":"product-type-simple"},"bundled_by":[],"bundle_stock_status":"onbackorder","bundle_stock_quantity":null,"bundle_virtual":false,"bundle_layout":"","bundle_add_to_cart_form_location":"","bundle_editable_in_cart":false,"bundle_sold_individually_context":"","bundle_item_grouping":"","bundle_min_size":"","bundle_max_size":"","bundle_price":[],"bundled_items":[],"bundle_sell_ids":[],"acf":[],"_links":{"self":[{"href":"https:\/\/hi-techwonder.com\/es\/wp-json\/wp\/v2\/product\/79627","targetHints":{"allow":["GET"]}}],"collection":[{"href":"https:\/\/hi-techwonder.com\/es\/wp-json\/wp\/v2\/product"}],"about":[{"href":"https:\/\/hi-techwonder.com\/es\/wp-json\/wp\/v2\/types\/product"}],"replies":[{"embeddable":true,"href":"https:\/\/hi-techwonder.com\/es\/wp-json\/wp\/v2\/comments?post=79627"}],"wp:featuredmedia":[{"embeddable":true,"href":"https:\/\/hi-techwonder.com\/es\/wp-json\/wp\/v2\/media\/50969"}],"wp:attachment":[{"href":"https:\/\/hi-techwonder.com\/es\/wp-json\/wp\/v2\/media?parent=79627"}],"wp:term":[{"taxonomy":"product_brand","embeddable":true,"href":"https:\/\/hi-techwonder.com\/es\/wp-json\/wp\/v2\/product_brand?post=79627"},{"taxonomy":"product_cat","embeddable":true,"href":"https:\/\/hi-techwonder.com\/es\/wp-json\/wp\/v2\/product_cat?post=79627"},{"taxonomy":"product_tag","embeddable":true,"href":"https:\/\/hi-techwonder.com\/es\/wp-json\/wp\/v2\/product_tag?post=79627"}],"curies":[{"name":"wp","href":"https:\/\/api.w.org\/{rel}","templated":true}]}}