{"id":79747,"date":"2025-07-29T10:54:26","date_gmt":"2025-07-29T10:54:26","guid":{"rendered":"https:\/\/hi-techwonder.com\/?post_type=product&#038;p=79747"},"modified":"2026-02-11T10:23:10","modified_gmt":"2026-02-11T10:23:10","slug":"dji-rs-4-estabilizador-gimbal","status":"publish","type":"product","link":"https:\/\/hi-techwonder.com\/es\/producto\/dji-rs-4-estabilizador-gimbal\/","title":{"rendered":"DJI RS 4 ESTABILIZADOR GIMBAL"},"content":{"rendered":"\n<h2 class=\"wp-block-heading\">DJI RS 4 ESTABILIZADOR GIMBAL<\/h2>\n\n\n\n<div id=\"wd-a7f83bfc\" class=\"wp-block-wd-video wd-el-video wd-action-without wd-video-external wd-with-aspect-ratio wd-custom-width\"><iframe allowfullscreen allow=\"accelerometer; autoplay; encrypted-media; gyroscope; picture-in-picture\" width=\"100%\" height=\"100%\" loading=\"lazy\" src=\"https:\/\/www.youtube.com\/embed\/ycoL40Yxw9g?feature=oembed&amp;controls=1\"><\/iframe><\/div>\n\n\n\n<p id=\"wd-69752839\" class=\"wp-block-wd-paragraph\"><\/p>\n\n\n\n<p id=\"wd-bdb83a74\" class=\"wp-block-wd-paragraph\">Con un dise\u00f1o renovado y mayor eficiencia operativa, el <strong>DJI RS 4<\/strong> se consolida como una soluci\u00f3n profesional para creadores exigentes que trabajan con c\u00e1maras sin espejo. Gracias a su peso ligero (1,07 kg) y su capacidad de carga de hasta 3 kg, permite una configuraci\u00f3n r\u00e1pida, balanceo \u00e1gil y grabaci\u00f3n sin vibraciones.Sus ejes recubiertos de tefl\u00f3n reducen dr\u00e1sticamente la fricci\u00f3n, mientras los bloqueos autom\u00e1ticos de 2\u00aa generaci\u00f3n permiten plegar y desplegar el gimbal en apenas segundos. La zapata de liberaci\u00f3n r\u00e1pida ha sido redise\u00f1ada para una transici\u00f3n nativa y fluida a formato vertical.<\/p>\n\n\n\n<p id=\"wd-cdf048c0\" class=\"wp-block-wd-paragraph\">Adem\u00e1s, con el control de obturador inal\u00e1mbrico v\u00eda Bluetooth, no se necesitan cables para disparar fotos o v\u00eddeos. Una vez emparejada la c\u00e1mara, la conexi\u00f3n es autom\u00e1tica en usos posteriores.<\/p>\n\n\n\n<p id=\"wd-7aabb016\" class=\"wp-block-wd-paragraph\">La compatibilidad con el nuevo DJI Focus Pro Motor (no incluido) permite controlar el enfoque o el zoom directamente desde el dial y joystick. Adem\u00e1s, el algoritmo de estabilizaci\u00f3n de 4\u00aa generaci\u00f3n mejora notablemente la fluidez de movimientos, especialmente en tomas r\u00e1pidas o de \u00e1ngulo bajo.<\/p>\n\n\n\n<p>Todo esto se completa con una pantalla OLED t\u00e1ctil con bloqueo, m\u00faltiples opciones de montaje, conectividad avanzada, compatibilidad con la app Ronin y una bater\u00eda que ofrece hasta 12 horas de grabaci\u00f3n continua con carga r\u00e1pida PD.<\/p>\n\n\n\n<div class=\"wp-block-media-text has-media-on-the-right is-stacked-on-mobile\"><div class=\"wp-block-media-text__content\">\n<p>El gimbal ideal para creadores de contenido, vide\u00f3grafos profesionales y operadores de c\u00e1mara que necesiten portabilidad, estabilidad avanzada y compatibilidad con un amplio ecosistema de accesorios para grabaciones vers\u00e1tiles con c\u00e1maras mirrorless.<\/p>\n<\/div><figure class=\"wp-block-media-text__media\"><img loading=\"lazy\" decoding=\"async\" width=\"1024\" height=\"1024\" src=\"https:\/\/hi-techwonder.com\/wp-content\/themes\/woodmart\/images\/lazy.svg\" data-src=\"https:\/\/hi-techwonder.com\/wp-content\/uploads\/2025\/07\/1740675398_IMG_2227513-3-1024x1024.jpg\" alt=\"\" class=\"wp-image-79843 size-full\" srcset=\"\" data-srcset=\"https:\/\/hi-techwonder.com\/wp-content\/uploads\/2025\/07\/1740675398_IMG_2227513-3-1024x1024.jpg 1024w, https:\/\/hi-techwonder.com\/wp-content\/uploads\/2025\/07\/1740675398_IMG_2227513-3-300x300.jpg 300w, https:\/\/hi-techwonder.com\/wp-content\/uploads\/2025\/07\/1740675398_IMG_2227513-3-150x150.jpg 150w, https:\/\/hi-techwonder.com\/wp-content\/uploads\/2025\/07\/1740675398_IMG_2227513-3-768x768.jpg 768w, https:\/\/hi-techwonder.com\/wp-content\/uploads\/2025\/07\/1740675398_IMG_2227513-3-600x600.jpg 600w, https:\/\/hi-techwonder.com\/wp-content\/uploads\/2025\/07\/1740675398_IMG_2227513-3-1200x1200.jpg 1200w, https:\/\/hi-techwonder.com\/wp-content\/uploads\/2025\/07\/1740675398_IMG_2227513-3.jpg 1500w\" sizes=\"auto, (max-width: 1024px) 100vw, 1024px\" \/><\/figure><\/div>\n\n\n\n<div class=\"wp-block-media-text is-stacked-on-mobile\"><figure class=\"wp-block-media-text__media\"><img loading=\"lazy\" decoding=\"async\" width=\"1024\" height=\"1024\" src=\"https:\/\/hi-techwonder.com\/wp-content\/themes\/woodmart\/images\/lazy.svg\" data-src=\"https:\/\/hi-techwonder.com\/wp-content\/uploads\/2025\/07\/1712652658_IMG_2227507-3-1024x1024.jpg\" alt=\"\" class=\"wp-image-79839 size-full\" srcset=\"\" data-srcset=\"https:\/\/hi-techwonder.com\/wp-content\/uploads\/2025\/07\/1712652658_IMG_2227507-3-1024x1024.jpg 1024w, https:\/\/hi-techwonder.com\/wp-content\/uploads\/2025\/07\/1712652658_IMG_2227507-3-300x300.jpg 300w, https:\/\/hi-techwonder.com\/wp-content\/uploads\/2025\/07\/1712652658_IMG_2227507-3-150x150.jpg 150w, https:\/\/hi-techwonder.com\/wp-content\/uploads\/2025\/07\/1712652658_IMG_2227507-3-768x768.jpg 768w, https:\/\/hi-techwonder.com\/wp-content\/uploads\/2025\/07\/1712652658_IMG_2227507-3-1536x1536.jpg 1536w, https:\/\/hi-techwonder.com\/wp-content\/uploads\/2025\/07\/1712652658_IMG_2227507-3-600x600.jpg 600w, https:\/\/hi-techwonder.com\/wp-content\/uploads\/2025\/07\/1712652658_IMG_2227507-3-1200x1200.jpg 1200w, https:\/\/hi-techwonder.com\/wp-content\/uploads\/2025\/07\/1712652658_IMG_2227507-3.jpg 2000w\" sizes=\"auto, (max-width: 1024px) 100vw, 1024px\" \/><\/figure><div class=\"wp-block-media-text__content\">\n<h4 class=\"wp-block-heading\">Caracter\u00edsticas<\/h4>\n\n\n\n<ul class=\"wp-block-list\">\n<li>Carga \u00fatil de hasta 3 kg en un dise\u00f1o ligero de solo 1,07 kg<\/li>\n\n\n\n<li>Pantalla OLED t\u00e1ctil con bloqueo autom\u00e1tico y visualizaci\u00f3n de bajo brillo<\/li>\n\n\n\n<li>Segunda generaci\u00f3n de bloqueo autom\u00e1tico de ejes para m\u00e1xima eficiencia<\/li>\n\n\n\n<li>Filmaci\u00f3n vertical nativa de nueva generaci\u00f3n para contenido m\u00f3vil<\/li>\n\n\n\n<li>Control de obturaci\u00f3n inal\u00e1mbrico por Bluetooth de modo dual<\/li>\n\n\n\n<li>Algoritmo de estabilizaci\u00f3n RS de 4\u00aa generaci\u00f3n mejorado<\/li>\n\n\n\n<li>Ejes con recubrimiento de tefl\u00f3n para un balanceo m\u00e1s suave<\/li>\n\n\n\n<li>Autonom\u00eda de 12 horas con bater\u00eda de carga r\u00e1pida extra\u00edble<\/li>\n<\/ul>\n<\/div><\/div>\n\n\n\n<div class=\"wp-block-media-text has-media-on-the-right is-stacked-on-mobile\"><div class=\"wp-block-media-text__content\">\n<h4 class=\"wp-block-heading\">Contenido de la caja<\/h4>\n\n\n\n<ul class=\"wp-block-list\">\n<li>Estabilizador DJI RS 4<\/li>\n\n\n\n<li>Empu\u00f1adura de bater\u00eda DJI BG21<\/li>\n\n\n\n<li>Zapata de liberaci\u00f3n r\u00e1pida (sistema Arca\/Manfrotto)<\/li>\n\n\n\n<li>Empu\u00f1adura\/tr\u00edpode extendido<\/li>\n\n\n\n<li>Soporte de lente<\/li>\n\n\n\n<li>Cable de control multic\u00e1mara USB-C (30cm)<\/li>\n\n\n\n<li>Cable de carga USB-C (40cm)<\/li>\n\n\n\n<li>Kit de tornillos<\/li>\n\n\n\n<li>Adhesivo con logotipo DJI<\/li>\n<\/ul>\n<\/div><figure class=\"wp-block-media-text__media\"><img loading=\"lazy\" decoding=\"async\" width=\"1024\" height=\"1024\" src=\"https:\/\/hi-techwonder.com\/wp-content\/themes\/woodmart\/images\/lazy.svg\" data-src=\"https:\/\/hi-techwonder.com\/wp-content\/uploads\/2025\/07\/1740675398_IMG_2227512-3-1024x1024.jpg\" alt=\"\" class=\"wp-image-79837 size-full\" srcset=\"\" data-srcset=\"https:\/\/hi-techwonder.com\/wp-content\/uploads\/2025\/07\/1740675398_IMG_2227512-3-1024x1024.jpg 1024w, https:\/\/hi-techwonder.com\/wp-content\/uploads\/2025\/07\/1740675398_IMG_2227512-3-300x300.jpg 300w, https:\/\/hi-techwonder.com\/wp-content\/uploads\/2025\/07\/1740675398_IMG_2227512-3-150x150.jpg 150w, https:\/\/hi-techwonder.com\/wp-content\/uploads\/2025\/07\/1740675398_IMG_2227512-3-768x768.jpg 768w, https:\/\/hi-techwonder.com\/wp-content\/uploads\/2025\/07\/1740675398_IMG_2227512-3-600x600.jpg 600w, https:\/\/hi-techwonder.com\/wp-content\/uploads\/2025\/07\/1740675398_IMG_2227512-3-1200x1200.jpg 1200w, https:\/\/hi-techwonder.com\/wp-content\/uploads\/2025\/07\/1740675398_IMG_2227512-3.jpg 1500w\" sizes=\"auto, (max-width: 1024px) 100vw, 1024px\" \/><\/figure><\/div>\n\n\n\n<div id=\"wd-3f184b6d\" class=\"wp-block-wd-gallery wd-grid-g wd-caption-mask\" style=\"--wd-col-lg:4;--wd-col-md:4;--wd-col-sm:1;--wd-gap-lg:20px;--wd-gap-sm: 10px;\">\n<div id=\"wd-3d8effa5\" class=\"wp-block-wd-gallery-item wd-col\"><div class=\"wd-block-image\"><img loading=\"lazy\" decoding=\"async\" width=\"2000\" height=\"2000\" class=\"wp-image-79829\" src=\"https:\/\/hi-techwonder.com\/wp-content\/themes\/woodmart\/images\/lazy.svg\" data-src=\"https:\/\/hi-techwonder.com\/wp-content\/uploads\/2025\/07\/1712652658_IMG_2227507-2.jpg\" alt=\"\" srcset=\"\" data-srcset=\"https:\/\/hi-techwonder.com\/wp-content\/uploads\/2025\/07\/1712652658_IMG_2227507-2.jpg 2000w, https:\/\/hi-techwonder.com\/wp-content\/uploads\/2025\/07\/1712652658_IMG_2227507-2-300x300.jpg 300w, https:\/\/hi-techwonder.com\/wp-content\/uploads\/2025\/07\/1712652658_IMG_2227507-2-1024x1024.jpg 1024w, https:\/\/hi-techwonder.com\/wp-content\/uploads\/2025\/07\/1712652658_IMG_2227507-2-150x150.jpg 150w, https:\/\/hi-techwonder.com\/wp-content\/uploads\/2025\/07\/1712652658_IMG_2227507-2-768x768.jpg 768w, https:\/\/hi-techwonder.com\/wp-content\/uploads\/2025\/07\/1712652658_IMG_2227507-2-1536x1536.jpg 1536w, https:\/\/hi-techwonder.com\/wp-content\/uploads\/2025\/07\/1712652658_IMG_2227507-2-600x600.jpg 600w, https:\/\/hi-techwonder.com\/wp-content\/uploads\/2025\/07\/1712652658_IMG_2227507-2-1200x1200.jpg 1200w\" sizes=\"auto, (max-width: 2000px) 100vw, 2000px\" \/><\/div><\/div>\n\n\n\n<div id=\"wd-43f87e3f\" class=\"wp-block-wd-gallery-item wd-col\"><div class=\"wd-block-image\"><img loading=\"lazy\" decoding=\"async\" width=\"1500\" height=\"1500\" class=\"wp-image-79825\" src=\"https:\/\/hi-techwonder.com\/wp-content\/themes\/woodmart\/images\/lazy.svg\" data-src=\"https:\/\/hi-techwonder.com\/wp-content\/uploads\/2025\/07\/1740675398_IMG_2227508-1.jpg\" alt=\"\" srcset=\"\" data-srcset=\"https:\/\/hi-techwonder.com\/wp-content\/uploads\/2025\/07\/1740675398_IMG_2227508-1.jpg 1500w, https:\/\/hi-techwonder.com\/wp-content\/uploads\/2025\/07\/1740675398_IMG_2227508-1-300x300.jpg 300w, https:\/\/hi-techwonder.com\/wp-content\/uploads\/2025\/07\/1740675398_IMG_2227508-1-1024x1024.jpg 1024w, https:\/\/hi-techwonder.com\/wp-content\/uploads\/2025\/07\/1740675398_IMG_2227508-1-150x150.jpg 150w, https:\/\/hi-techwonder.com\/wp-content\/uploads\/2025\/07\/1740675398_IMG_2227508-1-768x768.jpg 768w, https:\/\/hi-techwonder.com\/wp-content\/uploads\/2025\/07\/1740675398_IMG_2227508-1-600x600.jpg 600w, https:\/\/hi-techwonder.com\/wp-content\/uploads\/2025\/07\/1740675398_IMG_2227508-1-1200x1200.jpg 1200w\" sizes=\"auto, (max-width: 1500px) 100vw, 1500px\" \/><\/div><\/div>\n\n\n\n<div id=\"wd-9e7376b6\" class=\"wp-block-wd-gallery-item wd-col\"><div class=\"wd-block-image\"><img loading=\"lazy\" decoding=\"async\" width=\"1500\" height=\"1500\" class=\"wp-image-79833\" src=\"https:\/\/hi-techwonder.com\/wp-content\/themes\/woodmart\/images\/lazy.svg\" data-src=\"https:\/\/hi-techwonder.com\/wp-content\/uploads\/2025\/07\/1740675398_IMG_2227509-1.jpg\" alt=\"\" srcset=\"\" data-srcset=\"https:\/\/hi-techwonder.com\/wp-content\/uploads\/2025\/07\/1740675398_IMG_2227509-1.jpg 1500w, https:\/\/hi-techwonder.com\/wp-content\/uploads\/2025\/07\/1740675398_IMG_2227509-1-300x300.jpg 300w, https:\/\/hi-techwonder.com\/wp-content\/uploads\/2025\/07\/1740675398_IMG_2227509-1-1024x1024.jpg 1024w, https:\/\/hi-techwonder.com\/wp-content\/uploads\/2025\/07\/1740675398_IMG_2227509-1-150x150.jpg 150w, https:\/\/hi-techwonder.com\/wp-content\/uploads\/2025\/07\/1740675398_IMG_2227509-1-768x768.jpg 768w, https:\/\/hi-techwonder.com\/wp-content\/uploads\/2025\/07\/1740675398_IMG_2227509-1-600x600.jpg 600w, https:\/\/hi-techwonder.com\/wp-content\/uploads\/2025\/07\/1740675398_IMG_2227509-1-1200x1200.jpg 1200w\" sizes=\"auto, (max-width: 1500px) 100vw, 1500px\" \/><\/div><\/div>\n\n\n\n<div id=\"wd-5fd1260e\" class=\"wp-block-wd-gallery-item wd-col\"><div class=\"wd-block-image\"><img loading=\"lazy\" decoding=\"async\" width=\"1500\" height=\"1500\" class=\"wp-image-79831\" src=\"https:\/\/hi-techwonder.com\/wp-content\/themes\/woodmart\/images\/lazy.svg\" data-src=\"https:\/\/hi-techwonder.com\/wp-content\/uploads\/2025\/07\/1740675398_IMG_2227510-1.jpg\" alt=\"\" srcset=\"\" data-srcset=\"https:\/\/hi-techwonder.com\/wp-content\/uploads\/2025\/07\/1740675398_IMG_2227510-1.jpg 1500w, https:\/\/hi-techwonder.com\/wp-content\/uploads\/2025\/07\/1740675398_IMG_2227510-1-300x300.jpg 300w, https:\/\/hi-techwonder.com\/wp-content\/uploads\/2025\/07\/1740675398_IMG_2227510-1-1024x1024.jpg 1024w, https:\/\/hi-techwonder.com\/wp-content\/uploads\/2025\/07\/1740675398_IMG_2227510-1-150x150.jpg 150w, https:\/\/hi-techwonder.com\/wp-content\/uploads\/2025\/07\/1740675398_IMG_2227510-1-768x768.jpg 768w, https:\/\/hi-techwonder.com\/wp-content\/uploads\/2025\/07\/1740675398_IMG_2227510-1-600x600.jpg 600w, https:\/\/hi-techwonder.com\/wp-content\/uploads\/2025\/07\/1740675398_IMG_2227510-1-1200x1200.jpg 1200w\" sizes=\"auto, (max-width: 1500px) 100vw, 1500px\" \/><\/div><\/div>\n\n\n\n<div id=\"wd-3440d169\" class=\"wp-block-wd-gallery-item wd-col\"><div class=\"wd-block-image\"><img loading=\"lazy\" decoding=\"async\" width=\"1500\" height=\"1500\" class=\"wp-image-79835\" src=\"https:\/\/hi-techwonder.com\/wp-content\/themes\/woodmart\/images\/lazy.svg\" data-src=\"https:\/\/hi-techwonder.com\/wp-content\/uploads\/2025\/07\/1740675398_IMG_2227511-1.jpg\" alt=\"\" srcset=\"\" data-srcset=\"https:\/\/hi-techwonder.com\/wp-content\/uploads\/2025\/07\/1740675398_IMG_2227511-1.jpg 1500w, https:\/\/hi-techwonder.com\/wp-content\/uploads\/2025\/07\/1740675398_IMG_2227511-1-300x300.jpg 300w, https:\/\/hi-techwonder.com\/wp-content\/uploads\/2025\/07\/1740675398_IMG_2227511-1-1024x1024.jpg 1024w, https:\/\/hi-techwonder.com\/wp-content\/uploads\/2025\/07\/1740675398_IMG_2227511-1-150x150.jpg 150w, https:\/\/hi-techwonder.com\/wp-content\/uploads\/2025\/07\/1740675398_IMG_2227511-1-768x768.jpg 768w, https:\/\/hi-techwonder.com\/wp-content\/uploads\/2025\/07\/1740675398_IMG_2227511-1-600x600.jpg 600w, https:\/\/hi-techwonder.com\/wp-content\/uploads\/2025\/07\/1740675398_IMG_2227511-1-1200x1200.jpg 1200w\" sizes=\"auto, (max-width: 1500px) 100vw, 1500px\" \/><\/div><\/div>\n\n\n\n<div id=\"wd-7f5ce5cb\" class=\"wp-block-wd-gallery-item wd-col\"><div class=\"wd-block-image\"><img loading=\"lazy\" decoding=\"async\" width=\"1500\" height=\"1500\" class=\"wp-image-79823\" src=\"https:\/\/hi-techwonder.com\/wp-content\/themes\/woodmart\/images\/lazy.svg\" data-src=\"https:\/\/hi-techwonder.com\/wp-content\/uploads\/2025\/07\/1740675398_IMG_2227512-2.jpg\" alt=\"\" srcset=\"\" data-srcset=\"https:\/\/hi-techwonder.com\/wp-content\/uploads\/2025\/07\/1740675398_IMG_2227512-2.jpg 1500w, https:\/\/hi-techwonder.com\/wp-content\/uploads\/2025\/07\/1740675398_IMG_2227512-2-300x300.jpg 300w, https:\/\/hi-techwonder.com\/wp-content\/uploads\/2025\/07\/1740675398_IMG_2227512-2-1024x1024.jpg 1024w, https:\/\/hi-techwonder.com\/wp-content\/uploads\/2025\/07\/1740675398_IMG_2227512-2-150x150.jpg 150w, https:\/\/hi-techwonder.com\/wp-content\/uploads\/2025\/07\/1740675398_IMG_2227512-2-768x768.jpg 768w, https:\/\/hi-techwonder.com\/wp-content\/uploads\/2025\/07\/1740675398_IMG_2227512-2-600x600.jpg 600w, https:\/\/hi-techwonder.com\/wp-content\/uploads\/2025\/07\/1740675398_IMG_2227512-2-1200x1200.jpg 1200w\" sizes=\"auto, (max-width: 1500px) 100vw, 1500px\" \/><\/div><\/div>\n\n\n\n<div id=\"wd-a8ec0842\" class=\"wp-block-wd-gallery-item wd-col\"><div class=\"wd-block-image\"><img loading=\"lazy\" decoding=\"async\" width=\"1500\" height=\"1500\" class=\"wp-image-79827\" src=\"https:\/\/hi-techwonder.com\/wp-content\/themes\/woodmart\/images\/lazy.svg\" data-src=\"https:\/\/hi-techwonder.com\/wp-content\/uploads\/2025\/07\/1740675398_IMG_2227513-2.jpg\" alt=\"\" srcset=\"\" data-srcset=\"https:\/\/hi-techwonder.com\/wp-content\/uploads\/2025\/07\/1740675398_IMG_2227513-2.jpg 1500w, https:\/\/hi-techwonder.com\/wp-content\/uploads\/2025\/07\/1740675398_IMG_2227513-2-300x300.jpg 300w, https:\/\/hi-techwonder.com\/wp-content\/uploads\/2025\/07\/1740675398_IMG_2227513-2-1024x1024.jpg 1024w, https:\/\/hi-techwonder.com\/wp-content\/uploads\/2025\/07\/1740675398_IMG_2227513-2-150x150.jpg 150w, https:\/\/hi-techwonder.com\/wp-content\/uploads\/2025\/07\/1740675398_IMG_2227513-2-768x768.jpg 768w, https:\/\/hi-techwonder.com\/wp-content\/uploads\/2025\/07\/1740675398_IMG_2227513-2-600x600.jpg 600w, https:\/\/hi-techwonder.com\/wp-content\/uploads\/2025\/07\/1740675398_IMG_2227513-2-1200x1200.jpg 1200w\" sizes=\"auto, (max-width: 1500px) 100vw, 1500px\" \/><\/div><\/div>\n<\/div>\n\n\n\n<h3 id=\"wd-e00f652c\" class=\"wp-block-wd-title title\"><br><br>Especificaciones t\u00e9cnicas<\/h3>\n\n\n\n<figure class=\"wp-block-table\"><table class=\"has-fixed-layout\"><thead><tr><th><strong>Gimbal<\/strong><\/th><th><\/th><\/tr><\/thead><tbody><tr><td>Capacidad de carga<\/td><td>Hasta 3 kg<\/td><\/tr><tr><td>N\u00famero de ejes<\/td><td>3: Tilt, Pan, Roll<\/td><\/tr><tr><td>Rango mec\u00e1nico<\/td><td>Tilt: -112\u00b0 a 214\u00b0<br>Roll: -95\u00b0 a 240\u00b0<br>Pan: 360\u00b0<\/td><\/tr><tr><td>Velocidad m\u00e1xima de seguimiento<\/td><td>Hasta 360\u00b0\/s<\/td><\/tr><\/tbody><\/table><\/figure>\n\n\n\n<figure class=\"wp-block-table\"><table class=\"has-fixed-layout\"><thead><tr><th><strong>Compatibilidad<\/strong><\/th><th><\/th><\/tr><\/thead><tbody><tr><td>Control de c\u00e1mara<\/td><td>Compatible con modelos DJI<\/td><\/tr><\/tbody><\/table><\/figure>\n\n\n\n<figure class=\"wp-block-table\"><table class=\"has-fixed-layout\"><thead><tr><th><strong>Conectividad<\/strong><\/th><th><\/th><\/tr><\/thead><tbody><tr><td>Entradas\/Salidas<\/td><td>3x USB-C (control\/v\u00eddeo)<br>1x USB-C (carga)<\/td><\/tr><tr><td>Frecuencia inal\u00e1mbrica<\/td><td>2,4 GHz<\/td><\/tr><tr><td>Bluetooth<\/td><td>5.0<\/td><\/tr><tr><td>App compatible<\/td><td>Ronin (Android \/ iOS)<\/td><\/tr><\/tbody><\/table><\/figure>\n\n\n\n<figure class=\"wp-block-table\"><table class=\"has-fixed-layout\"><thead><tr><th><strong>Bater\u00eda<\/strong><\/th><th><\/th><\/tr><\/thead><tbody><tr><td>Tipo<\/td><td>Integrada<\/td><\/tr><tr><td>Capacidad<\/td><td>3000 mAh \/ 21 Wh<\/td><\/tr><tr><td>Autonom\u00eda<\/td><td>Hasta 12 horas<\/td><\/tr><tr><td>Tiempo de carga<\/td><td>2,5 horas (carga r\u00e1pida PD)<\/td><\/tr><tr><td>Qu\u00edmica<\/td><td>Pol\u00edmero de iones de litio (LiPo)<\/td><\/tr><tr><td>Voltaje<\/td><td>7,2 V DC<\/td><\/tr><\/tbody><\/table><\/figure>\n\n\n\n<figure class=\"wp-block-table\"><table class=\"has-fixed-layout\"><thead><tr><th><strong>Potencia y ambiente<\/strong><\/th><th><\/th><\/tr><\/thead><tbody><tr><td>Voltaje de funcionamiento<\/td><td>7,2 V DC<\/td><\/tr><tr><td>Temperatura de operaci\u00f3n<\/td><td>-20 \u00b0C a 45 \u00b0C<\/td><\/tr><\/tbody><\/table><\/figure>\n\n\n\n<figure class=\"wp-block-table\"><table class=\"has-fixed-layout\"><thead><tr><th><strong>General<\/strong><\/th><th><\/th><\/tr><\/thead><tbody><tr><td>Pantalla<\/td><td>OLED t\u00e1ctil fija con bloqueo autom\u00e1tico<\/td><\/tr><tr><td>Montaje<\/td><td>1x 1\/4\u2033 Rosca hembra<br>1x Riel NATO<\/td><\/tr><tr><td>Dimensiones<\/td><td>Plegado: 255 \u00d7 245 \u00d7 75 mm<br>Desplegado: 370 \u00d7 191 \u00d7 189 mm<\/td><\/tr><tr><td>Peso<\/td><td>1,07 kg<\/td><\/tr><\/tbody><\/table><\/figure>\n","protected":false},"excerpt":{"rendered":"<p>Estabilizador port\u00e1til con dise\u00f1o optimizado para c\u00e1maras sin espejo<br data-start=\"1157\" data-end=\"1160\" \/>Compatible con transmisores de imagen y ecosistema Ronin<br data-start=\"1218\" data-end=\"1221\" \/>Nuevas zapatas de liberaci\u00f3n r\u00e1pida para transiciones r\u00e1pidas a vertical<br data-start=\"1295\" data-end=\"1298\" \/>Personalizaci\u00f3n total del modo FPV, 3D Roll 360 y retrato<br data-start=\"1357\" data-end=\"1360\" \/>Control preciso de foco y zoom al combinar con Focus Pro Motor (no incluido)<br data-start=\"1438\" data-end=\"1441\" \/>Joystick virtual y monitoreo desde la app m\u00f3vil Ronin<br data-start=\"1496\" data-end=\"1499\" \/>Bot\u00f3n de ajuste fino para balance de c\u00e1mara a\u00fan m\u00e1s preciso<br data-start=\"1560\" data-end=\"1563\" \/>Compatible con carga durante operaci\u00f3n para sesiones prolongadas<\/p>\n","protected":false},"featured_media":69185,"comment_status":"closed","ping_status":"open","template":"","meta":{"_acf_changed":false},"product_brand":[2542],"product_cat":[1114],"product_tag":[],"class_list":{"0":"post-79747","1":"product","2":"type-product","3":"status-publish","4":"has-post-thumbnail","6":"product_brand-dji-es","7":"product_cat-estabilizadores-gimbal","9":"first","10":"outofstock","11":"taxable","12":"shipping-taxable","13":"purchasable","14":"product-type-simple"},"bundled_by":[],"bundle_stock_status":"outofstock","bundle_stock_quantity":null,"bundle_virtual":false,"bundle_layout":"","bundle_add_to_cart_form_location":"","bundle_editable_in_cart":false,"bundle_sold_individually_context":"","bundle_item_grouping":"","bundle_min_size":"","bundle_max_size":"","bundle_price":[],"bundled_items":[],"bundle_sell_ids":[],"acf":[],"_links":{"self":[{"href":"https:\/\/hi-techwonder.com\/es\/wp-json\/wp\/v2\/product\/79747","targetHints":{"allow":["GET"]}}],"collection":[{"href":"https:\/\/hi-techwonder.com\/es\/wp-json\/wp\/v2\/product"}],"about":[{"href":"https:\/\/hi-techwonder.com\/es\/wp-json\/wp\/v2\/types\/product"}],"replies":[{"embeddable":true,"href":"https:\/\/hi-techwonder.com\/es\/wp-json\/wp\/v2\/comments?post=79747"}],"wp:featuredmedia":[{"embeddable":true,"href":"https:\/\/hi-techwonder.com\/es\/wp-json\/wp\/v2\/media\/69185"}],"wp:attachment":[{"href":"https:\/\/hi-techwonder.com\/es\/wp-json\/wp\/v2\/media?parent=79747"}],"wp:term":[{"taxonomy":"product_brand","embeddable":true,"href":"https:\/\/hi-techwonder.com\/es\/wp-json\/wp\/v2\/product_brand?post=79747"},{"taxonomy":"product_cat","embeddable":true,"href":"https:\/\/hi-techwonder.com\/es\/wp-json\/wp\/v2\/product_cat?post=79747"},{"taxonomy":"product_tag","embeddable":true,"href":"https:\/\/hi-techwonder.com\/es\/wp-json\/wp\/v2\/product_tag?post=79747"}],"curies":[{"name":"wp","href":"https:\/\/api.w.org\/{rel}","templated":true}]}}