{"id":80505,"date":"2025-08-08T09:46:59","date_gmt":"2025-08-08T09:46:59","guid":{"rendered":"https:\/\/hi-techwonder.com\/?post_type=product&#038;p=80505"},"modified":"2026-02-19T17:56:28","modified_gmt":"2026-02-19T17:56:28","slug":"viltrox-af-15mm-f-1-7-air-xf-e-z","status":"publish","type":"product","link":"https:\/\/hi-techwonder.com\/es\/producto\/viltrox-af-15mm-f-1-7-air-xf-e-z\/","title":{"rendered":"Viltrox AF 15mm f\/1.7 AIR XF | E | Z"},"content":{"rendered":"<h3 data-start=\"1561\" data-end=\"1890\"><strong>Viltrox AF 15mm f\/1.7 AIR XF | E | Z<\/strong><\/h3>\n<p data-start=\"142\" data-end=\"467\">La <strong data-start=\"145\" data-end=\"173\">Viltrox AF 15mm F1.7 Air<\/strong> redefine lo que es posible en un objetivo gran angular para sistemas APS-C. Compacto, ligero e incre\u00edblemente vers\u00e1til, ofrece el equilibrio perfecto entre portabilidad y rendimiento: ideal para fot\u00f3grafos y creadores de v\u00eddeo que buscan libertad creativa sin renunciar a la calidad de imagen.<\/p>\n<p data-start=\"469\" data-end=\"746\">Con un peso de tan solo <strong data-start=\"493\" data-end=\"507\">180 gramos<\/strong>, cabe en el bolsillo, convirti\u00e9ndose en la opci\u00f3n ideal para fotograf\u00eda callejera, viajes y vlogging. Su campo de visi\u00f3n de <strong data-start=\"632\" data-end=\"641\">84,9\u00b0<\/strong> permite capturar interiores amplios, paisajes extensos y escenas urbanas con una perspectiva envolvente.<\/p>\n<p data-start=\"748\" data-end=\"1114\">La luminosa apertura de <strong data-start=\"772\" data-end=\"780\">F1.7<\/strong> permite trabajar con confianza en condiciones de poca luz, adem\u00e1s de crear fondos suavemente desenfocados y una separaci\u00f3n de sujeto con aspecto cinematogr\u00e1fico. El sistema de <strong data-start=\"957\" data-end=\"983\">autofoco con motor STM<\/strong> garantiza transiciones de enfoque suaves y silenciosas, con seguimiento ocular y facial: perfecto tanto para foto como para v\u00eddeo.<\/p>\n<p data-start=\"1116\" data-end=\"1425\">Su dise\u00f1o \u00f3ptico avanzado incluye <strong data-start=\"1150\" data-end=\"1204\">3 elementos ED, 3 de alta refracci\u00f3n y 2 asf\u00e9ricos<\/strong>, lo que asegura im\u00e1genes n\u00edtidas, con distorsi\u00f3n m\u00ednima y excelente control de aberraciones crom\u00e1ticas. Los recubrimientos antirreflejos mantienen el contraste incluso en escenas a contraluz o con fuentes de luz directa.<\/p>\n<p data-start=\"1427\" data-end=\"1642\">Como parte de la l\u00ednea <strong data-start=\"1450\" data-end=\"1465\">Viltrox Air<\/strong>, este objetivo comparte un dise\u00f1o minimalista y elegante con el resto de lentes de la serie, ofreciendo una experiencia de uso coherente y est\u00e9tica refinada en todo el sistema.<\/p>\n<p data-start=\"1644\" data-end=\"1886\">La <strong data-start=\"1647\" data-end=\"1675\">Viltrox AF 15mm F1.7 Air<\/strong> no solo ofrece un alto rendimiento a un precio accesible, sino que tambi\u00e9n hace que la fotograf\u00eda gran angular sea divertida, pr\u00e1ctica y con estilo \u2014 tanto para principiantes como para creadores experimentados.<\/p>\n<p data-start=\"3031\" data-end=\"3251\"><img loading=\"lazy\" decoding=\"async\" class=\"alignnone wp-image-41577 size-large\" src=\"https:\/\/hi-techwonder.com\/wp-content\/themes\/woodmart\/images\/lazy.svg\" data-src=\"https:\/\/viltrox.es\/wp-content\/uploads\/2025\/07\/DSC_0152-1024x683.jpg\" alt=\"\" width=\"1024\" height=\"683\"><\/p>\n<p data-start=\"118\" data-end=\"137\"><strong data-start=\"118\" data-end=\"137\">Caracter\u00edsticas<\/strong><\/p>\n<ul>\n<li data-start=\"141\" data-end=\"228\">Gran angular compacta para sistemas APS-C (equivalente a 22,5\u202fmm en formato completo)<\/li>\n<li data-start=\"231\" data-end=\"310\">Abertura m\u00e1xima F1.7 ideal para fotograf\u00eda nocturna o interiores con poca luz<\/li>\n<li data-start=\"313\" data-end=\"395\">Sistema de autofoco r\u00e1pido y silencioso con motor STM \u2014 ideal tambi\u00e9n para v\u00eddeo<\/li>\n<li data-start=\"398\" data-end=\"465\">Compatible con seguimiento ocular y facial en c\u00e1maras compatibles<\/li>\n<li data-start=\"468\" data-end=\"538\">Construcci\u00f3n \u00f3ptica con elementos ED, asf\u00e9ricos y de alta refracci\u00f3n<\/li>\n<li data-start=\"541\" data-end=\"612\">Revestimiento del elemento frontal resistente al agua y a la suciedad<\/li>\n<li data-start=\"615\" data-end=\"691\">Montura met\u00e1lica robusta con puerto USB-C para actualizaciones de firmware<\/li>\n<li data-start=\"694\" data-end=\"731\">Rosca frontal para filtros de 58\u202fmm<\/li>\n<\/ul>\n<h3 data-start=\"794\" data-end=\"817\"><img loading=\"lazy\" decoding=\"async\" class=\"alignnone size-large wp-image-41579\" style=\"font-size: 16px;\" src=\"https:\/\/hi-techwonder.com\/wp-content\/themes\/woodmart\/images\/lazy.svg\" data-src=\"https:\/\/viltrox.es\/wp-content\/uploads\/2025\/07\/DSC3151-1024x683.jpg\" alt=\"\" width=\"1024\" height=\"683\"><\/h3>\n<p data-start=\"87\" data-end=\"113\"><strong data-start=\"87\" data-end=\"111\">Contenido de la caja<\/strong><\/p>\n<ul>\n<li data-start=\"116\" data-end=\"154\">1x Objetivo Viltrox AF 15mm F1.7 Air<\/li>\n<li data-start=\"157\" data-end=\"174\">1x Tapa frontal<\/li>\n<li data-start=\"177\" data-end=\"194\">1x Tapa trasera<\/li>\n<li data-start=\"197\" data-end=\"221\">1x Bolsa de transporte<\/li>\n<li data-start=\"224\" data-end=\"246\">1x Manual de usuario<\/li>\n<\/ul>\n<p><img loading=\"lazy\" decoding=\"async\" class=\"alignnone size-large wp-image-41581\" src=\"https:\/\/hi-techwonder.com\/wp-content\/themes\/woodmart\/images\/lazy.svg\" data-src=\"https:\/\/viltrox.es\/wp-content\/uploads\/2025\/07\/DSC3171-1024x683.jpeg\" alt=\"\" width=\"1024\" height=\"683\"><\/p>\n<p data-start=\"117\" data-end=\"146\"><strong data-start=\"117\" data-end=\"146\">Especificaciones t\u00e9cnicas<\/strong><\/p>\n<div class=\"_tableContainer_16hzy_1\">\n<div class=\"_tableWrapper_16hzy_14 group flex w-fit flex-col-reverse\" tabindex=\"-1\">\n<table class=\"w-fit min-w-(--thread-content-width)\" data-start=\"148\" data-end=\"1603\">\n<thead data-start=\"148\" data-end=\"253\">\n<tr data-start=\"148\" data-end=\"253\">\n<th data-start=\"148\" data-end=\"178\" data-col-size=\"sm\">Especificaci\u00f3n<\/th>\n<th data-start=\"178\" data-end=\"253\" data-col-size=\"md\">Detalle<\/th>\n<\/tr>\n<\/thead>\n<tbody data-start=\"358\" data-end=\"1603\">\n<tr data-start=\"358\" data-end=\"461\">\n<td data-start=\"358\" data-end=\"387\" data-col-size=\"sm\">Montura<\/td>\n<td data-start=\"387\" data-end=\"461\" data-col-size=\"md\">Disponible para Fuji X \/ Sony E \/ Nikon Z APS-C<\/td>\n<\/tr>\n<tr data-start=\"462\" data-end=\"565\">\n<td data-start=\"462\" data-end=\"491\" data-col-size=\"sm\">Distancia focal equivalente<\/td>\n<td data-start=\"491\" data-end=\"565\" data-col-size=\"md\">22,5 mm (en full-frame)<\/td>\n<\/tr>\n<tr data-start=\"566\" data-end=\"669\">\n<td data-start=\"566\" data-end=\"595\" data-col-size=\"sm\">Apertura m\u00e1xima<\/td>\n<td data-col-size=\"md\" data-start=\"595\" data-end=\"669\">F1.7<\/td>\n<\/tr>\n<tr data-start=\"670\" data-end=\"773\">\n<td data-start=\"670\" data-end=\"699\" data-col-size=\"sm\">Apertura m\u00ednima<\/td>\n<td data-col-size=\"md\" data-start=\"699\" data-end=\"773\">F16<\/td>\n<\/tr>\n<tr data-start=\"774\" data-end=\"877\">\n<td data-start=\"774\" data-end=\"803\" data-col-size=\"sm\">\u00c1ngulo de visi\u00f3n<\/td>\n<td data-col-size=\"md\" data-start=\"803\" data-end=\"877\">84,9\u00b0<\/td>\n<\/tr>\n<tr data-start=\"878\" data-end=\"981\">\n<td data-start=\"878\" data-end=\"907\" data-col-size=\"sm\">Construcci\u00f3n \u00f3ptica<\/td>\n<td data-col-size=\"md\" data-start=\"907\" data-end=\"981\">10 elementos en 8 grupos (incluye 3 ED, 3 HR y 2 asf\u00e9ricos)<\/td>\n<\/tr>\n<tr data-start=\"982\" data-end=\"1085\">\n<td data-start=\"982\" data-end=\"1011\" data-col-size=\"sm\">Autofoco<\/td>\n<td data-col-size=\"md\" data-start=\"1011\" data-end=\"1085\">Motor STM con seguimiento ocular\/facial<\/td>\n<\/tr>\n<tr data-start=\"1086\" data-end=\"1189\">\n<td data-start=\"1086\" data-end=\"1115\" data-col-size=\"sm\">Rosca para filtros<\/td>\n<td data-col-size=\"md\" data-start=\"1115\" data-end=\"1189\">58 mm<\/td>\n<\/tr>\n<tr data-start=\"1190\" data-end=\"1292\">\n<td data-start=\"1190\" data-end=\"1219\" data-col-size=\"sm\">Revestimientos<\/td>\n<td data-col-size=\"md\" data-start=\"1219\" data-end=\"1292\">Frontal resistente al agua y suciedad + revestimiento antirreflejos<\/td>\n<\/tr>\n<tr data-start=\"1293\" data-end=\"1396\">\n<td data-start=\"1293\" data-end=\"1322\" data-col-size=\"sm\">Puerto de actualizaci\u00f3n<\/td>\n<td data-col-size=\"md\" data-start=\"1322\" data-end=\"1396\">USB-C (firmware)<\/td>\n<\/tr>\n<tr data-start=\"1397\" data-end=\"1500\">\n<td data-start=\"1397\" data-end=\"1426\" data-col-size=\"sm\">Peso<\/td>\n<td data-start=\"1426\" data-end=\"1500\" data-col-size=\"md\">180 g<\/td>\n<\/tr>\n<tr data-start=\"1501\" data-end=\"1603\">\n<td data-start=\"1501\" data-end=\"1530\" data-col-size=\"sm\">Dimensiones (aprox.)<\/td>\n<td data-col-size=\"md\" data-start=\"1530\" data-end=\"1603\">65 mm (di\u00e1metro) \u00d7 60 mm (longitud)<\/td>\n<\/tr>\n<\/tbody>\n<\/table>\n<\/div>\n<\/div>\n","protected":false},"excerpt":{"rendered":"<ul>\n<li data-start=\"109\" data-end=\"174\">Objetivo gran angular ligero y port\u00e1til, con solo 180\u202fg de peso<\/li>\n<li data-start=\"177\" data-end=\"259\">Luminoso diafragma F1.7 para escenas con poca luz y desenfoque natural del fondo<\/li>\n<li data-start=\"262\" data-end=\"333\">\u00c1ngulo de visi\u00f3n de 84,9\u00b0 (equivalente a 22,5\u202fmm en formato completo)<\/li>\n<li data-start=\"336\" data-end=\"395\">Autofoco r\u00e1pido y preciso con detecci\u00f3n de ojos y rostros<\/li>\n<li data-start=\"398\" data-end=\"477\">Dise\u00f1o \u00f3ptico avanzado con 3 elementos ED, 3 de alta refracci\u00f3n y 2 asf\u00e9ricos<\/li>\n<li data-start=\"480\" data-end=\"553\">Recubrimientos especiales para reducir reflejos y mantener el contraste<\/li>\n<li data-start=\"556\" data-end=\"616\">Construcci\u00f3n compacta y coherente con la l\u00ednea Viltrox Air<\/li>\n<li data-start=\"619\" data-end=\"688\">Ideal para creadores que valoran portabilidad, estilo y rendimiento<\/li>\n<\/ul>\n","protected":false},"featured_media":80678,"comment_status":"open","ping_status":"closed","template":"","meta":{"_acf_changed":false},"product_brand":[2544],"product_cat":[1062],"product_tag":[],"class_list":{"0":"post-80505","1":"product","2":"type-product","3":"status-publish","4":"has-post-thumbnail","6":"product_brand-viltrox-es","7":"product_cat-mirrorless-objectivos","8":"pa_abertura-maxima-f-1-7-es","9":"pa_cor-negro","10":"pa_diametro-58mm-es","11":"pa_estabilizacao-de-imagem-no","12":"pa_montagem-da-objetiva-fujifilm-x-es","13":"pa_montagem-da-objetiva-nikon-z-es","14":"pa_montagem-da-objetiva-sony-e-es","15":"pa_sensor-aps-c-es","16":"pa_tipo-de-foco-enfoque-automatico","17":"pa_tipo-de-objetiva-gran-angular","18":"pa_zoom-fixa-fijo","20":"first","21":"instock","22":"taxable","23":"shipping-taxable","24":"purchasable","25":"product-type-variable"},"bundled_by":[],"bundle_stock_status":"instock","bundle_stock_quantity":null,"bundle_virtual":false,"bundle_layout":"","bundle_add_to_cart_form_location":"","bundle_editable_in_cart":false,"bundle_sold_individually_context":"","bundle_item_grouping":"","bundle_min_size":"","bundle_max_size":"","bundle_price":[],"bundled_items":[],"bundle_sell_ids":[],"acf":[],"_links":{"self":[{"href":"https:\/\/hi-techwonder.com\/es\/wp-json\/wp\/v2\/product\/80505","targetHints":{"allow":["GET"]}}],"collection":[{"href":"https:\/\/hi-techwonder.com\/es\/wp-json\/wp\/v2\/product"}],"about":[{"href":"https:\/\/hi-techwonder.com\/es\/wp-json\/wp\/v2\/types\/product"}],"replies":[{"embeddable":true,"href":"https:\/\/hi-techwonder.com\/es\/wp-json\/wp\/v2\/comments?post=80505"}],"wp:featuredmedia":[{"embeddable":true,"href":"https:\/\/hi-techwonder.com\/es\/wp-json\/wp\/v2\/media\/80678"}],"wp:attachment":[{"href":"https:\/\/hi-techwonder.com\/es\/wp-json\/wp\/v2\/media?parent=80505"}],"wp:term":[{"taxonomy":"product_brand","embeddable":true,"href":"https:\/\/hi-techwonder.com\/es\/wp-json\/wp\/v2\/product_brand?post=80505"},{"taxonomy":"product_cat","embeddable":true,"href":"https:\/\/hi-techwonder.com\/es\/wp-json\/wp\/v2\/product_cat?post=80505"},{"taxonomy":"product_tag","embeddable":true,"href":"https:\/\/hi-techwonder.com\/es\/wp-json\/wp\/v2\/product_tag?post=80505"}],"curies":[{"name":"wp","href":"https:\/\/api.w.org\/{rel}","templated":true}]}}